{"id":118722,"date":"2026-03-06T00:00:00","date_gmt":"2026-03-05T23:00:00","guid":{"rendered":"https:\/\/gpl-love.com\/fr\/produit\/newsletter-autoresponder\/"},"modified":"2026-04-10T18:33:39","modified_gmt":"2026-04-10T16:33:39","slug":"newsletter-autoresponder","status":"publish","type":"product","link":"https:\/\/gpl-love.com\/fr\/produit\/newsletter-autoresponder\/","title":{"rendered":"Newsletter Autoresponder 1.6.9"},"content":{"rendered":"<h3>Newsletter Autoresponder Traits<\/h3>\n<p>Pr\u00e9sentation de notre bulletin automatique de newsletter, un outil exceptionnel con\u00e7u sp\u00e9cifiquement pour les entreprises cherchant \u00e0 optimiser et \u00e0 am\u00e9liorer leurs efforts de marketing par e-mail. Ce logiciel remarquable vous permet de g\u00e9n\u00e9rer et d&rsquo;envoyer des newsletters sur mesure sans effort \u00e0 vos abonn\u00e9s estim\u00e9s, \u00e9liminant la t\u00e2che ardue de diffuser manuellement chacun. La fonction de pond\u00e9ration automatique vous permet de pr\u00e9-t\u00e9l\u00e9dule des newsletters, garantissant la livraison ponctuelle et la correspondance in\u00e9branlable avec votre public estim\u00e9. En outre, notre logiciel de pointe profite d&rsquo;analyses approfondies sur les taux d&rsquo;ouverture des e-mails, les taux de clics et un \u00e9ventail d&rsquo;autres mesures, vous donnant des informations inestimables sur l&rsquo;efficacit\u00e9 de vos campagnes. Offrez des adieux \u00e0 un marketing par e-mail laborieux et adoptez l&rsquo;\u00e8re de la communication efficace et cibl\u00e9e gracieuset\u00e9 de notre r\u00e9pondeur automatique de newsletter in\u00e9gal\u00e9.<\/p>\n<ul>\n<li>Automate le processus d&rsquo;envoi de newsletters aux abonn\u00e9s<\/li>\n<li>Envoie des e-mails personnalis\u00e9s \u00e0 chaque abonn\u00e9 de votre liste<\/li>\n<li>Cr\u00e9e un canal de communication efficace et efficace entre vous et vos abonn\u00e9s<\/li>\n<li>Aide \u00e0 la fid\u00e9lit\u00e9 et \u00e0 la satisfaction des clients de la marque en tirant des abonn\u00e9s inform\u00e9s et engag\u00e9s<\/li>\n<li>Fournit des analyses d\u00e9taill\u00e9es pour mesurer le succ\u00e8s de vos newsletters et am\u00e9liorer les futures campagnes<\/li>\n<li>R\u00e9duit la charge de travail pour vous et votre \u00e9quipe en g\u00e9rant automatiquement la distribution de newsletter<\/li>\n<li>Offre une gamme de mod\u00e8les personnalisables pour correspondre \u00e0 l&rsquo;esth\u00e9tique et \u00e0 la personnalit\u00e9 de votre marque<\/li>\n<li>S&rsquo;int\u00e8gre facilement aux fournisseurs de services de messagerie populaires comme MailChimp et un contact constant<\/li>\n<li>Vous permet de segmenter vos abonn\u00e9s par int\u00e9r\u00eat et niveau d&rsquo;engagement pour une messagerie plus cibl\u00e9e<\/li>\n<li>\u00c9conomisez du temps, de l&rsquo;argent et des ressources en rationalisant votre processus de newsletter.<\/li>\n<\/ul>\n","protected":false},"excerpt":{"rendered":"<p>Le bulletin automatique de la newsletter, un outil incroyablement robuste, a \u00e9t\u00e9 sp\u00e9cialement d\u00e9velopp\u00e9 pour automatiser et rationaliser vos campagnes de marketing par e-mail, am\u00e9liorant ainsi vos efforts de marketing globaux. Son interface hautement intuitive et ses fonctionnalit\u00e9s avanc\u00e9es vous permettent de g\u00e9n\u00e9rer et d&rsquo;envoyer des newsletters captivantes sans effort \u00e0 votre pr\u00e9cieuse base d&rsquo;abonn\u00e9s, sans avoir \u00e0 exercer de main-d&rsquo;\u0153uvre manuelle. Cette solution logicielle exceptionnelle est non seulement id\u00e9ale pour les propri\u00e9taires de petites entreprises, mais \u00e9galement indispensable pour les professionnels du marketing chevronn\u00e9s, car il leur permet de g\u00e9rer et de contr\u00f4ler efficacement leurs communications par e-mail, tout en conduisant simultan\u00e9ment un afflux augment\u00e9 de trafic Web vers leurs plateformes en ligne. Alors pourquoi en tarder davantage? Faites le pas, profitez-vous du journal automatique de la newsletter aujourd&rsquo;hui et lancez-vous dans le parcours de tirer parti de la multitude d&rsquo;avantages que le marketing par e-mail automatis\u00e9 a \u00e0 offrir.<\/p>\n","protected":false},"featured_media":144726,"comment_status":"open","ping_status":"open","template":"","meta":[],"product_brand":[2602],"product_cat":[1207,1181,1186],"product_tag":[2261],"class_list":{"0":"post-118722","1":"product","2":"type-product","3":"status-publish","4":"has-post-thumbnail","6":"product_brand-newsletter","7":"product_cat-commercialisation-wordpress-plugins","8":"product_cat-plugins","9":"product_cat-wordpress-plugins","10":"product_tag-newsletter","11":"member-discount","12":"discount-restricted","14":"first","15":"instock","16":"sale","17":"downloadable","18":"virtual","19":"sold-individually","20":"purchasable","21":"product-type-simple"},"_links":{"self":[{"href":"https:\/\/gpl-love.com\/fr\/wp-json\/wp\/v2\/product\/118722","targetHints":{"allow":["GET"]}}],"collection":[{"href":"https:\/\/gpl-love.com\/fr\/wp-json\/wp\/v2\/product"}],"about":[{"href":"https:\/\/gpl-love.com\/fr\/wp-json\/wp\/v2\/types\/product"}],"replies":[{"embeddable":true,"href":"https:\/\/gpl-love.com\/fr\/wp-json\/wp\/v2\/comments?post=118722"}],"wp:featuredmedia":[{"embeddable":true,"href":"https:\/\/gpl-love.com\/fr\/wp-json\/wp\/v2\/media\/144726"}],"wp:attachment":[{"href":"https:\/\/gpl-love.com\/fr\/wp-json\/wp\/v2\/media?parent=118722"}],"wp:term":[{"taxonomy":"product_brand","embeddable":true,"href":"https:\/\/gpl-love.com\/fr\/wp-json\/wp\/v2\/product_brand?post=118722"},{"taxonomy":"product_cat","embeddable":true,"href":"https:\/\/gpl-love.com\/fr\/wp-json\/wp\/v2\/product_cat?post=118722"},{"taxonomy":"product_tag","embeddable":true,"href":"https:\/\/gpl-love.com\/fr\/wp-json\/wp\/v2\/product_tag?post=118722"}],"curies":[{"name":"wp","href":"https:\/\/api.w.org\/{rel}","templated":true}]}}