{"id":118720,"date":"2025-06-13T00:00:00","date_gmt":"2025-06-12T22:00:00","guid":{"rendered":"https:\/\/gpl-love.com\/fr\/produit\/learndash-visual-customizer\/"},"modified":"2026-03-20T23:22:04","modified_gmt":"2026-03-20T22:22:04","slug":"learndash-visual-customizer","status":"publish","type":"product","link":"https:\/\/gpl-love.com\/fr\/produit\/learndash-visual-customizer\/","title":{"rendered":"LearnDash Visual Customizer 2.3.17"},"content":{"rendered":"<h3>LearnDash Visual Customizer Traits<\/h3>\n<p>Le personnalisateur visuel Learndash, un outil hautement formidable, est con\u00e7u pour donner aux utilisateurs les utilisateurs dans la cr\u00e9ation de cours en ligne visuellement captivants et captivants. Gr\u00e2ce \u00e0 son interface de glisser-d\u00e9poser par les utilisateurs, les individus ont la commodit\u00e9 d&rsquo;adapter sans effort l&rsquo;esth\u00e9tique et l&rsquo;ambiance de leurs cours, englobant des aspects tels que les polices, les couleurs, la mise en page et bien plus encore. De plus, ce plugin s&rsquo;accompagne d&rsquo;une gamme de mod\u00e8les et de widgets pr\u00e9d\u00e9finis qui peuvent \u00eatre modifi\u00e9s de mani\u00e8re transparente pour s&rsquo;aligner au mieux sur n&rsquo;importe quelle marque ou style. En outre, le personnalisateur Visual Learndash s&rsquo;int\u00e8gre parfaitement \u00e0 LearnDash LMS, accordant aux utilisateurs la facilit\u00e9 de g\u00e9rer habilement leurs cours et de suivre avec diligence les progr\u00e8s de l&rsquo;apprenant. Que l&rsquo;on soit un novice ou un designer chevronn\u00e9, ce plugin est un composant essentiel pour tous ceux qui cherchent \u00e0 engendrer des cours d&rsquo;apprentissage en ligne de haut niveau de qualit\u00e9 exceptionnelle.<\/p>\n<ul>\n<li>Conception visuelle personnalisable pour les cours Learndash<\/li>\n<li>Changer facilement les tailles, les couleurs et les styles de police<\/li>\n<li>Possibilit\u00e9 d&rsquo;ajouter des CSS personnalis\u00e9s pour un contr\u00f4le encore plus fin<\/li>\n<li>Interface simple de glisser-d\u00e9poser pour r\u00e9organiser les \u00e9l\u00e9ments de cours<\/li>\n<li>Aucune exp\u00e9rience de codage n\u00e9cessaire<\/li>\n<li>Compatible avec tout th\u00e8me Learndash<\/li>\n<li>Am\u00e9liorer l&rsquo;engagement des cours avec une conception professionnelle et coh\u00e9rente<\/li>\n<li>Cr\u00e9ez une exp\u00e9rience de marque unique pour vos apprenants<\/li>\n<li>Gagnez du temps et des tracas en \u00e9vitant le codage manuel CSS<\/li>\n<li>Recevez des mises \u00e0 jour et une prise en charge en cours pour le personnalisateur visuel<\/li>\n<\/ul>\n","protected":false},"excerpt":{"rendered":"<p>Le Custarsizer Visual Learndash, un outil incroyablement puissant, vous offre la possibilit\u00e9 d&rsquo;adapter sans effort vos cours Learndash en utilisant une interface de glisser-d\u00e9poser intuitivement navigable. Ce produit exceptionnel vous permet de fabriquer rapidement et de mani\u00e8re transparente des cours captivants et esth\u00e9tiques qui soutiendront efficacement l&rsquo;int\u00e9r\u00eat et l&rsquo;enthousiasme de vos apprenants. Que vous vous retrouviez \u00e0 cr\u00e9er des cours pour votre \u00e9quipe estim\u00e9e, vos clients estim\u00e9s ou pour votre propre \u00e9dification personnelle, le personnalisateur Visual Learndash s&rsquo;av\u00e8re \u00eatre la solution par excellence pour construire des exp\u00e9riences d&rsquo;apprentissage en ligne premium. Pourquoi tergiverser? Faites le pas et donnez-lui un tourbillon aujourd&rsquo;hui pour assister \u00e0 l&rsquo;impact transformateur profond que cela peut avoir sur vos efforts d&rsquo;apprentissage en ligne.<\/p>\n","protected":false},"featured_media":144349,"comment_status":"open","ping_status":"open","template":"","meta":[],"product_brand":[2579],"product_cat":[1189,1181,1186],"product_tag":[1295],"class_list":{"0":"post-118720","1":"product","2":"type-product","3":"status-publish","4":"has-post-thumbnail","6":"product_brand-learndash","7":"product_cat-personnalisation","8":"product_cat-plugins","9":"product_cat-wordpress-plugins","10":"product_tag-learndash","11":"member-discount","12":"discount-restricted","14":"first","15":"instock","16":"sale","17":"downloadable","18":"virtual","19":"sold-individually","20":"purchasable","21":"product-type-simple"},"_links":{"self":[{"href":"https:\/\/gpl-love.com\/fr\/wp-json\/wp\/v2\/product\/118720","targetHints":{"allow":["GET"]}}],"collection":[{"href":"https:\/\/gpl-love.com\/fr\/wp-json\/wp\/v2\/product"}],"about":[{"href":"https:\/\/gpl-love.com\/fr\/wp-json\/wp\/v2\/types\/product"}],"replies":[{"embeddable":true,"href":"https:\/\/gpl-love.com\/fr\/wp-json\/wp\/v2\/comments?post=118720"}],"wp:featuredmedia":[{"embeddable":true,"href":"https:\/\/gpl-love.com\/fr\/wp-json\/wp\/v2\/media\/144349"}],"wp:attachment":[{"href":"https:\/\/gpl-love.com\/fr\/wp-json\/wp\/v2\/media?parent=118720"}],"wp:term":[{"taxonomy":"product_brand","embeddable":true,"href":"https:\/\/gpl-love.com\/fr\/wp-json\/wp\/v2\/product_brand?post=118720"},{"taxonomy":"product_cat","embeddable":true,"href":"https:\/\/gpl-love.com\/fr\/wp-json\/wp\/v2\/product_cat?post=118720"},{"taxonomy":"product_tag","embeddable":true,"href":"https:\/\/gpl-love.com\/fr\/wp-json\/wp\/v2\/product_tag?post=118720"}],"curies":[{"name":"wp","href":"https:\/\/api.w.org\/{rel}","templated":true}]}}