{"id":118718,"date":"2025-10-29T00:00:00","date_gmt":"2025-10-28T23:00:00","guid":{"rendered":"https:\/\/gpl-love.com\/fr\/produit\/automatorwp-buddyboss\/"},"modified":"2026-03-20T22:55:21","modified_gmt":"2026-03-20T21:55:21","slug":"automatorwp-buddyboss","status":"publish","type":"product","link":"https:\/\/gpl-love.com\/fr\/produit\/automatorwp-buddyboss\/","title":{"rendered":"AutomatorWP BuddyBoss 1.7.6"},"content":{"rendered":"<h3>AutomatorWP BuddyBoss Traits<\/h3>\n<p>Le plugin Automatorwp BuddyBoss, avec ses capacit\u00e9s robustes, sert d&rsquo;outil inestimable qui permet aux utilisateurs de m\u00e9caniser sans effort une gamme diversifi\u00e9e de t\u00e2ches dans leur site communautaire BuddyBoss. En exploitant le potentiel de ce plugin, les utilisateurs acqui\u00e8rent la possibilit\u00e9 de g\u00e9rer des workflows qui automatisent de mani\u00e8re transparente un \u00e9ventail d&rsquo;actions, allant de la facilitation de la correspondance par e-mail \u00e0 la cr\u00e9ation de comptes d&rsquo;utilisateurs frais et de l&rsquo;attribution des r\u00f4les. En substance, ce plugin accorde aux utilisateurs la libert\u00e9 d&rsquo;adapter leurs sites communautaires d&rsquo;une mani\u00e8re qui optimise leur exp\u00e9rience globale. De plus, le plugin Automatorwp BuddyBoss se distingue \u00e0 travers sa nature conviviale, car il propose une interface de glisser-d\u00e9poser intuitive qui rationalise le processus de fabrication de flux de travail complexes. Ainsi, ce plugin appara\u00eet comme un atout indispensable pour les personnes cherchant \u00e0 rationaliser leur flux de travail et \u00e0 am\u00e9liorer l&rsquo;efficacit\u00e9 de leur site communautaire BuddyBoss.<\/p>\n<ul>\n<li>Permet l&rsquo;automatisation des t\u00e2ches sur un site Web BuddyBoss<\/li>\n<li>Int\u00e9gre parfaitement avec Automatorwp<\/li>\n<li>Gagnez du temps en supprimant le besoin d&rsquo;ach\u00e8vement des t\u00e2ches manuelles<\/li>\n<li>Augmente la productivit\u00e9 en automatisant les t\u00e2ches de routine<\/li>\n<li>Offre une interface conviviale pour la cr\u00e9ation d&rsquo;automations personnalis\u00e9es<\/li>\n<li>Offre une gamme de d\u00e9clencheurs et d&rsquo;actions pour la personnalisation<\/li>\n<li>Permet aux utilisateurs de cr\u00e9er des r\u00e8gles de d\u00e9clenchement sans aucune connaissance de codage<\/li>\n<li>Offre une fonctionnalit\u00e9 fiable pour l&rsquo;ach\u00e8vement des t\u00e2ches automatiques<\/li>\n<li>Compatible avec une gamme de plugins et d&rsquo;extensions<\/li>\n<li>Solution de r\u00e9duction de l&rsquo;auto-automatisation rentable<\/li>\n<li>\u00c9conomise un temps pr\u00e9cieux et augmente l&rsquo;efficacit\u00e9 des propri\u00e9taires de sites Web de BuddyBoss<\/li>\n<\/ul>\n","protected":false},"excerpt":{"rendered":"<p>D\u00e9couvrez le summum de l&rsquo;automatisation avec AutomatorWP BuddyBoss, un puissant outil d&rsquo;int\u00e9gration pour votre site WordPress. Avec BuddyBoss, vous pouvez cr\u00e9er des workflows automatis\u00e9s qui rationalisent vos processus, vous faisant gagner du temps et des efforts. Le logiciel est facile \u00e0 utiliser, vous permettant de configurer des d\u00e9clencheurs et des actions sur votre site, \u00e0 partir des inscriptions des utilisateurs pour former des soumissions et plus encore. AutomatorWP BuddyBoss assure une int\u00e9gration transparente avec vos plugins WordPress, am\u00e9liorant leur fonctionnalit\u00e9 et leur efficacit\u00e9. De plus, ses fonctionnalit\u00e9s robustes en font un incontournable pour les entreprises qui cherchent \u00e0 optimiser leurs op\u00e9rations en ligne. D\u00e9couvrez les avantages de l&rsquo;automatisation aujourd&rsquo;hui avec AutomatorWP BuddyBoss.<\/p>\n","protected":false},"featured_media":143178,"comment_status":"open","ping_status":"open","template":"","meta":[],"product_brand":[2464],"product_cat":[1187,1181,1186],"product_tag":[2260],"class_list":{"0":"post-118718","1":"product","2":"type-product","3":"status-publish","4":"has-post-thumbnail","6":"product_brand-automatorwp","7":"product_cat-administration-wordpress-plugins","8":"product_cat-plugins","9":"product_cat-wordpress-plugins","10":"product_tag-automatorwp","11":"member-discount","12":"discount-restricted","14":"first","15":"instock","16":"sale","17":"downloadable","18":"virtual","19":"sold-individually","20":"purchasable","21":"product-type-simple"},"_links":{"self":[{"href":"https:\/\/gpl-love.com\/fr\/wp-json\/wp\/v2\/product\/118718","targetHints":{"allow":["GET"]}}],"collection":[{"href":"https:\/\/gpl-love.com\/fr\/wp-json\/wp\/v2\/product"}],"about":[{"href":"https:\/\/gpl-love.com\/fr\/wp-json\/wp\/v2\/types\/product"}],"replies":[{"embeddable":true,"href":"https:\/\/gpl-love.com\/fr\/wp-json\/wp\/v2\/comments?post=118718"}],"wp:featuredmedia":[{"embeddable":true,"href":"https:\/\/gpl-love.com\/fr\/wp-json\/wp\/v2\/media\/143178"}],"wp:attachment":[{"href":"https:\/\/gpl-love.com\/fr\/wp-json\/wp\/v2\/media?parent=118718"}],"wp:term":[{"taxonomy":"product_brand","embeddable":true,"href":"https:\/\/gpl-love.com\/fr\/wp-json\/wp\/v2\/product_brand?post=118718"},{"taxonomy":"product_cat","embeddable":true,"href":"https:\/\/gpl-love.com\/fr\/wp-json\/wp\/v2\/product_cat?post=118718"},{"taxonomy":"product_tag","embeddable":true,"href":"https:\/\/gpl-love.com\/fr\/wp-json\/wp\/v2\/product_tag?post=118718"}],"curies":[{"name":"wp","href":"https:\/\/api.w.org\/{rel}","templated":true}]}}