{"id":118716,"date":"2024-11-07T00:00:00","date_gmt":"2024-11-06T23:00:00","guid":{"rendered":"https:\/\/gpl-love.com\/fr\/produit\/automatorwp-buddypress\/"},"modified":"2026-03-20T22:55:22","modified_gmt":"2026-03-20T21:55:22","slug":"automatorwp-buddypress","status":"publish","type":"product","link":"https:\/\/gpl-love.com\/fr\/produit\/automatorwp-buddypress\/","title":{"rendered":"AutomatorWP BuddyPress 1.5.2"},"content":{"rendered":"<h3>AutomatorWP BuddyPress Traits<\/h3>\n<p>AutomatorWP BuddYPress, un plugin tr\u00e8s puissant pour WordPress, offre aux utilisateurs un moyen tr\u00e8s efficace et tr\u00e8s efficace d&rsquo;automatiser les diff\u00e9rentes t\u00e2ches associ\u00e9es aux sites Web communautaires. Son int\u00e9gration transparente avec le plugin BuddyPress garantit que l&rsquo;automatisation des t\u00e2ches telles que l&rsquo;enregistrement des utilisateurs, la gestion de groupe et les notifications devient un jeu d&rsquo;enfant. En tirant parti de Automatorwp Buddypress, les utilisateurs sont autoris\u00e9s \u00e0 cr\u00e9er des workflows automatis\u00e9s qui peuvent \u00eatre d\u00e9clench\u00e9s par des \u00e9v\u00e9nements ou des actions utilisateur sp\u00e9cifiques, leur permettant de r\u00e9aliser automatiquement une vaste gamme d&rsquo;actions. Ce plugin est particuli\u00e8rement inestimable pour les propri\u00e9taires de sites Web cherchant \u00e0 rationaliser leurs responsabilit\u00e9s de gestion communautaire, am\u00e9liorant ainsi l&rsquo;efficacit\u00e9 globale de leurs sites Web. Que vous soyez un propri\u00e9taire de site Web ou un d\u00e9veloppeur, soyez assur\u00e9 que Automatorwp Buddypress est la solution id\u00e9ale pour automatiser sans effort votre site Web bas\u00e9 sur Buddypress.<\/p>\n<ul>\n<li>AutomatorWP Buddypress est un plugin qui vous aide \u00e0 automatiser facilement votre communaut\u00e9 BuddyPress.<\/li>\n<li>Vous pouvez l&rsquo;utiliser pour cr\u00e9er des flux de travail et des d\u00e9clencheurs personnalis\u00e9s qui aident \u00e0 rationaliser et \u00e0 simplifier vos t\u00e2ches de gestion communautaire.<\/li>\n<li>Le plugin propose une large gamme d&rsquo;int\u00e9grations pro, notamment Slack, Zapier, MailChimp, etc.<\/li>\n<li>Vous pouvez facilement configurer des workflows pour automatiser des t\u00e2ches comme l&rsquo;enregistrement des utilisateurs, la publication de publication et la messagerie priv\u00e9e.<\/li>\n<li>Le plugin propose \u00e9galement une fonctionnalit\u00e9 de planification puissante qui vous permet de planifier des t\u00e2ches et des workflows pour fonctionner \u00e0 des moments ou des intervalles sp\u00e9cifiques.<\/li>\n<li>Avec AutomatorWP Buddypress, vous pouvez gagner du temps et augmenter l&rsquo;efficacit\u00e9 dans la gestion de votre communaut\u00e9 en ligne.<\/li>\n<li>Le plugin est facile \u00e0 installer et \u00e0 configurer, m\u00eame si vous avez des connaissances techniques limit\u00e9es.<\/li>\n<li>Il est enti\u00e8rement personnalisable, ce qui signifie que vous pouvez cr\u00e9er des workflows adapt\u00e9s \u00e0 vos besoins sp\u00e9cifiques.<\/li>\n<li>AutomatorWP Buddypress est r\u00e9guli\u00e8rement mis \u00e0 jour et est livr\u00e9 avec un excellent support client pour vous assurer de tirer le meilleur parti du plugin.<\/li>\n<li>Que vous g\u00e9riez une petite communaut\u00e9 en ligne ou une grande, AutomatorWP BuddyPress peut vous aider \u00e0 automatiser les t\u00e2ches et \u00e0 rationaliser vos workflows, \u00e0 vous faire gagner du temps et \u00e0 augmenter la productivit\u00e9.<\/li>\n<\/ul>\n","protected":false},"excerpt":{"rendered":"<p>AutomatorWP Buddypress est un plugin premium con\u00e7u pour optimiser votre exp\u00e9rience WordPress. Avec ce plugin, vous pouvez automatiser votre communaut\u00e9 en ligne et rationaliser votre flux de travail, augmenter la productivit\u00e9 et l&rsquo;efficacit\u00e9. Ses fonctionnalit\u00e9s de premier ordre vous permettent de personnaliser les activit\u00e9s et les interactions de votre communaut\u00e9, vous donnant un contr\u00f4le total sur votre site Web. Qu&rsquo;il s&rsquo;agisse de g\u00e9rer les inscriptions des membres ou d&rsquo;automatiser les notifications par e-mail, AutomatorWP Buddypress vous a couvert. Gr\u00e2ce \u00e0 son interface conviviale, vous pouvez configurer des d\u00e9clencheurs d&rsquo;automatisation en fonction de l&rsquo;activit\u00e9 utilisateur, ce qui facilite l&rsquo;engagement et la gestion de votre communaut\u00e9. D\u00e9couvrez le pouvoir de l&rsquo;automatisation avec AutomatorWP Buddypress et portez votre communaut\u00e9 en ligne au niveau sup\u00e9rieur.<\/p>\n","protected":false},"featured_media":143179,"comment_status":"open","ping_status":"open","template":"","meta":[],"product_brand":[2464],"product_cat":[1187,1181,1186],"product_tag":[2260],"class_list":{"0":"post-118716","1":"product","2":"type-product","3":"status-publish","4":"has-post-thumbnail","6":"product_brand-automatorwp","7":"product_cat-administration-wordpress-plugins","8":"product_cat-plugins","9":"product_cat-wordpress-plugins","10":"product_tag-automatorwp","11":"member-discount","12":"discount-restricted","14":"first","15":"instock","16":"sale","17":"downloadable","18":"virtual","19":"sold-individually","20":"purchasable","21":"product-type-simple"},"_links":{"self":[{"href":"https:\/\/gpl-love.com\/fr\/wp-json\/wp\/v2\/product\/118716","targetHints":{"allow":["GET"]}}],"collection":[{"href":"https:\/\/gpl-love.com\/fr\/wp-json\/wp\/v2\/product"}],"about":[{"href":"https:\/\/gpl-love.com\/fr\/wp-json\/wp\/v2\/types\/product"}],"replies":[{"embeddable":true,"href":"https:\/\/gpl-love.com\/fr\/wp-json\/wp\/v2\/comments?post=118716"}],"wp:featuredmedia":[{"embeddable":true,"href":"https:\/\/gpl-love.com\/fr\/wp-json\/wp\/v2\/media\/143179"}],"wp:attachment":[{"href":"https:\/\/gpl-love.com\/fr\/wp-json\/wp\/v2\/media?parent=118716"}],"wp:term":[{"taxonomy":"product_brand","embeddable":true,"href":"https:\/\/gpl-love.com\/fr\/wp-json\/wp\/v2\/product_brand?post=118716"},{"taxonomy":"product_cat","embeddable":true,"href":"https:\/\/gpl-love.com\/fr\/wp-json\/wp\/v2\/product_cat?post=118716"},{"taxonomy":"product_tag","embeddable":true,"href":"https:\/\/gpl-love.com\/fr\/wp-json\/wp\/v2\/product_tag?post=118716"}],"curies":[{"name":"wp","href":"https:\/\/api.w.org\/{rel}","templated":true}]}}