{"id":118712,"date":"2021-10-18T00:00:00","date_gmt":"2021-10-17T22:00:00","guid":{"rendered":"https:\/\/gpl-love.com\/fr\/produit\/docdirect-wordpress-theme-pour-doctors-et-healthcare-directory\/"},"modified":"2026-03-20T23:01:06","modified_gmt":"2026-03-20T22:01:06","slug":"docdirect-wordpress-theme-pour-doctors-et-healthcare-directory","status":"publish","type":"product","link":"https:\/\/gpl-love.com\/fr\/produit\/docdirect-wordpress-theme-pour-doctors-et-healthcare-directory\/","title":{"rendered":"DocDirect WordPress Th\u00e8me pour Doctors et Healthcare Directory 8.1.1"},"content":{"rendered":"<h3>DocDirect WordPress Th\u00e8me pour Doctors et Healthcare Directory Traits<\/h3>\n<p>Le th\u00e8me DocDirect WordPress a \u00e9t\u00e9 sp\u00e9cifiquement con\u00e7u pour r\u00e9pondre aux exigences uniques des professionnels de la sant\u00e9 et des sites Web d&rsquo;annuaire m\u00e9dical. Cela se r\u00e9v\u00e8le \u00eatre un choix id\u00e9al pour les m\u00e9decins, les cliniques, les h\u00f4pitaux et les pratiques m\u00e9dicales qui cherchent \u00e0 \u00e9tablir une pr\u00e9sence en ligne pro\u00e9minente. Ce th\u00e8me facilite la personnalisation sans effort, offrant aux utilisateurs la possibilit\u00e9 de construire un site Web sophistiqu\u00e9 et visuellement attrayant d\u00e9pourvu de toute expertise de codage. Il poss\u00e8de notamment plusieurs syst\u00e8mes de r\u00e9servation de rendez-vous, des outils de gestion des patients et un syst\u00e8me d&rsquo;examen complet, simplifiant ainsi le processus d&rsquo;interaction des patients avec leurs prestataires de soins de sant\u00e9 respectifs. De plus, le th\u00e8me DocDirect est enti\u00e8rement r\u00e9actif, garantissant que votre site Web d\u00e9gagera de l&rsquo;excellence sur tout appareil \u00e0 partir de laquelle il est accessible. De plus, ce th\u00e8me est \u00e9quip\u00e9 de fonctionnalit\u00e9s conviviales de r\u00e9f\u00e9rencement, vous permettant d&rsquo;am\u00e9liorer votre visibilit\u00e9 en ligne et de d\u00e9velopper ensuite votre port\u00e9e. En adoptant le th\u00e8me DocDirect WordPress, vous pouvez \u00e9tablir efficacement une pr\u00e9sence en ligne robuste pour votre pratique m\u00e9dicale et, \u00e0 son tour, offrir des services sup\u00e9rieurs \u00e0 vos pr\u00e9cieux patients.<\/p>\n<ul>\n<li>-DocDirect est un th\u00e8me WordPress hautement personnalisable parfaitement adapt\u00e9 aux r\u00e9pertoires de soins de sant\u00e9 et aux cabinets de m\u00e9decin.<\/li>\n<li>-Les conception r\u00e9active assure une exp\u00e9rience utilisateur transparente sur tous les appareils.<\/li>\n<li>&#8211; Le syst\u00e8me de r\u00e9servation de rendez-vous int\u00e9gr\u00e9 enti\u00e8rement permet aux patients de planifier les rendez-vous avec facilit\u00e9.<\/li>\n<li>-Les options de passerelle de paiement multiple permettent des options de paiement pratiques pour les patients.<\/li>\n<li>-Les fonctionnalit\u00e9s de recherche avanc\u00e9es garantissent que les patients peuvent trouver rapidement le bon m\u00e9decin ou le bon fournisseur de soins de sant\u00e9.<\/li>\n<li>-Les cartes Google int\u00e9gr\u00e9es facilitent la recherche du bureau d&rsquo;un fournisseur.<\/li>\n<li>-Conte des e-mails et des notifications SMS qui tiennent \u00e0 la fois les patients et les prestataires inform\u00e9s des rendez-vous et des mises \u00e0 jour.<\/li>\n<li>&#8211; La capacit\u00e9 \u00e0 \u00e9valuer et \u00e0 revoir les m\u00e9decins aide les patients \u00e0 prendre des d\u00e9cisions \u00e9clair\u00e9es.<\/li>\n<li>&#8211; Int\u00e9gration des m\u00e9dias sociaux pour le partage et la promotion faciles de votre r\u00e9pertoire.<\/li>\n<li>-24\/7 Assistance client pour aider \u00e0 tout probl\u00e8me technique.<\/li>\n<\/ul>\n","protected":false},"excerpt":{"rendered":"<p>D\u00e9couvrez la puissance d&rsquo;un site Web enti\u00e8rement fonctionnel, polyvalent et r\u00e9actif avec le th\u00e8me DocDirect WordPress pour les m\u00e9decins et l&rsquo;annuaire des soins de sant\u00e9. Ce th\u00e8me a \u00e9t\u00e9 cr\u00e9\u00e9 sp\u00e9cifiquement pour les m\u00e9decins, les professionnels de la sant\u00e9 et les \u00e9tablissements m\u00e9dicaux qui souhaitent \u00e9tablir une forte pr\u00e9sence en ligne. Le th\u00e8me comprend un r\u00e9pertoire de recherche avanc\u00e9, permettant aux patients de rechercher des prestataires de soins de sant\u00e9 en fonction de leur sp\u00e9cialit\u00e9, de leur emplacement ou de leur cote.<\/p>\n<p>Le th\u00e8me DocDirect offre une interface simple et conviviale, ce qui facilite la cr\u00e9ation d&rsquo;un site Web professionnel. Il est enti\u00e8rement r\u00e9actif, garantissant que votre site Web semble parfait sur n&rsquo;importe quel appareil, que ce soit un smartphone, une tablette ou un bureau.<\/p>\n<p>Le th\u00e8me permet \u00e9galement aux m\u00e9decins de cr\u00e9er des profils d\u00e9taill\u00e9s, en pr\u00e9sentant leurs qualifications, leur exp\u00e9rience, leurs services et leurs avis sur les clients. Cela aide \u00e0 renforcer la confiance et la cr\u00e9dibilit\u00e9 avec les patients potentiels.<\/p>\n<p>De plus, le th\u00e8me DocDirect prend en charge l&rsquo;int\u00e9gration de WooCommerce, ouvrant la possibilit\u00e9 de rendez-vous en ligne et de paiements. Cela comprend \u00e9galement l&rsquo;int\u00e9gration des m\u00e9dias sociaux, donnant aux m\u00e9decins la possibilit\u00e9 d&rsquo;\u00e9largir leur port\u00e9e et de s&rsquo;engager avec leur public<\/p>\n","protected":false},"featured_media":143557,"comment_status":"open","ping_status":"open","template":"","meta":[],"product_brand":[2433],"product_cat":[1516,1212,1213],"product_tag":[1366],"class_list":{"0":"post-118712","1":"product","2":"type-product","3":"status-publish","4":"has-post-thumbnail","6":"product_brand-themeforest","7":"product_cat-entreprise","8":"product_cat-themes","9":"product_cat-wordpress-themes","10":"product_tag-themeforest","11":"member-discount","12":"discount-restricted","14":"first","15":"instock","16":"sale","17":"downloadable","18":"virtual","19":"sold-individually","20":"purchasable","21":"product-type-simple"},"_links":{"self":[{"href":"https:\/\/gpl-love.com\/fr\/wp-json\/wp\/v2\/product\/118712","targetHints":{"allow":["GET"]}}],"collection":[{"href":"https:\/\/gpl-love.com\/fr\/wp-json\/wp\/v2\/product"}],"about":[{"href":"https:\/\/gpl-love.com\/fr\/wp-json\/wp\/v2\/types\/product"}],"replies":[{"embeddable":true,"href":"https:\/\/gpl-love.com\/fr\/wp-json\/wp\/v2\/comments?post=118712"}],"wp:featuredmedia":[{"embeddable":true,"href":"https:\/\/gpl-love.com\/fr\/wp-json\/wp\/v2\/media\/143557"}],"wp:attachment":[{"href":"https:\/\/gpl-love.com\/fr\/wp-json\/wp\/v2\/media?parent=118712"}],"wp:term":[{"taxonomy":"product_brand","embeddable":true,"href":"https:\/\/gpl-love.com\/fr\/wp-json\/wp\/v2\/product_brand?post=118712"},{"taxonomy":"product_cat","embeddable":true,"href":"https:\/\/gpl-love.com\/fr\/wp-json\/wp\/v2\/product_cat?post=118712"},{"taxonomy":"product_tag","embeddable":true,"href":"https:\/\/gpl-love.com\/fr\/wp-json\/wp\/v2\/product_tag?post=118712"}],"curies":[{"name":"wp","href":"https:\/\/api.w.org\/{rel}","templated":true}]}}