{"id":118708,"date":"2021-11-22T00:00:00","date_gmt":"2021-11-21T23:00:00","guid":{"rendered":"https:\/\/gpl-love.com\/fr\/produit\/madara-wordpress-theme-pour-manga\/"},"modified":"2026-03-20T23:22:56","modified_gmt":"2026-03-20T22:22:56","slug":"madara-wordpress-theme-pour-manga","status":"publish","type":"product","link":"https:\/\/gpl-love.com\/fr\/produit\/madara-wordpress-theme-pour-manga\/","title":{"rendered":"Madara WordPress Th\u00e8me pour Manga 1.7.3.1"},"content":{"rendered":"<h3>Madara WordPress Th\u00e8me pour Manga Traits<\/h3>\n<p>Le th\u00e8me Madara WordPress pour le manga est une solution exceptionnelle qui r\u00e9pond aux besoins des artistes et des passionn\u00e9s de mangas, leur permettant de fabriquer sans effort des sites Web visuellement captivants et immersifs. Sp\u00e9cifiquement adapt\u00e9 pour accueillir le contenu des mangas et des anime, ce th\u00e8me poss\u00e8de un large \u00e9ventail d&rsquo;options de personnalisation, offrant aux utilisateurs la possibilit\u00e9 de r\u00e9gler finement l&rsquo;apparence et l&rsquo;ambiance de leurs sites Web pour r\u00e9pondre \u00e0 leurs pr\u00e9f\u00e9rences personnelles. Avec son design tr\u00e8s r\u00e9actif et un \u00e9ventail de fonctionnalit\u00e9s puissantes, Madara facilite l&rsquo;affichage transparent d&rsquo;\u0153uvres artistiques, favorisant un lien fort entre les cr\u00e9ateurs et leur public. Ind\u00e9pendamment de savoir si l&rsquo;on est un professionnel chevronn\u00e9 ou simplement un admirateur ardent du genre, Madara sert d&rsquo;outil par excellence pour \u00e9lever son site Web \u00e0 de nouveaux sommets d&rsquo;excellence.<\/p>\n<ul>\n<li>Le th\u00e8me Madara WordPress est la solution parfaite pour les sites Web et les blogs de mangas<\/li>\n<li>Des options personnalisables \u00e9lev\u00e9es vous permettent d&rsquo;adapter l&rsquo;apparence de votre site Web \u00e0 votre vision sp\u00e9cifique<\/li>\n<li>Construit avec les derni\u00e8res technologies, Madara offre une vitesse et des performances rapides pour une exp\u00e9rience utilisateur sans couture<\/li>\n<li>Plusieurs dispositions et mod\u00e8les facilitent la cr\u00e9ation et l&rsquo;organisation de votre contenu simple et facile<\/li>\n<li>Avec de puissantes fonctionnalit\u00e9s de recherche et de cat\u00e9gorisation, les lecteurs peuvent facilement trouver le contenu qu&rsquo;ils recherchent<\/li>\n<li>Les options de partage social int\u00e9gr\u00e9es vous permettent de vous connecter facilement \u00e0 vos lecteurs sur leurs plateformes pr\u00e9f\u00e9r\u00e9es<\/li>\n<li>Madara est enti\u00e8rement r\u00e9actif, donc votre site Web sera superbe sur n&rsquo;importe quel appareil ou taille d&rsquo;\u00e9cran<\/li>\n<li>Le code optimis\u00e9 SEO donne un coup de pouce \u00e0 votre site Web dans le classement des moteurs de recherche, ce qui facilite la recherche des lecteurs<\/li>\n<li>Le support d\u00e9di\u00e9 et les mises \u00e0 jour r\u00e9guli\u00e8res garantissent que votre site Web reste \u00e0 jour et fonctionne bien<\/li>\n<li>Madara fournit une solution de site Web puissante et professionnelle aux cr\u00e9ateurs de mangas et aux amateurs.<\/li>\n<\/ul>\n","protected":false},"excerpt":{"rendered":"<p>D\u00e9couvrez l&rsquo;exp\u00e9rience de lecture des mangas ultime en vous plongeant dans le th\u00e8me du monde du Madara WordPress. Ce th\u00e8me, con\u00e7u exclusivement pour les amateurs de mangas, fournit une interface claire et engageante qui am\u00e9liore la joie de la lecture. Avec ses mises en page personnalisables, sa typographie \u00e9l\u00e9gante et sa navigation conviviale, Madara vous permet de vous immerger pleinement dans l&rsquo;univers captivant de votre s\u00e9rie de mangas bien-aim\u00e9e. Que vous soyez un adepte d\u00e9vou\u00e9 de titres renomm\u00e9s ou que vous recherchiez des options fra\u00eeches et exaltantes, le th\u00e8me WordPress de Madara pour le manga est la s\u00e9lection id\u00e9ale pour r\u00e9pondre \u00e0 vos d\u00e9sirs.<\/p>\n","protected":false},"featured_media":144406,"comment_status":"open","ping_status":"open","template":"","meta":[],"product_brand":[2433],"product_cat":[1242,1212,1213],"product_tag":[1366],"class_list":{"0":"post-118708","1":"product","2":"type-product","3":"status-publish","4":"has-post-thumbnail","6":"product_brand-themeforest","7":"product_cat-creatif","8":"product_cat-themes","9":"product_cat-wordpress-themes","10":"product_tag-themeforest","11":"member-discount","12":"discount-restricted","14":"first","15":"instock","16":"sale","17":"downloadable","18":"virtual","19":"sold-individually","20":"purchasable","21":"product-type-simple"},"_links":{"self":[{"href":"https:\/\/gpl-love.com\/fr\/wp-json\/wp\/v2\/product\/118708","targetHints":{"allow":["GET"]}}],"collection":[{"href":"https:\/\/gpl-love.com\/fr\/wp-json\/wp\/v2\/product"}],"about":[{"href":"https:\/\/gpl-love.com\/fr\/wp-json\/wp\/v2\/types\/product"}],"replies":[{"embeddable":true,"href":"https:\/\/gpl-love.com\/fr\/wp-json\/wp\/v2\/comments?post=118708"}],"wp:featuredmedia":[{"embeddable":true,"href":"https:\/\/gpl-love.com\/fr\/wp-json\/wp\/v2\/media\/144406"}],"wp:attachment":[{"href":"https:\/\/gpl-love.com\/fr\/wp-json\/wp\/v2\/media?parent=118708"}],"wp:term":[{"taxonomy":"product_brand","embeddable":true,"href":"https:\/\/gpl-love.com\/fr\/wp-json\/wp\/v2\/product_brand?post=118708"},{"taxonomy":"product_cat","embeddable":true,"href":"https:\/\/gpl-love.com\/fr\/wp-json\/wp\/v2\/product_cat?post=118708"},{"taxonomy":"product_tag","embeddable":true,"href":"https:\/\/gpl-love.com\/fr\/wp-json\/wp\/v2\/product_tag?post=118708"}],"curies":[{"name":"wp","href":"https:\/\/api.w.org\/{rel}","templated":true}]}}