{"id":118706,"date":"2026-01-04T00:00:00","date_gmt":"2026-01-03T23:00:00","guid":{"rendered":"https:\/\/gpl-love.com\/fr\/produit\/user-extra-fields-wordpress-plugin\/"},"modified":"2026-04-10T18:44:34","modified_gmt":"2026-04-10T16:44:34","slug":"user-extra-fields-wordpress-plugin","status":"publish","type":"product","link":"https:\/\/gpl-love.com\/fr\/produit\/user-extra-fields-wordpress-plugin\/","title":{"rendered":"User Extra Fields WordPress Plugin 17.0"},"content":{"rendered":"<h3>User Extra Fields WordPress Plugin Traits<\/h3>\n<p>Le plugin WordPress de champs suppl\u00e9mentaires utilisateur, un outil hautement sophistiqu\u00e9, offre aux propri\u00e9taires de sites Web la possibilit\u00e9 d&rsquo;am\u00e9liorer leurs formulaires d&rsquo;enregistrement des utilisateurs en incorporant des champs sur mesure. L&rsquo;objectif principal de ce plugin est d&rsquo;optimiser l&rsquo;exp\u00e9rience utilisateur en facilitant un processus d&rsquo;enregistrement plus personnalis\u00e9. En tirant parti des capacit\u00e9s du plugin de champs suppl\u00e9mentaires utilisateur, les administrateurs de sites Web ont la flexibilit\u00e9 de concevoir et d&rsquo;impl\u00e9menter une pl\u00e9thore de types de champs, allant des champs de texte simplistes aux cases \u00e0 cocher complexes et aux boutons radio. Ce plugin poss\u00e8de une exp\u00e9rience utilisateur sans couture, son interface intuitive garantissant une personnalisation sans effort. Par cons\u00e9quent, gr\u00e2ce \u00e0 l&rsquo;utilisation de champs suppl\u00e9mentaires des utilisateurs, les propri\u00e9taires de sites Web peuvent amasser des donn\u00e9es utilisateur inestimables, favorisant finalement une exp\u00e9rience sup\u00e9rieure et plus immersive pour leurs utilisateurs.<\/p>\n<ul>\n<li>Personnalisez facilement les formulaires d&rsquo;enregistrement des utilisateurs<\/li>\n<li>Ajouter des champs personnalis\u00e9s aux profils utilisateur<\/li>\n<li>Collecter des donn\u00e9es suppl\u00e9mentaires aupr\u00e8s des utilisateurs<\/li>\n<li>Int\u00e9gration avec les plugins d&rsquo;enregistrement WordPress populaires<\/li>\n<li>Interface simple pour g\u00e9rer des champs suppl\u00e9mentaires<\/li>\n<li>Am\u00e9liorer l&rsquo;exp\u00e9rience utilisateur avec des formulaires personnalis\u00e9s<\/li>\n<li>Compatible avec la plupart des th\u00e8mes WordPress<\/li>\n<li>Collection des donn\u00e9es des utilisateurs conformes au RGPD<\/li>\n<li>Am\u00e9liorer l&rsquo;analyse des donn\u00e9es avec des champs personnalis\u00e9s<\/li>\n<li>Facile \u00e0 installer et \u00e0 configurer.<\/li>\n<\/ul>\n","protected":false},"excerpt":{"rendered":"<p>Le plugin WordPress Fields User Fields, un outil extr\u00eamement robuste et influent, vous donne la possibilit\u00e9 d&rsquo;incorporer des champs personnalis\u00e9s dans les pages d&rsquo;enregistrement et de profil de vos utilisateurs. En utilisant ce plugin, vous obtenez la capacit\u00e9 d&rsquo;amasser des informations suppl\u00e9mentaires de vos utilisateurs, en utilisant par la suite lesdites donn\u00e9es pour adapter et personnaliser efficacement leur exp\u00e9rience globale sur votre site Web. Que votre objectif soit de collecter des donn\u00e9es d\u00e9mographiques pertinentes, des pr\u00e9f\u00e9rences ou tout autre d\u00e9tail pertinent, le plugin WordPress suppl\u00e9mentaire des champs utilisateur facilite sans effort la cr\u00e9ation de champs personnalis\u00e9s, qui peuvent \u00eatre rapidement pr\u00e9sent\u00e9s \u00e0 vos utilisateurs. Ce plugin offre un niveau d&rsquo;adaptabilit\u00e9 incroyablement \u00e9lev\u00e9, vous permettant ainsi de le configurer de mani\u00e8re transparente pour s&rsquo;aligner parfaitement avec l&rsquo;esth\u00e9tique et l&rsquo;ambiance de votre site Web. Avec son interface extr\u00eamement conviviale et sa conception exceptionnellement intuitive, il devient clairement clair que le plugin WordPress de champs suppl\u00e9mentaires utilisateur est une n\u00e9cessit\u00e9 absolue pour tout propri\u00e9taire de site Web d\u00e9di\u00e9 qui cherche \u00e0 amplifier et \u00e0 enrichir l&rsquo;exp\u00e9rience en ligne globale de leurs utilisateurs.<\/p>\n","protected":false},"featured_media":145673,"comment_status":"open","ping_status":"open","template":"","meta":[],"product_brand":[2435],"product_cat":[1189,1181,1186],"product_tag":[1231],"class_list":{"0":"post-118706","1":"product","2":"type-product","3":"status-publish","4":"has-post-thumbnail","6":"product_brand-codecanyon","7":"product_cat-personnalisation","8":"product_cat-plugins","9":"product_cat-wordpress-plugins","10":"product_tag-codecanyon","11":"member-discount","12":"discount-restricted","14":"first","15":"instock","16":"sale","17":"downloadable","18":"virtual","19":"sold-individually","20":"purchasable","21":"product-type-simple"},"_links":{"self":[{"href":"https:\/\/gpl-love.com\/fr\/wp-json\/wp\/v2\/product\/118706","targetHints":{"allow":["GET"]}}],"collection":[{"href":"https:\/\/gpl-love.com\/fr\/wp-json\/wp\/v2\/product"}],"about":[{"href":"https:\/\/gpl-love.com\/fr\/wp-json\/wp\/v2\/types\/product"}],"replies":[{"embeddable":true,"href":"https:\/\/gpl-love.com\/fr\/wp-json\/wp\/v2\/comments?post=118706"}],"wp:featuredmedia":[{"embeddable":true,"href":"https:\/\/gpl-love.com\/fr\/wp-json\/wp\/v2\/media\/145673"}],"wp:attachment":[{"href":"https:\/\/gpl-love.com\/fr\/wp-json\/wp\/v2\/media?parent=118706"}],"wp:term":[{"taxonomy":"product_brand","embeddable":true,"href":"https:\/\/gpl-love.com\/fr\/wp-json\/wp\/v2\/product_brand?post=118706"},{"taxonomy":"product_cat","embeddable":true,"href":"https:\/\/gpl-love.com\/fr\/wp-json\/wp\/v2\/product_cat?post=118706"},{"taxonomy":"product_tag","embeddable":true,"href":"https:\/\/gpl-love.com\/fr\/wp-json\/wp\/v2\/product_tag?post=118706"}],"curies":[{"name":"wp","href":"https:\/\/api.w.org\/{rel}","templated":true}]}}