{"id":118682,"date":"2021-10-14T00:00:00","date_gmt":"2021-10-13T22:00:00","guid":{"rendered":"https:\/\/gpl-love.com\/fr\/produit\/easy-digital-downloads-fraud-monitor\/"},"modified":"2026-03-20T23:02:05","modified_gmt":"2026-03-20T22:02:05","slug":"easy-digital-downloads-fraud-monitor","status":"publish","type":"product","link":"https:\/\/gpl-love.com\/fr\/produit\/easy-digital-downloads-fraud-monitor\/","title":{"rendered":"Easy Digital Downloads Fraud Monitor 1.1.5"},"content":{"rendered":"<h3>Easy Digital Downloads Fraud Monitor Traits<\/h3>\n<p>Le moniteur Fraud Downloads Easy Digital est un outil incroyablement robuste con\u00e7u dans le but de prot\u00e9ger votre entreprise en ligne contre les dangers des transactions frauduleuses. Gr\u00e2ce \u00e0 l&rsquo;analyse m\u00e9ticuleuse du comportement des clients et des mod\u00e8les transactionnels, ce formidable logiciel a la possibilit\u00e9 d&rsquo;identifier rapidement les auteurs potentiels de fraude, d&rsquo;\u00e9lever des drapeaux rouges sur les transactions suspectes et de conjurer efficacement les r\u00e9trofacturation. Ce qui distingue cet outil, c&rsquo;est son interface conviviale et son adaptabilit\u00e9 pour r\u00e9pondre aux exigences uniques de votre entreprise. De plus, il s&rsquo;int\u00e8gre de mani\u00e8re transparente \u00e0 votre passerelle de paiement existante, ce qui en fait un ajout sans effort \u00e0 vos op\u00e9rations. En utilisant le moniteur de fraude, vous \u00eates en mesure d&rsquo;\u00e9conomiser du temps pr\u00e9cieux, des ressources financi\u00e8res et d&rsquo;autres actifs pr\u00e9cieux en freinant consid\u00e9rablement les risques associ\u00e9s aux activit\u00e9s frauduleuses, assurant ainsi la plus grande s\u00e9curit\u00e9 de vos produits num\u00e9riques.<\/p>\n<ul>\n<li>Surveillance en temps r\u00e9el des transactions pour d\u00e9tecter une activit\u00e9 frauduleuse potentielle<\/li>\n<li>Seuils de risque de fraude personnalisables pour r\u00e9pondre aux besoins commerciaux sp\u00e9cifiques<\/li>\n<li>Int\u00e9gration avec plusieurs passerelles de paiement, notamment PayPal, Stripe et Authorize.net<\/li>\n<li>Indicateurs de fraude avanc\u00e9s et alertes pour aider \u00e0 agir rapidement<\/li>\n<li>Journaux et mesures de transaction d\u00e9taill\u00e9s pour fournir un aper\u00e7u des mod\u00e8les d&rsquo;activit\u00e9 frauduleux<\/li>\n<li>Examen automatis\u00e9 des transactions et signalisation pour les transactions suspectes<\/li>\n<li>Tableau de bord convivial et rapport pour simplifier la gestion de la fraude<\/li>\n<li>Int\u00e9gration transparente avec la plate-forme de t\u00e9l\u00e9chargements num\u00e9riques faciles pour une installation et une utilisation faciles.<\/li>\n<\/ul>\n","protected":false},"excerpt":{"rendered":"<p>Le moniteur Fraud Downloads Easy Digital joue un r\u00f4le central dans la sauvegarde de votre entreprise en ligne contre les transactions frauduleuses potentiellement nocives, ce qui le rend un outil indispensable. En tirant parti des algorithmes sophistiqu\u00e9s et en exploitant la puissance de l&rsquo;apprentissage automatique, il identifie et met en \u00e9vidence efficacement les transactions douteuses \u00e0 l&rsquo;avance, pr\u00e9voyant ainsi toute cons\u00e9quence pr\u00e9judiciable. \u00c9quip\u00e9 d&rsquo;alertes instantan\u00e9es qui fournissent des informations \u00e0 la minute et des param\u00e8tres personnalisables adapt\u00e9s \u00e0 vos pr\u00e9f\u00e9rences, il vous donne la possibilit\u00e9 de superviser et de examiner sans effort toutes vos transactions, vous permettant de lutter contre la fraude de mani\u00e8re proactive. B\u00e9n\u00e9ficiant d&rsquo;une interface conviviale et d&rsquo;une int\u00e9gration transparente avec votre syst\u00e8me de t\u00e9l\u00e9chargements num\u00e9riques Easy Digital existant, il s&rsquo;agit de solution par excellence pour les personnes cherchant \u00e0 fortifier leur s\u00e9curit\u00e9 en ligne.<\/p>\n","protected":false},"featured_media":143622,"comment_status":"open","ping_status":"open","template":"","meta":[],"product_brand":[2523],"product_cat":[1183,1182,1181],"product_tag":[1255],"class_list":{"0":"post-118682","1":"product","2":"type-product","3":"status-publish","4":"has-post-thumbnail","6":"product_brand-easy-digital-downloads","7":"product_cat-administration","8":"product_cat-commerce-electronique-plugins","9":"product_cat-plugins","10":"product_tag-easy-digital-downloads","11":"member-discount","12":"discount-restricted","14":"first","15":"instock","16":"sale","17":"downloadable","18":"virtual","19":"sold-individually","20":"purchasable","21":"product-type-simple"},"_links":{"self":[{"href":"https:\/\/gpl-love.com\/fr\/wp-json\/wp\/v2\/product\/118682","targetHints":{"allow":["GET"]}}],"collection":[{"href":"https:\/\/gpl-love.com\/fr\/wp-json\/wp\/v2\/product"}],"about":[{"href":"https:\/\/gpl-love.com\/fr\/wp-json\/wp\/v2\/types\/product"}],"replies":[{"embeddable":true,"href":"https:\/\/gpl-love.com\/fr\/wp-json\/wp\/v2\/comments?post=118682"}],"wp:featuredmedia":[{"embeddable":true,"href":"https:\/\/gpl-love.com\/fr\/wp-json\/wp\/v2\/media\/143622"}],"wp:attachment":[{"href":"https:\/\/gpl-love.com\/fr\/wp-json\/wp\/v2\/media?parent=118682"}],"wp:term":[{"taxonomy":"product_brand","embeddable":true,"href":"https:\/\/gpl-love.com\/fr\/wp-json\/wp\/v2\/product_brand?post=118682"},{"taxonomy":"product_cat","embeddable":true,"href":"https:\/\/gpl-love.com\/fr\/wp-json\/wp\/v2\/product_cat?post=118682"},{"taxonomy":"product_tag","embeddable":true,"href":"https:\/\/gpl-love.com\/fr\/wp-json\/wp\/v2\/product_tag?post=118682"}],"curies":[{"name":"wp","href":"https:\/\/api.w.org\/{rel}","templated":true}]}}