{"id":118680,"date":"2021-10-14T00:00:00","date_gmt":"2021-10-13T22:00:00","guid":{"rendered":"https:\/\/gpl-love.com\/fr\/produit\/easy-digital-downloads-currency-converter\/"},"modified":"2026-03-20T23:02:00","modified_gmt":"2026-03-20T22:02:00","slug":"easy-digital-downloads-currency-converter","status":"publish","type":"product","link":"https:\/\/gpl-love.com\/fr\/produit\/easy-digital-downloads-currency-converter\/","title":{"rendered":"Easy Digital Downloads Currency Converter 2.1.3"},"content":{"rendered":"<h3>Easy Digital Downloads Currency Converter Traits<\/h3>\n<p>Le convertisseur de devises Easy Digital Downloads est un outil incroyablement robuste et efficace qui rationalise et simplifie efficacement le processus complexe de vendre avec succ\u00e8s des produits num\u00e9riques \u00e0 un large \u00e9ventail de clients \u00e0 travers le monde. Gr\u00e2ce \u00e0 l&rsquo;int\u00e9gration transparente de ce plugin exceptionnel, les entreprises sont capables de convertir sans effort et de mani\u00e8re transparente leurs prix de produits en devise sp\u00e9cifique qui correspond \u00e0 l&#8217;emplacement pr\u00e9cis de chaque client individuel, garantissant ainsi qu&rsquo;ils sont toujours fournis avec les plus exacts et les plus \u00e0 l&rsquo;\u00e9valuation -Date Informations sur les prix disponibles. De plus, ce plugin remarquable poss\u00e8de une vaste gamme de fonctionnalit\u00e9s, y compris une prise en charge compl\u00e8te de plusieurs devises et la fourniture de taux de change constamment mis \u00e0 jour, qui facilitent collectivement la modification et la gestion instantan\u00e9es et instantan\u00e9s des structures de tarification en temps r\u00e9el. Par cons\u00e9quent, il est incontestable que le convertisseur de devises Easy Digital Downloads n&rsquo;est pas seulement un atout inestimable, mais une n\u00e9cessit\u00e9 absolue pour toutes les entreprises qui souhaitent \u00e9tendre de fa\u00e7on exponentielle leur base de consommateurs et optimiser leur g\u00e9n\u00e9ration de revenus au sein du march\u00e9 mondial en constante expansion.<\/p>\n<ul>\n<li>Un convertisseur de devises sp\u00e9cialement con\u00e7u pour des t\u00e9l\u00e9chargements num\u00e9riques faciles<\/li>\n<li>Mise \u00e0 jour automatique avec les taux de change quotidiens pour assurer des conversions pr\u00e9cises<\/li>\n<li>Prend en charge plus de 100 devises<\/li>\n<li>Permet aux clients de voir les prix dans leur devise locale, augmentant leur probabilit\u00e9 de faire un achat<\/li>\n<li>Facile \u00e0 installer et \u00e0 personnaliser pour correspondre \u00e0 l&rsquo;apparence de votre site Web<\/li>\n<li>Peut \u00eatre utilis\u00e9 avec n&rsquo;importe quelle passerelle de paiement prise en charge par des t\u00e9l\u00e9chargements num\u00e9riques faciles<\/li>\n<li>Augmente la port\u00e9e mondiale et les ventes potentielles en d\u00e9composant les barri\u00e8res de devises<\/li>\n<li>Compatible avec tous les navigateurs et appareils mobiles modernes<\/li>\n<li>Offre une conversion rapide et fiable, sans retard ni erreurs<\/li>\n<li>Fournit une exp\u00e9rience utilisateur transparente aux clients, conduisant \u00e0 une satisfaction accrue des clients et \u00e0 la r\u00e9p\u00e9tition des affaires.<\/li>\n<\/ul>\n","protected":false},"excerpt":{"rendered":"<p>Le convertisseur de devises Easy Digital Downloads poss\u00e8de des capacit\u00e9s exceptionnelles, permettant une conversion sans effort des prix en une devise souhait\u00e9e. Son int\u00e9gration transparente avec votre magasin de t\u00e9l\u00e9chargements num\u00e9riques faciles garantit des conversions pr\u00e9cises et actuelles pour votre client\u00e8le estim\u00e9e. \u00c9quip\u00e9e d&rsquo;une interface utilisateur instinctive et d&rsquo;une gamme de fonctionnalit\u00e9s personnalisables, le convertisseur de devises sert d&rsquo;une augmentation impeccable pour tout emporium bas\u00e9 sur le Web aspirant \u00e0 \u00e9largir ses horizons et \u00e0 am\u00e9liorer le contentement client.<\/p>\n","protected":false},"featured_media":143616,"comment_status":"open","ping_status":"open","template":"","meta":[],"product_brand":[2523],"product_cat":[1182,1223,1181],"product_tag":[1255],"class_list":{"0":"post-118680","1":"product","2":"type-product","3":"status-publish","4":"has-post-thumbnail","6":"product_brand-easy-digital-downloads","7":"product_cat-commerce-electronique-plugins","8":"product_cat-personnalisation-commerce-electronique-plugins","9":"product_cat-plugins","10":"product_tag-easy-digital-downloads","11":"member-discount","12":"discount-restricted","14":"first","15":"instock","16":"sale","17":"downloadable","18":"virtual","19":"sold-individually","20":"purchasable","21":"product-type-simple"},"_links":{"self":[{"href":"https:\/\/gpl-love.com\/fr\/wp-json\/wp\/v2\/product\/118680","targetHints":{"allow":["GET"]}}],"collection":[{"href":"https:\/\/gpl-love.com\/fr\/wp-json\/wp\/v2\/product"}],"about":[{"href":"https:\/\/gpl-love.com\/fr\/wp-json\/wp\/v2\/types\/product"}],"replies":[{"embeddable":true,"href":"https:\/\/gpl-love.com\/fr\/wp-json\/wp\/v2\/comments?post=118680"}],"wp:featuredmedia":[{"embeddable":true,"href":"https:\/\/gpl-love.com\/fr\/wp-json\/wp\/v2\/media\/143616"}],"wp:attachment":[{"href":"https:\/\/gpl-love.com\/fr\/wp-json\/wp\/v2\/media?parent=118680"}],"wp:term":[{"taxonomy":"product_brand","embeddable":true,"href":"https:\/\/gpl-love.com\/fr\/wp-json\/wp\/v2\/product_brand?post=118680"},{"taxonomy":"product_cat","embeddable":true,"href":"https:\/\/gpl-love.com\/fr\/wp-json\/wp\/v2\/product_cat?post=118680"},{"taxonomy":"product_tag","embeddable":true,"href":"https:\/\/gpl-love.com\/fr\/wp-json\/wp\/v2\/product_tag?post=118680"}],"curies":[{"name":"wp","href":"https:\/\/api.w.org\/{rel}","templated":true}]}}