{"id":118678,"date":"2022-09-04T00:00:00","date_gmt":"2022-09-03T22:00:00","guid":{"rendered":"https:\/\/gpl-love.com\/fr\/produit\/easy-digital-downloads-content-restriction\/"},"modified":"2026-03-20T23:01:57","modified_gmt":"2026-03-20T22:01:57","slug":"easy-digital-downloads-content-restriction","status":"publish","type":"product","link":"https:\/\/gpl-love.com\/fr\/produit\/easy-digital-downloads-content-restriction\/","title":{"rendered":"Easy Digital Downloads Content Restriction 2.3.3"},"content":{"rendered":"<h3>Easy Digital Downloads Content Restriction Traits<\/h3>\n<p>Le plugin Easy Digital Downloads Content Restriction sert d&rsquo;outil formidable pour les propri\u00e9taires de sites Web qui cherchent \u00e0 imposer des limitations \u00e0 l&rsquo;acc\u00e8s \u00e0 un contenu particulier ou \u00e0 des t\u00e9l\u00e9chargements pr\u00e9sent\u00e9s sur leur site. Sa fonctionnalit\u00e9 s&rsquo;\u00e9tend \u00e0 la cr\u00e9ation de restrictions qui d\u00e9pendent des r\u00f4les utilisateur, de l&rsquo;historique d&rsquo;achat ou m\u00eame des produits sp\u00e9cifiques. Les implications de ceci sont vastes, car elle permet la fourniture de contenu ou de t\u00e9l\u00e9chargements exclusifs pour s\u00e9lectionner les utilisateurs, tout en accordant simultan\u00e9ment \u00e0 d&rsquo;autres acc\u00e8s sans entrave aux facettes restantes du site Web. Par cons\u00e9quent, le plugin Easy Digital Downloads Content Restriction s&rsquo;av\u00e8re \u00eatre un atout inestimable pour les personnes cherchant \u00e0 mon\u00e9tiser leur site Web ou \u00e0 fournir du contenu premium \u00e0 leurs clients estim\u00e9s. De plus, sa facilit\u00e9 d&rsquo;utilisation est un attribut remarquable, augment\u00e9 par le fait qu&rsquo;il peut \u00eatre parfaitement adapt\u00e9 pour s&rsquo;aligner sur ses exigences distinctes. En fin de compte, ce plugin repr\u00e9sente un compl\u00e9ment extr\u00eamement avantageux \u00e0 l&rsquo;arsenal de tout site Web utilisant des t\u00e9l\u00e9chargements num\u00e9riques faciles.<\/p>\n<ul>\n<li>Restreindre l&rsquo;acc\u00e8s au contenu num\u00e9rique en fonction de divers crit\u00e8res.<\/li>\n<li>Interface utilisateur simple et facile \u00e0 utiliser.<\/li>\n<li>Compatible avec le plugin de t\u00e9l\u00e9chargements num\u00e9riques faciles.<\/li>\n<li>Permet de restreindre l&rsquo;acc\u00e8s \u00e0 des produits, des fichiers et des pages sp\u00e9cifiques.<\/li>\n<li>Prend en charge \u00e0 la fois des codes shortcodes et des widgets pour afficher le contenu restreint aux utilisateurs autoris\u00e9s.<\/li>\n<li>Options flexibles pour configurer les r\u00e8gles d&rsquo;acc\u00e8s, y compris l&rsquo;exigence de connexion, de mot de passe ou de r\u00f4le utilisateur.<\/li>\n<li>Offre une gestion efficace des utilisateurs \/ groupes avec des param\u00e8tres personnalis\u00e9s pour chaque groupe.<\/li>\n<li>Plusieurs options de personnalisation disponibles pour am\u00e9liorer l&rsquo;aspect et la convivialit\u00e9 des pages restreintes.<\/li>\n<li>Fournit des journaux d&rsquo;acc\u00e8s d\u00e9taill\u00e9s et des rapports pour surveiller l&rsquo;activit\u00e9 des utilisateurs et affiner les r\u00e8gles d&rsquo;acc\u00e8s en cons\u00e9quence.<\/li>\n<li>RECLUG\u00c9 MISE \u00c0 JOUR AVEC DE NOUVELLES FONCTIONS ET DE PATS DE S\u00c9CURIT\u00c9 POUR ASSURER PERFORMANCES DISPOSIBILES ET SEMANCES.<\/li>\n<\/ul>\n","protected":false},"excerpt":{"rendered":"<p>Le plugin de restriction de contenu fourni par Easy Digital Downloads est un outil incroyablement robuste et convivial qui offre un contr\u00f4le exceptionnel sur l&rsquo;acc\u00e8s \u00e0 votre contenu num\u00e9rique. Ce plugin vous permet d&rsquo;\u00e9tablir sans effort les niveaux d&rsquo;adh\u00e9sion, d&rsquo;imposer des restrictions \u00e0 des produits ou des pages sp\u00e9cifiques, et m\u00eame \u00e0 configurer des plans d&rsquo;abonnement limit\u00e9es ou r\u00e9currents. Que vous soyez exploit\u00e9 un site d&rsquo;adh\u00e9sion, engag\u00e9 dans la vente de produits num\u00e9riques ou que vous cherchiez simplement \u00e0 prot\u00e9ger votre contenu aupr\u00e8s des utilisateurs non autoris\u00e9s, le plugin Easy Digital Downloads Content Restriction est enti\u00e8rement \u00e9quip\u00e9 pour r\u00e9pondre \u00e0 vos besoins. B\u00e9n\u00e9ficiant d&rsquo;une interface intuitive et d&rsquo;une vaste gamme de fonctionnalit\u00e9s, ce plugin sert de solution id\u00e9ale pour les personnes qui cherchent \u00e0 affirmer une autorit\u00e9 compl\u00e8te sur leur contenu num\u00e9rique.<\/p>\n","protected":false},"featured_media":143613,"comment_status":"open","ping_status":"open","template":"","meta":[],"product_brand":[2523],"product_cat":[1182,1223,1181],"product_tag":[1255],"class_list":{"0":"post-118678","1":"product","2":"type-product","3":"status-publish","4":"has-post-thumbnail","6":"product_brand-easy-digital-downloads","7":"product_cat-commerce-electronique-plugins","8":"product_cat-personnalisation-commerce-electronique-plugins","9":"product_cat-plugins","10":"product_tag-easy-digital-downloads","11":"member-discount","12":"discount-restricted","14":"first","15":"instock","16":"sale","17":"downloadable","18":"virtual","19":"sold-individually","20":"purchasable","21":"product-type-simple"},"_links":{"self":[{"href":"https:\/\/gpl-love.com\/fr\/wp-json\/wp\/v2\/product\/118678","targetHints":{"allow":["GET"]}}],"collection":[{"href":"https:\/\/gpl-love.com\/fr\/wp-json\/wp\/v2\/product"}],"about":[{"href":"https:\/\/gpl-love.com\/fr\/wp-json\/wp\/v2\/types\/product"}],"replies":[{"embeddable":true,"href":"https:\/\/gpl-love.com\/fr\/wp-json\/wp\/v2\/comments?post=118678"}],"wp:featuredmedia":[{"embeddable":true,"href":"https:\/\/gpl-love.com\/fr\/wp-json\/wp\/v2\/media\/143613"}],"wp:attachment":[{"href":"https:\/\/gpl-love.com\/fr\/wp-json\/wp\/v2\/media?parent=118678"}],"wp:term":[{"taxonomy":"product_brand","embeddable":true,"href":"https:\/\/gpl-love.com\/fr\/wp-json\/wp\/v2\/product_brand?post=118678"},{"taxonomy":"product_cat","embeddable":true,"href":"https:\/\/gpl-love.com\/fr\/wp-json\/wp\/v2\/product_cat?post=118678"},{"taxonomy":"product_tag","embeddable":true,"href":"https:\/\/gpl-love.com\/fr\/wp-json\/wp\/v2\/product_tag?post=118678"}],"curies":[{"name":"wp","href":"https:\/\/api.w.org\/{rel}","templated":true}]}}