{"id":118676,"date":"2021-02-09T00:00:00","date_gmt":"2021-02-08T23:00:00","guid":{"rendered":"https:\/\/gpl-love.com\/fr\/produit\/easy-digital-downloads-compare-products\/"},"modified":"2026-03-20T23:01:54","modified_gmt":"2026-03-20T22:01:54","slug":"easy-digital-downloads-compare-products","status":"publish","type":"product","link":"https:\/\/gpl-love.com\/fr\/produit\/easy-digital-downloads-compare-products\/","title":{"rendered":"Easy Digital Downloads Compare Products 1.1.3"},"content":{"rendered":"<h3>Easy Digital Downloads Compare Products Traits<\/h3>\n<p>Les t\u00e9l\u00e9chargements num\u00e9riques faciles comparent les produits est une solution compl\u00e8te qui r\u00e9pond aux besoins des entreprises en ligne qui cherchent \u00e0 analyser et \u00e0 contraster soigneusement les produits, leur permettant ainsi de prendre des d\u00e9cisions bien inform\u00e9es. Ce plugin remarquable permet sans effort les clients de faire des comparaisons c\u00f4te \u00e0 c\u00f4te de plusieurs produits, leur permettant ainsi de s\u00e9lectionner le produit optimal qui s&rsquo;aligne sur leurs exigences sp\u00e9cifiques. En raison de son interface intuitivement con\u00e7ue, les clients sont capables de comparer sans effort des aspects cruciaux tels que les fonctionnalit\u00e9s, les prix et les notations, favorisant ainsi un environnement propice \u00e0 des ventes accrues et \u00e0 la satisfaction globale des clients. De plus, ce plugin poss\u00e8de une pl\u00e9thore d&rsquo;options personnalisables, permettant aux entreprises d&rsquo;adapter leur outil de comparaison en fonction de leurs besoins uniques. Ces options incluent la possibilit\u00e9 d&rsquo;int\u00e9grer de mani\u00e8re transparente un bouton de comparaison sur les pages de produits, la libert\u00e9 de personnaliser le tableau de comparaison et la flexibilit\u00e9 pour d\u00e9terminer les attributs du produit \u00e0 afficher. En somme, les t\u00e9l\u00e9chargements num\u00e9riques faciles comparent les produits \u00e9merge comme un atout exceptionnel, capable d&rsquo;enrichir l&rsquo;exp\u00e9rience client et d&rsquo;\u00e9lever efficacement les performances des ventes pour toute entreprise en ligne.<\/p>\n<ul>\n<li>Les t\u00e9l\u00e9chargements num\u00e9riques faciles comparent les produits est un plugin puissant pour les sites Web WordPress qui permet la comparaison entre les produits.<\/li>\n<li>Avec ce plugin, les clients peuvent facilement comparer les produits sur votre site Web et prendre des d\u00e9cisions d&rsquo;achat \u00e9clair\u00e9es.<\/li>\n<li>Les t\u00e9l\u00e9chargements num\u00e9riques faciles comparent les produits enti\u00e8rement personnalisables, vous permettant de l&rsquo;adapter aux besoins et \u00e0 l&rsquo;image de marque sp\u00e9cifiques de votre site Web.<\/li>\n<li>Le plugin est livr\u00e9 avec une interface conviviale, ce qui permet aux clients de naviguer et d&rsquo;utiliser facilement.<\/li>\n<li>Les clients peuvent comparer les fonctionnalit\u00e9s des produits, les prix, les notes et plus encore avec ce plugin.<\/li>\n<li>Les t\u00e9l\u00e9chargements num\u00e9riques faciles comparent les produits sont compatibles avec la plupart des th\u00e8mes et fonctionnent de mani\u00e8re transparente avec des t\u00e9l\u00e9chargements num\u00e9riques faciles.<\/li>\n<li>Ce plugin aide \u00e0 augmenter les conversions de votre site Web et la satisfaction des clients en fournissant un outil de comparaison intuitif et pratique.<\/li>\n<li>Le plugin est r\u00e9guli\u00e8rement mis \u00e0 jour et pris en charge par une \u00e9quipe d\u00e9di\u00e9e, garantissant sa compatibilit\u00e9 avec les derni\u00e8res mises \u00e0 jour et fonctionnalit\u00e9s WordPress.<\/li>\n<\/ul>\n","protected":false},"excerpt":{"rendered":"<p>D\u00e9couvrez une exp\u00e9rience d&rsquo;achat en ligne transparente avec notre plugin Easy Digital Downloads Compare Products. Ce plugin permet aux clients de comparer sans effort les produits num\u00e9riques sur la base de diverses fonctionnalit\u00e9s, notes, prix, etc. Il est sp\u00e9cialement con\u00e7u pour am\u00e9liorer l&rsquo;exp\u00e9rience utilisateur, permettant aux acheteurs potentiels de prendre des d\u00e9cisions \u00e9clair\u00e9es sur la base de comparaisons d\u00e9taill\u00e9es. Le plugin est tr\u00e8s compatible et facile \u00e0 int\u00e9grer, transformant votre magasin num\u00e9rique en une plate-forme conviviale. Boostez vos ventes et la satisfaction du client avec le plugin Easy Digital Downloads Compare Products.<\/p>\n","protected":false},"featured_media":143610,"comment_status":"open","ping_status":"open","template":"","meta":[],"product_brand":[2523],"product_cat":[1182,1223,1181],"product_tag":[1255],"class_list":{"0":"post-118676","1":"product","2":"type-product","3":"status-publish","4":"has-post-thumbnail","6":"product_brand-easy-digital-downloads","7":"product_cat-commerce-electronique-plugins","8":"product_cat-personnalisation-commerce-electronique-plugins","9":"product_cat-plugins","10":"product_tag-easy-digital-downloads","11":"member-discount","12":"discount-restricted","14":"first","15":"instock","16":"sale","17":"downloadable","18":"virtual","19":"sold-individually","20":"purchasable","21":"product-type-simple"},"_links":{"self":[{"href":"https:\/\/gpl-love.com\/fr\/wp-json\/wp\/v2\/product\/118676","targetHints":{"allow":["GET"]}}],"collection":[{"href":"https:\/\/gpl-love.com\/fr\/wp-json\/wp\/v2\/product"}],"about":[{"href":"https:\/\/gpl-love.com\/fr\/wp-json\/wp\/v2\/types\/product"}],"replies":[{"embeddable":true,"href":"https:\/\/gpl-love.com\/fr\/wp-json\/wp\/v2\/comments?post=118676"}],"wp:featuredmedia":[{"embeddable":true,"href":"https:\/\/gpl-love.com\/fr\/wp-json\/wp\/v2\/media\/143610"}],"wp:attachment":[{"href":"https:\/\/gpl-love.com\/fr\/wp-json\/wp\/v2\/media?parent=118676"}],"wp:term":[{"taxonomy":"product_brand","embeddable":true,"href":"https:\/\/gpl-love.com\/fr\/wp-json\/wp\/v2\/product_brand?post=118676"},{"taxonomy":"product_cat","embeddable":true,"href":"https:\/\/gpl-love.com\/fr\/wp-json\/wp\/v2\/product_cat?post=118676"},{"taxonomy":"product_tag","embeddable":true,"href":"https:\/\/gpl-love.com\/fr\/wp-json\/wp\/v2\/product_tag?post=118676"}],"curies":[{"name":"wp","href":"https:\/\/api.w.org\/{rel}","templated":true}]}}