{"id":118674,"date":"2025-11-06T00:00:00","date_gmt":"2025-11-05T23:00:00","guid":{"rendered":"https:\/\/gpl-love.com\/fr\/produit\/easy-digital-downloads-commissions\/"},"modified":"2026-03-20T23:01:54","modified_gmt":"2026-03-20T22:01:54","slug":"easy-digital-downloads-commissions","status":"publish","type":"product","link":"https:\/\/gpl-love.com\/fr\/produit\/easy-digital-downloads-commissions\/","title":{"rendered":"Easy Digital Downloads Commissions 3.6.3"},"content":{"rendered":"<h3>Easy Digital Downloads Commissions Traits<\/h3>\n<p>Les commissions de t\u00e9l\u00e9chargements num\u00e9riques faciles, un outil incroyablement robuste et formidable, vous accordent la capacit\u00e9 remarquable \u00e0 g\u00e9rer efficacement et efficacement et \u00e0 suivre m\u00e9ticuleusement les commissions pour vos produits num\u00e9riques pr\u00e9cieux. Avec cet outil impressionnant et de pointe \u00e0 votre disposition, vous pouvez \u00e9tablir et personnaliser sans effort les taux de commission pour vos partenaires affili\u00e9s estim\u00e9s et surveiller et superviser m\u00e9ticuleusement leurs revenus durement gagn\u00e9s, vous conf\u00e9rant ainsi un niveau de dominion absolu sans pr\u00e9c\u00e9dent et sans pr\u00e9c\u00e9dent et sans pr\u00e9c\u00e9dent. sur votre programme d&rsquo;affiliation m\u00e9ticuleusement con\u00e7u et m\u00e9ticuleusement organis\u00e9. En outre, ce plugin ing\u00e9nieux et innovant s&rsquo;accompagne d&rsquo;un syst\u00e8me de rapports int\u00e9gr\u00e9 et int\u00e9gr\u00e9, vous offrant l&rsquo;occasion in\u00e9gal\u00e9e de scrutation et d&rsquo;analyser m\u00e9ticuleusement la performance globale et compl\u00e8te de votre programme d&rsquo;informations m\u00e9ticuleusement con\u00e7u et m\u00e9ticuleusement organis\u00e9, pour vous permettre de faire avec m\u00e9ticulement et m\u00e9ticuleusement organis\u00e9 un programme d&rsquo;affiliation, pour vous permettre de faire avec m\u00e9ticulement et m\u00e9ticuleusement organis\u00e9 un programme d&rsquo;affiliation, pour vous permettre de faire avec m\u00e9ticulement et m\u00e9ticuleusement organis\u00e9 un programme d&rsquo;affiliation, pour vous permettre de faire avec m\u00e9ticulement et m\u00e9ticuleusement organis\u00e9 un programme d&rsquo;affiliation, pour vous permettre de faire avec m\u00e9ticulement et m\u00e9ticuleusement des performances d&rsquo;affiliation. Des d\u00e9cisions astucieuses, sagaces et bas\u00e9es sur les donn\u00e9es qui ont le potentiel de r\u00e9volutionner et d&rsquo;agrandir le succ\u00e8s et le triomphe de votre entreprise de produits num\u00e9riques. En r\u00e9sum\u00e9, sans l&rsquo;ombre d&rsquo;un doute et sans \u00e9quivoque, des commissions de t\u00e9l\u00e9chargements num\u00e9riques faciles sont un outil indispensable, imp\u00e9ratif et absolument vital pour tous les produits num\u00e9riques exigeants et astucieux qui aspirent et s&rsquo;efforcent de g\u00e9rer et de superviser efficacement et de superviser avec efficacit\u00e9 et adroite son m\u00e9ticulement artisanal et adroit avec efficacit\u00e9 et adroite de son m\u00e9ticulement cr\u00e9\u00e9. et un programme d&rsquo;affiliation m\u00e9ticuleusement organis\u00e9 avec une efficacit\u00e9 exceptionnelle et une efficacit\u00e9 in\u00e9gal\u00e9e.<\/p>\n<ul>\n<li>Permet un suivi et une gestion des commissions simples et faciles<\/li>\n<li>Rationalise le processus de paiement des affili\u00e9s ou des partenaires<\/li>\n<li>Calcule les commissions bas\u00e9es sur une vari\u00e9t\u00e9 de r\u00e8gles et de param\u00e8tres personnalisables<\/li>\n<li>Fournit des rapports et des analyses d\u00e9taill\u00e9es sur l&rsquo;activit\u00e9 de la commission<\/li>\n<li>Int\u00e9gre parfaitement les t\u00e9l\u00e9chargements num\u00e9riques faciles et autres plates-formes de commerce \u00e9lectronique populaires<\/li>\n<li>Fournit une interface conviviale pour les administrateurs et les affili\u00e9s \/ partenaires<\/li>\n<li>Offre un support multilingue et multi-monnaie pour les entreprises internationales<\/li>\n<li>Peut \u00eatre personnalis\u00e9 et \u00e9tendu avec une gamme de modules compl\u00e9mentaires et d&rsquo;int\u00e9gations.<\/li>\n<\/ul>\n","protected":false},"excerpt":{"rendered":"<p>Boostez votre march\u00e9 en ligne avec le plugin Easy Digital T\u00e9l\u00e9chargements. Cet outil puissant vous permet de g\u00e9n\u00e9rer et de suivre facilement les commissions pour les fournisseurs, offrant une solution transparente pour g\u00e9rer et d\u00e9velopper votre entreprise de produits num\u00e9riques. Avec ce plugin, les fournisseurs peuvent gagner des commissions sur les ventes, favorisant une communaut\u00e9 tr\u00e8s motiv\u00e9e et engag\u00e9e. Cette fonctionnalit\u00e9 avanc\u00e9e fournit \u00e9galement des rapports clairs et d\u00e9taill\u00e9s, garantissant que toutes les transactions sont transparentes. Le plugin Easy Digital Downloads Commissions est un actif inestimable pour tout march\u00e9 en ligne qui cherche \u00e0 \u00e9tendre sa base de fournisseurs et \u00e0 augmenter les ventes. D\u00e9couvrez la facilit\u00e9 et l&rsquo;efficacit\u00e9 de la gestion des t\u00e9l\u00e9chargements num\u00e9riques avec ce plugin innovant.<\/p>\n","protected":false},"featured_media":143609,"comment_status":"open","ping_status":"open","template":"","meta":[],"product_brand":[2523],"product_cat":[1200,1182,1181],"product_tag":[1255],"class_list":{"0":"post-118674","1":"product","2":"type-product","3":"status-publish","4":"has-post-thumbnail","6":"product_brand-easy-digital-downloads","7":"product_cat-commercialisation","8":"product_cat-commerce-electronique-plugins","9":"product_cat-plugins","10":"product_tag-easy-digital-downloads","11":"member-discount","12":"discount-restricted","14":"first","15":"instock","16":"sale","17":"downloadable","18":"virtual","19":"sold-individually","20":"purchasable","21":"product-type-simple"},"_links":{"self":[{"href":"https:\/\/gpl-love.com\/fr\/wp-json\/wp\/v2\/product\/118674","targetHints":{"allow":["GET"]}}],"collection":[{"href":"https:\/\/gpl-love.com\/fr\/wp-json\/wp\/v2\/product"}],"about":[{"href":"https:\/\/gpl-love.com\/fr\/wp-json\/wp\/v2\/types\/product"}],"replies":[{"embeddable":true,"href":"https:\/\/gpl-love.com\/fr\/wp-json\/wp\/v2\/comments?post=118674"}],"wp:featuredmedia":[{"embeddable":true,"href":"https:\/\/gpl-love.com\/fr\/wp-json\/wp\/v2\/media\/143609"}],"wp:attachment":[{"href":"https:\/\/gpl-love.com\/fr\/wp-json\/wp\/v2\/media?parent=118674"}],"wp:term":[{"taxonomy":"product_brand","embeddable":true,"href":"https:\/\/gpl-love.com\/fr\/wp-json\/wp\/v2\/product_brand?post=118674"},{"taxonomy":"product_cat","embeddable":true,"href":"https:\/\/gpl-love.com\/fr\/wp-json\/wp\/v2\/product_cat?post=118674"},{"taxonomy":"product_tag","embeddable":true,"href":"https:\/\/gpl-love.com\/fr\/wp-json\/wp\/v2\/product_tag?post=118674"}],"curies":[{"name":"wp","href":"https:\/\/api.w.org\/{rel}","templated":true}]}}