{"id":118672,"date":"2021-10-14T00:00:00","date_gmt":"2021-10-13T22:00:00","guid":{"rendered":"https:\/\/gpl-love.com\/fr\/produit\/easy-digital-downloads-coinbase-payment-gateway\/"},"modified":"2026-03-20T23:01:53","modified_gmt":"2026-03-20T22:01:53","slug":"easy-digital-downloads-coinbase-payment-gateway","status":"publish","type":"product","link":"https:\/\/gpl-love.com\/fr\/produit\/easy-digital-downloads-coinbase-payment-gateway\/","title":{"rendered":"Easy Digital Downloads Coinbase Payment Gateway 1.2.3"},"content":{"rendered":"<h3>Easy Digital Downloads Coinbase Payment Gateway Traits<\/h3>\n<p>La passerelle de paiement Coinbase Easy Downloads Easy, une extension de passerelle de paiement tr\u00e8s efficace, est con\u00e7ue dans l&rsquo;objectif principal de rationaliser le processus de paiements en ligne pour les produits num\u00e9riques. En incorporant cette passerelle de paiement, les clients ont l&rsquo;occasion remarquable de r\u00e9gler facilement les paiements pour les produits num\u00e9riques en utilisant diverses crypto-monnaies, \u00e0 savoir Bitcoin, Ethereum et Litecoin. L&rsquo;un des principaux avantages de cette passerelle de paiement est sa compatibilit\u00e9 avec le compte Coinbase, une plate-forme d&rsquo;\u00e9change de crypto-monnaie renomm\u00e9e, permettant aux commer\u00e7ants de recevoir sans effort les paiements des clients. De plus, la passerelle de paiement Coinbase Easy Downloads Easy Downbase poss\u00e8de une interface conviviale et un processus de configuration simple, ce qui en fait une solution optimale pour les marchands qui aspirent \u00e0 fournir \u00e0 leurs clients une m\u00e9thode sans effort et s\u00e9curis\u00e9e pour acqu\u00e9rir des produits num\u00e9riques.<\/p>\n<ul>\n<li>Acceptez les paiements de crypto-monnaie directement sur votre magasin de t\u00e9l\u00e9chargements num\u00e9riques faciles<\/li>\n<li>Prend en charge Bitcoin, Bitcoin Cash, Ethereum et Litecoin<\/li>\n<li>Transactions s\u00e9curis\u00e9es et crypt\u00e9es<\/li>\n<li>Taux de change en temps r\u00e9el pour les montants de paiement pr\u00e9cis<\/li>\n<li>Int\u00e9gration facile avec le compte marchand Coinbase<\/li>\n<li>Aucun frais de transaction de Coinbase, seulement les frais de transaction EDD standard<\/li>\n<li>Traitement des paiements plus rapide sans retards bancaires traditionnels<\/li>\n<li>Acc\u00e8s \u00e0 une nouvelle client\u00e8le qui priorise les transactions de crypto-monnaie<\/li>\n<\/ul>\n","protected":false},"excerpt":{"rendered":"<p>Int\u00e9grez les fonctionnalit\u00e9s de pointe de la crypto-monnaie dans votre entreprise de commerce \u00e9lectronique avec notre passerelle de paiement Coinbase Easy Downloads. Cette int\u00e9gration innovante permet \u00e0 votre site Web d&rsquo;accepter Bitcoin, Ethereum et d&rsquo;autres crypto-monnaies populaires via Coinbase, une plate-forme de monnaie num\u00e9rique de confiance et globalement reconnue. Le processus de transaction transparente et s\u00e9curis\u00e9 augmente non seulement votre port\u00e9e mondiale, mais am\u00e9liore \u00e9galement la satisfaction du client en offrant diverses options de paiement. D\u00e9couvrez les avantages d&rsquo;une fraude de paiement r\u00e9duite, des transactions mondiales instantan\u00e9es et des frais de transaction plus bas. Investissez dans l&rsquo;avenir du commerce \u00e9lectronique avec notre passerelle de paiement Coinbase Easy Downloads Easy.<\/p>\n","protected":false},"featured_media":143608,"comment_status":"open","ping_status":"open","template":"","meta":[],"product_brand":[2523],"product_cat":[1182,1401,1181],"product_tag":[1255],"class_list":{"0":"post-118672","1":"product","2":"type-product","3":"status-publish","4":"has-post-thumbnail","6":"product_brand-easy-digital-downloads","7":"product_cat-commerce-electronique-plugins","8":"product_cat-paiement-commerce-electronique-plugins","9":"product_cat-plugins","10":"product_tag-easy-digital-downloads","11":"member-discount","12":"discount-restricted","14":"first","15":"instock","16":"sale","17":"downloadable","18":"virtual","19":"sold-individually","20":"purchasable","21":"product-type-simple"},"_links":{"self":[{"href":"https:\/\/gpl-love.com\/fr\/wp-json\/wp\/v2\/product\/118672","targetHints":{"allow":["GET"]}}],"collection":[{"href":"https:\/\/gpl-love.com\/fr\/wp-json\/wp\/v2\/product"}],"about":[{"href":"https:\/\/gpl-love.com\/fr\/wp-json\/wp\/v2\/types\/product"}],"replies":[{"embeddable":true,"href":"https:\/\/gpl-love.com\/fr\/wp-json\/wp\/v2\/comments?post=118672"}],"wp:featuredmedia":[{"embeddable":true,"href":"https:\/\/gpl-love.com\/fr\/wp-json\/wp\/v2\/media\/143608"}],"wp:attachment":[{"href":"https:\/\/gpl-love.com\/fr\/wp-json\/wp\/v2\/media?parent=118672"}],"wp:term":[{"taxonomy":"product_brand","embeddable":true,"href":"https:\/\/gpl-love.com\/fr\/wp-json\/wp\/v2\/product_brand?post=118672"},{"taxonomy":"product_cat","embeddable":true,"href":"https:\/\/gpl-love.com\/fr\/wp-json\/wp\/v2\/product_cat?post=118672"},{"taxonomy":"product_tag","embeddable":true,"href":"https:\/\/gpl-love.com\/fr\/wp-json\/wp\/v2\/product_tag?post=118672"}],"curies":[{"name":"wp","href":"https:\/\/api.w.org\/{rel}","templated":true}]}}