{"id":118670,"date":"2021-10-14T00:00:00","date_gmt":"2021-10-13T22:00:00","guid":{"rendered":"https:\/\/gpl-love.com\/fr\/produit\/easy-digital-downloads-braintree\/"},"modified":"2026-03-20T23:01:48","modified_gmt":"2026-03-20T22:01:48","slug":"easy-digital-downloads-braintree","status":"publish","type":"product","link":"https:\/\/gpl-love.com\/fr\/produit\/easy-digital-downloads-braintree\/","title":{"rendered":"Easy Digital Downloads Braintree 1.2.1"},"content":{"rendered":"<h3>Easy Digital Downloads Braintree Traits<\/h3>\n<p>Easy Digital Downloads Braintree est une passerelle de paiement tr\u00e8s efficace qui pr\u00e9sente une solution simple et conviviale pour les fournisseurs num\u00e9riques op\u00e9rant dans la sph\u00e8re en ligne. Cette passerelle remarquable facilite l&rsquo;acceptation des paiements \u00e0 partir d&rsquo;une vaste gamme de m\u00e9thodes de paiement, englobant les cartes de cr\u00e9dit, PayPal et Apple Pay. Tapp\u00e9 sp\u00e9cifiquement pour le domaine des t\u00e9l\u00e9chargements num\u00e9riques, cette passerelle de paiement appara\u00eet comme un choix exemplaire pour les magasins en ligne sp\u00e9cialis\u00e9s dans la fourniture de produits t\u00e9l\u00e9chargeables. En int\u00e9grant Braintree dans des t\u00e9l\u00e9chargements num\u00e9riques faciles, on peut \u00eatre assur\u00e9 d&rsquo;un traitement de paiement s\u00e9curis\u00e9 aux c\u00f4t\u00e9s de la protection sophistiqu\u00e9e de la fraude, garantissant ainsi une passerelle de paiement fiable qui est mutuellement b\u00e9n\u00e9fique pour les clients et les vendeurs. Avec son int\u00e9gration transparente, les entreprises peuvent rapidement \u00e9tablir leurs magasins en ligne et commencer l&rsquo;acceptation transparente des paiements avec une facilit\u00e9 et une efficacit\u00e9 in\u00e9gal\u00e9es.<\/p>\n<ul>\n<li>Int\u00e9gration sans couture de t\u00e9l\u00e9chargements num\u00e9riques faciles avec Braintree Payment Gateway<\/li>\n<li>S\u00e9curiser les transactions en ligne avec la conformit\u00e9 des normes de conformit\u00e9 PCI<\/li>\n<li>Acceptation de plusieurs devises et de cartes de cr\u00e9dit majeures<\/li>\n<li>Options de configuration et de personnalisation faciles<\/li>\n<li>Cr\u00e9ation automatique du compte client et notifications par e-mail<\/li>\n<li>Prise en charge des paiements et des abonnements r\u00e9currents<\/li>\n<li>Rapports d\u00e9taill\u00e9s des histoires de transaction et de paiement<\/li>\n<li>Mesures de protection contre la fraude robustes et gestion de recharge<\/li>\n<li>Interface utilisateur intuitive pour la facilit\u00e9 d&rsquo;utilisation des clients<\/li>\n<li>Mises \u00e0 jour r\u00e9guli\u00e8res et maintenance pour la s\u00e9curit\u00e9 et les fonctionnalit\u00e9s<\/li>\n<li>Soutien client et ressources de documentation d\u00e9di\u00e9s disponibles.<\/li>\n<\/ul>\n","protected":false},"excerpt":{"rendered":"<p>Pr\u00e9sentation des t\u00e9l\u00e9chargements num\u00e9riques faciles Braintree &#8211; un outil fiable et efficace con\u00e7u pour r\u00e9volutionner vos transactions num\u00e9riques. Cet outil est parfaitement int\u00e9gr\u00e9 \u00e0 votre plate-forme num\u00e9rique, permettant des paiements en ligne simples, s\u00e9curis\u00e9s et rapides. Avec Braintree, vous pouvez profiter d&rsquo;une exp\u00e9rience de paiement sans tracas et g\u00e9rer efficacement vos paiements. Les principales caract\u00e9ristiques des t\u00e9l\u00e9chargements num\u00e9riques faciles Braintree comprennent la protection avanc\u00e9e de la fraude, la prise en charge de plusieurs devises et l&rsquo;autorisation de paiements r\u00e9currents. Que vous soyez une petite entreprise ou une grande entreprise, Braintree fournit une solution de paiement robuste qui peut r\u00e9pondre \u00e0 vos besoins sp\u00e9cifiques. D\u00e9couvrez les avantages des transactions num\u00e9riques s\u00e9curis\u00e9es, rapides et faciles avec des t\u00e9l\u00e9chargements num\u00e9riques faciles Braintree aujourd&rsquo;hui!<\/p>\n","protected":false},"featured_media":143603,"comment_status":"open","ping_status":"open","template":"","meta":[],"product_brand":[2523],"product_cat":[1182,1401,1181],"product_tag":[1255],"class_list":{"0":"post-118670","1":"product","2":"type-product","3":"status-publish","4":"has-post-thumbnail","6":"product_brand-easy-digital-downloads","7":"product_cat-commerce-electronique-plugins","8":"product_cat-paiement-commerce-electronique-plugins","9":"product_cat-plugins","10":"product_tag-easy-digital-downloads","11":"member-discount","12":"discount-restricted","14":"first","15":"instock","16":"sale","17":"downloadable","18":"virtual","19":"sold-individually","20":"purchasable","21":"product-type-simple"},"_links":{"self":[{"href":"https:\/\/gpl-love.com\/fr\/wp-json\/wp\/v2\/product\/118670","targetHints":{"allow":["GET"]}}],"collection":[{"href":"https:\/\/gpl-love.com\/fr\/wp-json\/wp\/v2\/product"}],"about":[{"href":"https:\/\/gpl-love.com\/fr\/wp-json\/wp\/v2\/types\/product"}],"replies":[{"embeddable":true,"href":"https:\/\/gpl-love.com\/fr\/wp-json\/wp\/v2\/comments?post=118670"}],"wp:featuredmedia":[{"embeddable":true,"href":"https:\/\/gpl-love.com\/fr\/wp-json\/wp\/v2\/media\/143603"}],"wp:attachment":[{"href":"https:\/\/gpl-love.com\/fr\/wp-json\/wp\/v2\/media?parent=118670"}],"wp:term":[{"taxonomy":"product_brand","embeddable":true,"href":"https:\/\/gpl-love.com\/fr\/wp-json\/wp\/v2\/product_brand?post=118670"},{"taxonomy":"product_cat","embeddable":true,"href":"https:\/\/gpl-love.com\/fr\/wp-json\/wp\/v2\/product_cat?post=118670"},{"taxonomy":"product_tag","embeddable":true,"href":"https:\/\/gpl-love.com\/fr\/wp-json\/wp\/v2\/product_tag?post=118670"}],"curies":[{"name":"wp","href":"https:\/\/api.w.org\/{rel}","templated":true}]}}