{"id":118668,"date":"2021-12-08T00:00:00","date_gmt":"2021-12-07T23:00:00","guid":{"rendered":"https:\/\/gpl-love.com\/fr\/produit\/easy-digital-downloads-aweber\/"},"modified":"2026-03-20T23:01:47","modified_gmt":"2026-03-20T22:01:47","slug":"easy-digital-downloads-aweber","status":"publish","type":"product","link":"https:\/\/gpl-love.com\/fr\/produit\/easy-digital-downloads-aweber\/","title":{"rendered":"Easy Digital Downloads AWeber 2.0.9"},"content":{"rendered":"<h3>Easy Digital Downloads AWeber Traits<\/h3>\n<p>Les t\u00e9l\u00e9chargements num\u00e9riques faciles Aweber sont une solution tr\u00e8s efficace et efficace qui offre une int\u00e9gration transparente entre votre magasin de t\u00e9l\u00e9chargements num\u00e9riques faciles et la plate-forme de marketing par e-mail avanc\u00e9e d&rsquo;Aweber. Ce plugin exceptionnel vous permet de fusionner sans effort votre magasin et de marketing par e-mail, vous permettant de recueillir sans effort des informations vitales des clients et de distribuer des e-mails cibl\u00e9s \u00e0 vos pr\u00e9cieux abonn\u00e9s. Que votre objectif principal soit d&rsquo;\u00e9largir votre liste de diffusion, de stimuler les ventes ou d&rsquo;optimiser vos processus op\u00e9rationnels, les t\u00e9l\u00e9chargements num\u00e9riques faciles Aweber sont la solution ultime pour vous. Son interface conviviale et intuitive s&rsquo;adresse aux individus de tous niveaux, garantissant que n&rsquo;importe qui peut utiliser sa multitude de fonctionnalit\u00e9s puissantes \u00e0 son plein potentiel. Par cons\u00e9quent, si vous cherchez sinc\u00e8rement \u00e0 \u00e9lever vos efforts de marketing par e-mail \u00e0 des hauteurs sans pr\u00e9c\u00e9dent, ne cherchez pas plus loin que les capacit\u00e9s remarquables des t\u00e9l\u00e9chargements num\u00e9riques faciles Aweber.<\/p>\n<ul>\n<li>Int\u00e9gration transparente entre les t\u00e9l\u00e9chargements num\u00e9riques faciles et Aweber<\/li>\n<li>Processus de configuration facile pour connecter les deux plateformes<\/li>\n<li>Ajouter automatiquement les clients qui effectuent un achat via des t\u00e9l\u00e9chargements num\u00e9riques faciles pour Aweber Listes de messagerie<\/li>\n<li>Capacit\u00e9 \u00e0 segmenter les clients en fonction de leur historique d&rsquo;achat et de leur comportement<\/li>\n<li>Envoyez des e-mails cibl\u00e9s aux clients en fonction de leurs interactions avec votre magasin<\/li>\n<li>Suivez facilement le succ\u00e8s des campagnes par e-mail avec les outils analytiques d&rsquo;Aweber<\/li>\n<li>R\u00e9duire l&rsquo;effort manuel et augmenter l&rsquo;automatisation des efforts de marketing par e-mail<\/li>\n<li>Am\u00e9liorer les relations avec les clients et g\u00e9n\u00e9rer des revenus avec une communication personnalis\u00e9e.<\/li>\n<\/ul>\n","protected":false},"excerpt":{"rendered":"<p>Les t\u00e9l\u00e9chargements num\u00e9riques faciles Aweber sont l&rsquo;outil ultime con\u00e7u pour les entreprises en ligne. Cet outil puissant int\u00e8gre vos t\u00e9l\u00e9chargements num\u00e9riques avec Aweber, un principal fournisseur de services de marketing par e-mail. Avec des t\u00e9l\u00e9chargements num\u00e9riques faciles Aweber, vous pouvez facilement g\u00e9rer vos produits num\u00e9riques, augmenter vos ventes et vous connecter efficacement avec vos clients. Cette puissante int\u00e9gration vous permet d&rsquo;ajouter automatiquement vos clients \u00e0 vos listes de diffusion, vous permettant de maintenir un canal de communication r\u00e9gulier. Les principaux avantages de cet outil incluent l&rsquo;int\u00e9gration transparente, la configuration facile et l&rsquo;engagement am\u00e9lior\u00e9 des clients. Avec des t\u00e9l\u00e9chargements num\u00e9riques faciles Aweber, vous pouvez tirer parti de la puissance du marketing par e-mail pour d\u00e9velopper votre entreprise en ligne.<\/p>\n","protected":false},"featured_media":143602,"comment_status":"open","ping_status":"open","template":"","meta":[],"product_brand":[2523],"product_cat":[1200,1182,1181],"product_tag":[1255],"class_list":{"0":"post-118668","1":"product","2":"type-product","3":"status-publish","4":"has-post-thumbnail","6":"product_brand-easy-digital-downloads","7":"product_cat-commercialisation","8":"product_cat-commerce-electronique-plugins","9":"product_cat-plugins","10":"product_tag-easy-digital-downloads","11":"member-discount","12":"discount-restricted","14":"first","15":"instock","16":"sale","17":"downloadable","18":"virtual","19":"sold-individually","20":"purchasable","21":"product-type-simple"},"_links":{"self":[{"href":"https:\/\/gpl-love.com\/fr\/wp-json\/wp\/v2\/product\/118668","targetHints":{"allow":["GET"]}}],"collection":[{"href":"https:\/\/gpl-love.com\/fr\/wp-json\/wp\/v2\/product"}],"about":[{"href":"https:\/\/gpl-love.com\/fr\/wp-json\/wp\/v2\/types\/product"}],"replies":[{"embeddable":true,"href":"https:\/\/gpl-love.com\/fr\/wp-json\/wp\/v2\/comments?post=118668"}],"wp:featuredmedia":[{"embeddable":true,"href":"https:\/\/gpl-love.com\/fr\/wp-json\/wp\/v2\/media\/143602"}],"wp:attachment":[{"href":"https:\/\/gpl-love.com\/fr\/wp-json\/wp\/v2\/media?parent=118668"}],"wp:term":[{"taxonomy":"product_brand","embeddable":true,"href":"https:\/\/gpl-love.com\/fr\/wp-json\/wp\/v2\/product_brand?post=118668"},{"taxonomy":"product_cat","embeddable":true,"href":"https:\/\/gpl-love.com\/fr\/wp-json\/wp\/v2\/product_cat?post=118668"},{"taxonomy":"product_tag","embeddable":true,"href":"https:\/\/gpl-love.com\/fr\/wp-json\/wp\/v2\/product_tag?post=118668"}],"curies":[{"name":"wp","href":"https:\/\/api.w.org\/{rel}","templated":true}]}}