{"id":118666,"date":"2024-01-22T00:00:00","date_gmt":"2024-01-21T23:00:00","guid":{"rendered":"https:\/\/gpl-love.com\/fr\/produit\/easy-digital-downloads-amazon-s3\/"},"modified":"2026-03-20T23:01:46","modified_gmt":"2026-03-20T22:01:46","slug":"easy-digital-downloads-amazon-s3","status":"publish","type":"product","link":"https:\/\/gpl-love.com\/fr\/produit\/easy-digital-downloads-amazon-s3\/","title":{"rendered":"Easy Digital Downloads Amazon S3 2.4.1"},"content":{"rendered":"<h3>Easy Digital Downloads Amazon S3 Traits<\/h3>\n<p>Les t\u00e9l\u00e9chargements num\u00e9riques faciles Amazon S3 sont un plugin tr\u00e8s robuste et efficace qui permet sans effort la vente de produits num\u00e9riques sur votre site Web WordPress. S&rsquo;int\u00e9grant de mani\u00e8re transparente avec Amazon S3, ce plugin garantit une livraison et un stockage fiables et rapides de vos produits num\u00e9riques. En utilisant des t\u00e9l\u00e9chargements num\u00e9riques faciles Amazon S3, vous pouvez en toute s\u00e9curit\u00e9 donner des t\u00e9l\u00e9chargements num\u00e9riques sur votre client\u00e8le estim\u00e9e, tout en garantissant simultan\u00e9ment l&rsquo;accessibilit\u00e9 perp\u00e9tuelle et la sauvegarde de vos fichiers. Ce plugin, caract\u00e9ris\u00e9 par sa convivialit\u00e9, comprend une impressionnante gamme de fonctionnalit\u00e9s telles que des liens de t\u00e9l\u00e9chargement personnalisables, une livraison automatis\u00e9e et des capacit\u00e9s de rapports compl\u00e8tes. Que vos offres num\u00e9riques se composent de livres \u00e9lectroniques, de logiciels, de musique ou de tout autre produit num\u00e9rique, la solution in\u00e9gal\u00e9e r\u00e9side dans l&rsquo;adoption de t\u00e9l\u00e9chargements num\u00e9riques faciles Amazon S3 pour votre boutique en ligne estim\u00e9e.<\/p>\n<ul>\n<li>Int\u00e9gration transparente entre les t\u00e9l\u00e9chargements num\u00e9riques faciles et Amazon S3<\/li>\n<li>Stocker et livrer des produits num\u00e9riques en toute s\u00e9curit\u00e9 via les serveurs tr\u00e8s fiables d&rsquo;Amazon S3<\/li>\n<li>Contr\u00f4le complet sur les fichiers stock\u00e9s sur Amazon S3 et pendant combien de temps<\/li>\n<li>G\u00e9n\u00e9rez automatiquement les URL priv\u00e9es pour chaque produit num\u00e9rique, assurant que seuls les utilisateurs autoris\u00e9s peuvent y acc\u00e9der<\/li>\n<li>\u00c9conomisez sur les co\u00fbts du serveur et les d\u00e9penses de bande passante en utilisant le mod\u00e8le de tarification \u00e9volutif d&rsquo;Amazon S3<\/li>\n<li>Suivre l&rsquo;activit\u00e9 de t\u00e9l\u00e9chargement et g\u00e9n\u00e9rer des rapports via le syst\u00e8me d&rsquo;analyse int\u00e9gr\u00e9 d&rsquo;Easy Digital Download<\/li>\n<li>Processus de configuration facile avec des instructions \u00e9tape par \u00e9tape et une documentation de support disponible<\/li>\n<li>Acc\u00e8s \u00e0 une multitude d&rsquo;int\u00e9grations tierces gr\u00e2ce \u00e0 des t\u00e9l\u00e9chargements num\u00e9riques faciles, y compris des passerelles de paiement et des outils de marketing par e-mail<\/li>\n<li>Mises \u00e0 jour et maintenance r\u00e9guli\u00e8res pour assurer la compatibilit\u00e9 et la s\u00e9curit\u00e9.<\/li>\n<\/ul>\n","protected":false},"excerpt":{"rendered":"<p>D\u00e9verrouillez la puissance du stockage cloud avec nos t\u00e9l\u00e9chargements num\u00e9riques faciles Amazon S3 Int\u00e9gration. Cette solution innovante relie parfaitement votre magasin de t\u00e9l\u00e9chargements num\u00e9riques faciles \u00e0 votre compte Amazon S3, offrant un moyen simple et s\u00e9curis\u00e9 de g\u00e9rer et de livrer vos produits num\u00e9riques. Avec le stockage cloud fiable et \u00e9volutif d&rsquo;Amazon S3, vous pouvez g\u00e9rer sans effort n&rsquo;importe quel volume de t\u00e9l\u00e9chargements tout en r\u00e9duisant la charge sur votre serveur Web. Cette int\u00e9gration garantit non seulement des t\u00e9l\u00e9chargements rapides et lisses pour vos clients, mais offre \u00e9galement une protection robuste pour vos fichiers num\u00e9riques contre un acc\u00e8s non autoris\u00e9. Avec une configuration facile et une synchronisation automatique, la gestion de votre magasin num\u00e9rique devient un jeu d&rsquo;enfant. D\u00e9couvrez la commodit\u00e9 et la tranquillit\u00e9 d&rsquo;esprit fournies par nos t\u00e9l\u00e9chargements num\u00e9riques faciles Amazon S3 Int\u00e9gration.<\/p>\n","protected":false},"featured_media":143601,"comment_status":"open","ping_status":"open","template":"","meta":[],"product_brand":[2523],"product_cat":[1183,1182,1181],"product_tag":[1255],"class_list":{"0":"post-118666","1":"product","2":"type-product","3":"status-publish","4":"has-post-thumbnail","6":"product_brand-easy-digital-downloads","7":"product_cat-administration","8":"product_cat-commerce-electronique-plugins","9":"product_cat-plugins","10":"product_tag-easy-digital-downloads","11":"member-discount","12":"discount-restricted","14":"first","15":"instock","16":"sale","17":"downloadable","18":"virtual","19":"sold-individually","20":"purchasable","21":"product-type-simple"},"_links":{"self":[{"href":"https:\/\/gpl-love.com\/fr\/wp-json\/wp\/v2\/product\/118666","targetHints":{"allow":["GET"]}}],"collection":[{"href":"https:\/\/gpl-love.com\/fr\/wp-json\/wp\/v2\/product"}],"about":[{"href":"https:\/\/gpl-love.com\/fr\/wp-json\/wp\/v2\/types\/product"}],"replies":[{"embeddable":true,"href":"https:\/\/gpl-love.com\/fr\/wp-json\/wp\/v2\/comments?post=118666"}],"wp:featuredmedia":[{"embeddable":true,"href":"https:\/\/gpl-love.com\/fr\/wp-json\/wp\/v2\/media\/143601"}],"wp:attachment":[{"href":"https:\/\/gpl-love.com\/fr\/wp-json\/wp\/v2\/media?parent=118666"}],"wp:term":[{"taxonomy":"product_brand","embeddable":true,"href":"https:\/\/gpl-love.com\/fr\/wp-json\/wp\/v2\/product_brand?post=118666"},{"taxonomy":"product_cat","embeddable":true,"href":"https:\/\/gpl-love.com\/fr\/wp-json\/wp\/v2\/product_cat?post=118666"},{"taxonomy":"product_tag","embeddable":true,"href":"https:\/\/gpl-love.com\/fr\/wp-json\/wp\/v2\/product_tag?post=118666"}],"curies":[{"name":"wp","href":"https:\/\/api.w.org\/{rel}","templated":true}]}}