{"id":118664,"date":"2022-01-14T00:00:00","date_gmt":"2022-01-13T23:00:00","guid":{"rendered":"https:\/\/gpl-love.com\/fr\/produit\/easy-digital-downloads-advanced-sequential-order-numbers\/"},"modified":"2026-03-20T23:01:45","modified_gmt":"2026-03-20T22:01:45","slug":"easy-digital-downloads-advanced-sequential-order-numbers","status":"publish","type":"product","link":"https:\/\/gpl-love.com\/fr\/produit\/easy-digital-downloads-advanced-sequential-order-numbers\/","title":{"rendered":"Easy Digital Downloads Advanced Sequential Order Numbers 1.0.11"},"content":{"rendered":"<h3>Easy Digital Downloads Advanced Sequential Order Numbers Traits<\/h3>\n<p>Le plugin Easy Digital Downloads Advanced Sequential Order Number a pour objectif de faciliter les propri\u00e9taires de magasins en ligne dans le maintien du suivi des commandes gr\u00e2ce \u00e0 la g\u00e9n\u00e9ration de num\u00e9ros de commande s\u00e9quentiels. B\u00e9n\u00e9ficiant d&rsquo;une interface utilisateur intuitive, ce plugin est \u00e9quip\u00e9 d&rsquo;une gamme de fonctionnalit\u00e9s avanc\u00e9es, y compris la fourniture de pr\u00e9fixes et de suffixes personnalis\u00e9s, la possibilit\u00e9 de s\u00e9lectionner le num\u00e9ro de d\u00e9part et l&rsquo;option pour varier le nombre de chiffres. De plus, le plugin de num\u00e9ros de commande s\u00e9quentiel permet une personnalisation transparente des num\u00e9ros de commande, sur mesure sp\u00e9cifiquement pour r\u00e9pondre aux exigences distinctives de votre entreprise. En mettant en \u0153uvre ce plugin, vous pouvez surveiller et g\u00e9rer sans effort vos commandes, am\u00e9liorant ainsi l&rsquo;efficacit\u00e9 op\u00e9rationnelle globale de votre entreprise de commerce \u00e9lectronique.<\/p>\n<ul>\n<li>Ajoute la num\u00e9rotation des commandes s\u00e9quentielles avanc\u00e9es \u00e0 des t\u00e9l\u00e9chargements num\u00e9riques faciles<\/li>\n<li>G\u00e9n\u00e8re automatiquement les num\u00e9ros de commande bas\u00e9s sur des pr\u00e9fixes et suffixes personnalisables<\/li>\n<li>Permet un filtrage facile et le tri des commandes par leur num\u00e9ro de commande<\/li>\n<li>Offre plus de flexibilit\u00e9 dans la num\u00e9rotation par rapport au syst\u00e8me de num\u00e9rotation par d\u00e9faut d&rsquo;EDD<\/li>\n<li>Aide \u00e0 suivre plus facilement l&rsquo;historique des commandes et les donn\u00e9es de vente<\/li>\n<li>Am\u00e9liore l&rsquo;organisation et l&rsquo;efficacit\u00e9 dans la gestion des commandes au sein de l&rsquo;EDD<\/li>\n<li>Compatible avec d&rsquo;autres extensions EDD et modules compl\u00e9mentaires pour une solution de commerce \u00e9lectronique enti\u00e8rement int\u00e9gr\u00e9e<\/li>\n<li>Facile \u00e0 installer et \u00e0 configurer, avec des param\u00e8tres intuitifs et des options de personnalisation.<\/li>\n<\/ul>\n","protected":false},"excerpt":{"rendered":"<p>Rationalisez votre boutique en ligne avec des t\u00e9l\u00e9chargements num\u00e9riques faciles num\u00e9riques num\u00e9ros de commande s\u00e9quentiels avanc\u00e9s. Cet outil inestimable vous permet d&rsquo;organiser vos commandes de mani\u00e8re s\u00e9quentielle, vous aidant ainsi \u00e0 maintenir une vitrine bien rang\u00e9e et professionnelle. Avec son interface conviviale, vous pouvez facilement suivre les commandes, ce qui est particuli\u00e8rement b\u00e9n\u00e9fique pour les entreprises \u00e0 grande \u00e9chelle. De plus, cette fonctionnalit\u00e9 \u00e9limine les num\u00e9ros de commande al\u00e9atoires d\u00e9routants, ce qui permet \u00e0 vous et \u00e0 vos clients de r\u00e9f\u00e9rencer des transactions sp\u00e9cifiques. Am\u00e9liorez votre exp\u00e9rience de commerce \u00e9lectronique avec des num\u00e9ros de commande s\u00e9quentiels avanc\u00e9s et profitez de la simplicit\u00e9 et de l&rsquo;efficacit\u00e9 qu&rsquo;elle apporte \u00e0 votre entreprise de t\u00e9l\u00e9chargements num\u00e9riques.<\/p>\n","protected":false},"featured_media":143599,"comment_status":"open","ping_status":"open","template":"","meta":[],"product_brand":[2523],"product_cat":[1183,1182,1181],"product_tag":[1255],"class_list":{"0":"post-118664","1":"product","2":"type-product","3":"status-publish","4":"has-post-thumbnail","6":"product_brand-easy-digital-downloads","7":"product_cat-administration","8":"product_cat-commerce-electronique-plugins","9":"product_cat-plugins","10":"product_tag-easy-digital-downloads","11":"member-discount","12":"discount-restricted","14":"first","15":"instock","16":"sale","17":"downloadable","18":"virtual","19":"sold-individually","20":"purchasable","21":"product-type-simple"},"_links":{"self":[{"href":"https:\/\/gpl-love.com\/fr\/wp-json\/wp\/v2\/product\/118664","targetHints":{"allow":["GET"]}}],"collection":[{"href":"https:\/\/gpl-love.com\/fr\/wp-json\/wp\/v2\/product"}],"about":[{"href":"https:\/\/gpl-love.com\/fr\/wp-json\/wp\/v2\/types\/product"}],"replies":[{"embeddable":true,"href":"https:\/\/gpl-love.com\/fr\/wp-json\/wp\/v2\/comments?post=118664"}],"wp:featuredmedia":[{"embeddable":true,"href":"https:\/\/gpl-love.com\/fr\/wp-json\/wp\/v2\/media\/143599"}],"wp:attachment":[{"href":"https:\/\/gpl-love.com\/fr\/wp-json\/wp\/v2\/media?parent=118664"}],"wp:term":[{"taxonomy":"product_brand","embeddable":true,"href":"https:\/\/gpl-love.com\/fr\/wp-json\/wp\/v2\/product_brand?post=118664"},{"taxonomy":"product_cat","embeddable":true,"href":"https:\/\/gpl-love.com\/fr\/wp-json\/wp\/v2\/product_cat?post=118664"},{"taxonomy":"product_tag","embeddable":true,"href":"https:\/\/gpl-love.com\/fr\/wp-json\/wp\/v2\/product_tag?post=118664"}],"curies":[{"name":"wp","href":"https:\/\/api.w.org\/{rel}","templated":true}]}}