{"id":118639,"date":"2021-10-13T00:00:00","date_gmt":"2021-10-12T22:00:00","guid":{"rendered":"https:\/\/gpl-love.com\/fr\/produit\/mythemeshop-wp-real-estate-pro\/"},"modified":"2026-03-20T23:27:31","modified_gmt":"2026-03-20T22:27:31","slug":"mythemeshop-wp-real-estate-pro","status":"publish","type":"product","link":"https:\/\/gpl-love.com\/fr\/produit\/mythemeshop-wp-real-estate-pro\/","title":{"rendered":"MyThemeShop WP Real Estate Pro 1.1.29"},"content":{"rendered":"<h3>MyThemeShop WP Real Estate Pro Traits<\/h3>\n<p>MyTheShop WP Real Estate Pro est un plugin WordPress incroyablement robuste qui a \u00e9t\u00e9 m\u00e9ticuleusement con\u00e7u pour aider les agents immobiliers et les courtiers dans la cr\u00e9ation de sites Web tr\u00e8s professionnels et extr\u00eamement efficaces. B\u00e9n\u00e9ficiant d&rsquo;une pl\u00e9thore de fonctionnalit\u00e9s personnalisables et r\u00e9actives, WP Real Estate Pro accorde aux utilisateurs acc\u00e9dant \u00e0 une interface \u00e0 la fois conviviale et remarquablement intuitive, facilitant ainsi la gestion sans effort des propri\u00e9t\u00e9s, des agents et des listes. Que vous soyez un professionnel chevronn\u00e9 dans le domaine de l&rsquo;immobilier ou une personne qui s&rsquo;est r\u00e9cemment lanc\u00e9e dans ce voyage passionnant, WP Real Estate Pro est \u00e9quip\u00e9 d&rsquo;une gamme de fonctionnalit\u00e9s avanc\u00e9es capables d&rsquo;\u00e9lever votre site Web \u00e0 des hauteurs in\u00e9gal\u00e9es. Ces fonctionnalit\u00e9s incluent, mais sans s&rsquo;y limiter, des widgets personnalis\u00e9s, des options de recherche avanc\u00e9es et des mod\u00e8les qui peuvent \u00eatre personnalis\u00e9s en fonction de vos pr\u00e9f\u00e9rences. En utilisant ce plugin ph\u00e9nom\u00e9nal, vous pourrez cr\u00e9er un site Web qui incarne authentiquement l&rsquo;essence de votre marque tout en r\u00e9pondant simultan\u00e9ment aux besoins distinctifs de vos clients. Ainsi, si vous vous trouvez \u00e0 la recherche de moyens fiables et efficaces \u00e0 travers lesquels pour pr\u00e9senter efficacement vos listes immobili\u00e8res et g\u00e9rer efficacement votre pr\u00e9sence en ligne, ne cherchez pas plus loin que l&rsquo;incomparable MytheMeshop WP Real Estate Pro.<\/p>\n<ul>\n<li>Un th\u00e8me WordPress professionnel et \u00e9l\u00e9gant con\u00e7u sp\u00e9cifiquement pour les sites Web immobiliers.<\/li>\n<li>Comprend une page d&rsquo;accueil personnalisable avec des options pour afficher les listes en vedette, les derni\u00e8res propri\u00e9t\u00e9s et une fonction de recherche pour les visiteurs.<\/li>\n<li>Comprend des capacit\u00e9s de carte et d&#8217;emplacement int\u00e9gr\u00e9es, avec la possibilit\u00e9 d&rsquo;afficher les propri\u00e9t\u00e9s sur une carte Google pour une navigation facile.<\/li>\n<li>Livr\u00e9 avec un formulaire de contact int\u00e9gr\u00e9 et un syst\u00e8me de g\u00e9n\u00e9ration de leads pour capturer des informations potentielles sur les clients.<\/li>\n<li>Options de personnalisation faciles \u00e0 utiliser et flexibles, y compris des sch\u00e9mas de couleurs personnalisables, des polices et des options de mise en page.<\/li>\n<li>Prend en charge plusieurs langues, ce qui le rend id\u00e9al pour les sites Web immobiliers internationaux.<\/li>\n<li>Construit avec le r\u00e9f\u00e9rencement \u00e0 l&rsquo;esprit, avec un code optimis\u00e9 et un balisage de sch\u00e9ma de support pour une meilleure visibilit\u00e9 du moteur de recherche.<\/li>\n<li>Livr\u00e9 avec des mises \u00e0 jour gratuites et un soutien d\u00e9di\u00e9 de l&rsquo;\u00e9quipe MyTheMeshop.<\/li>\n<li>Compatible avec tous les principaux plugins WordPress et disponibles dans une conception r\u00e9active pour les utilisateurs mobiles et tablettes.<\/li>\n<li>Un achat unique sans frais r\u00e9currents ni frais cach\u00e9s, ce qui en fait un moyen rentable d&rsquo;am\u00e9liorer votre site Web immobilier.<\/li>\n<\/ul>\n","protected":false},"excerpt":{"rendered":"<p>MyTheShop WP Real Estate Pro est un th\u00e8me WordPress tr\u00e8s polyvalent et remarquablement convivial qui a \u00e9t\u00e9 exclusivement con\u00e7u en pensant \u00e0 l&rsquo;industrie immobili\u00e8re. B\u00e9n\u00e9ficiant d&rsquo;une interface intuitive et d&rsquo;un \u00e9ventail de fonctionnalit\u00e9s robustes, WP Real Estate Pro permet aux utilisateurs de construire et de g\u00e9rer sans effort leurs propres listes de propri\u00e9t\u00e9s, d&rsquo;organiser des filtres de recherche de propri\u00e9t\u00e9s sur mesure et de pr\u00e9senter leurs offres par des galeries d&rsquo;images visuellement frappantes et des pr\u00e9sentations vid\u00e9o captivantes. En outre, ce th\u00e8me est enti\u00e8rement r\u00e9actif et m\u00e9ticuleusement optimis\u00e9 pour l&rsquo;optimisation des moteurs de recherche (SEO), garantissant que votre site Web immobilier d\u00e9gagera de magnificence et offrira des performances optimales sur tous les appareils. Que vous soyez un agent immobilier ou un courtier, ou simplement une personne cherchant \u00e0 \u00e9tablir un site Web impressionnant de cotation immobili\u00e8re, WP Real Estate Pro est incontestablement la solution primordiale adapt\u00e9e \u00e0 vos exigences uniques.<\/p>\n","protected":false},"featured_media":144709,"comment_status":"open","ping_status":"open","template":"","meta":[],"product_brand":[2601],"product_cat":[1356,1212,1213],"product_tag":[1309],"class_list":{"0":"post-118639","1":"product","2":"type-product","3":"status-publish","4":"has-post-thumbnail","6":"product_brand-my-theme-shop","7":"product_cat-immobilier","8":"product_cat-themes","9":"product_cat-wordpress-themes","10":"product_tag-my-theme-shop","11":"member-discount","12":"discount-restricted","14":"first","15":"instock","16":"sale","17":"downloadable","18":"virtual","19":"sold-individually","20":"purchasable","21":"product-type-simple"},"_links":{"self":[{"href":"https:\/\/gpl-love.com\/fr\/wp-json\/wp\/v2\/product\/118639","targetHints":{"allow":["GET"]}}],"collection":[{"href":"https:\/\/gpl-love.com\/fr\/wp-json\/wp\/v2\/product"}],"about":[{"href":"https:\/\/gpl-love.com\/fr\/wp-json\/wp\/v2\/types\/product"}],"replies":[{"embeddable":true,"href":"https:\/\/gpl-love.com\/fr\/wp-json\/wp\/v2\/comments?post=118639"}],"wp:featuredmedia":[{"embeddable":true,"href":"https:\/\/gpl-love.com\/fr\/wp-json\/wp\/v2\/media\/144709"}],"wp:attachment":[{"href":"https:\/\/gpl-love.com\/fr\/wp-json\/wp\/v2\/media?parent=118639"}],"wp:term":[{"taxonomy":"product_brand","embeddable":true,"href":"https:\/\/gpl-love.com\/fr\/wp-json\/wp\/v2\/product_brand?post=118639"},{"taxonomy":"product_cat","embeddable":true,"href":"https:\/\/gpl-love.com\/fr\/wp-json\/wp\/v2\/product_cat?post=118639"},{"taxonomy":"product_tag","embeddable":true,"href":"https:\/\/gpl-love.com\/fr\/wp-json\/wp\/v2\/product_tag?post=118639"}],"curies":[{"name":"wp","href":"https:\/\/api.w.org\/{rel}","templated":true}]}}