{"id":118578,"date":"2021-10-12T00:00:00","date_gmt":"2021-10-11T22:00:00","guid":{"rendered":"https:\/\/gpl-love.com\/fr\/produit\/mixxcazt-creative-multipurpose-woocommerce-theme\/"},"modified":"2026-03-20T23:25:13","modified_gmt":"2026-03-20T22:25:13","slug":"mixxcazt-creative-multipurpose-woocommerce-theme","status":"publish","type":"product","link":"https:\/\/gpl-love.com\/fr\/produit\/mixxcazt-creative-multipurpose-woocommerce-theme\/","title":{"rendered":"Mixxcazt Creative Multipurpose WooCommerce Theme 1.5.2"},"content":{"rendered":"<h3>Mixxcazt Creative Multipurpose WooCommerce Theme Traits<\/h3>\n<p>MixxCazt Creative Multipurpose WooCommerce Le th\u00e8me est un th\u00e8me de commerce \u00e9lectronique tr\u00e8s polyvalent et incroyablement rempli de fonctionnalit\u00e9s qui r\u00e9pond aux besoins et aux exigences des entreprises en ligne dans diverses industries. B\u00e9n\u00e9ficiant d&rsquo;un design \u00e9l\u00e9gant et contemporain, ce th\u00e8me vous permet de pr\u00e9senter sans effort votre vaste gamme de produits de mani\u00e8re \u00e9l\u00e9gante et professionnelle. Avec une multitude de dispositions de page d&rsquo;accueil et de pages de produits \u00e0 votre disposition, vous avez la libert\u00e9 de personnaliser et d&rsquo;adapter votre boutique en ligne pour vous aligner parfaitement avec vos besoins sp\u00e9cifiques. De plus, l&rsquo;int\u00e9gration transparente et transparente avec WooCommerce garantit une gestion impeccablement douce et efficace de votre inventaire de produits, ainsi qu&rsquo;un processus d&rsquo;achat sans effort pour vos clients. En plus de ces fonctionnalit\u00e9s remarquables, MixxCazt propose \u00e9galement une vaste gamme de fonctionnalit\u00e9s avanc\u00e9es, y compris une vue rapide de produit pratique, une fonction de recherche AJAX efficace, ainsi que des widgets personnalisables qui s&rsquo;int\u00e8grent de mani\u00e8re transparente \u00e0 vos plateformes de m\u00e9dias sociaux pr\u00e9f\u00e9r\u00e9es. De plus, soyez assur\u00e9 qu&rsquo;avec l&rsquo;optimisation impeccable du r\u00e9f\u00e9rencement de MixxCazt, votre boutique en ligne augmentera sans effort au sommet du classement des moteurs de recherche, garantissant une visibilit\u00e9 et une exposition maximales \u00e0 votre public cible. En conclusion, MixxCazt appara\u00eet comme le choix d\u00e9finitif pour les personnes cherchant \u00e0 \u00e9tablir une boutique en ligne visuellement magnifique et tr\u00e8s efficace.<\/p>\n<ul>\n<li>Th\u00e8me polyvalent et polyvalent con\u00e7u pour WooCommerce<\/li>\n<li>Parfait pour les magasins en ligne vendant divers produits et services<\/li>\n<li>Offre une large gamme d&rsquo;options de personnalisation pour un look personnalis\u00e9<\/li>\n<li>Comprend des mod\u00e8les et des dispositions pr\u00e9d\u00e9finies pour une configuration facile<\/li>\n<li>Compatible avec Elementor Page Builder pour une conception sans effort<\/li>\n<li>Conception adapt\u00e9e aux mobiles et r\u00e9active pour une exp\u00e9rience utilisateur sans couture<\/li>\n<li>Optimis\u00e9 pour que SEO am\u00e9liore votre classement de moteur de recherche<\/li>\n<li>Int\u00e9gration int\u00e9gr\u00e9e des m\u00e9dias sociaux pour la promotion de votre marque<\/li>\n<li>Facile \u00e0 ajouter et \u00e0 g\u00e9rer des produits avec une fonctionnalit\u00e9 WooCommerce<\/li>\n<li>RECLUG\u00c9 MISE \u00c0 JOUR pour assurer la compatibilit\u00e9 avec les derni\u00e8res versions WordPress et WooCommerce.<\/li>\n<\/ul>\n","protected":false},"excerpt":{"rendered":"<p>MixxCazt Creative Multipurpose WooCommerce Le th\u00e8me propose une solution compl\u00e8te et multiforme pour les personnes cherchant \u00e0 \u00e9tablir une plate-forme de vente au d\u00e9tail en ligne efficace et efficace sur le plan esth\u00e9tique et op\u00e9rationnel. Ce th\u00e8me hautement adaptable comprend une pl\u00e9thore de fonctionnalit\u00e9s telles que des dispositions personnalisables, de nombreux styles d&rsquo;en-t\u00eate et de pied de page, ainsi qu&rsquo;un outil de personnalisation int\u00e9gr\u00e9. Que vous vous sp\u00e9cialisiez dans le marchandisage des v\u00eatements, de l&rsquo;\u00e9lectronique ou des t\u00e9l\u00e9chargements num\u00e9riques, MixxCazt vous permet de pr\u00e9senter vos produits gr\u00e2ce \u00e0 un design \u00e9l\u00e9gant et contemporain. De plus, avec une int\u00e9gration transparente avec WooCommerce, vous obtenez une autorit\u00e9 compl\u00e8te sur la configuration et l&rsquo;administration de votre magasin virtuel. \u00c9levez votre entreprise \u00e0 de nouveaux sommets en exploitant le potentiel du th\u00e8me WooCommerce multipurpose Creative MixxCazt.<\/p>\n","protected":false},"featured_media":144554,"comment_status":"open","ping_status":"open","template":"","meta":[],"product_brand":[2433],"product_cat":[1238,1372,1212],"product_tag":[1366],"class_list":{"0":"post-118578","1":"product","2":"type-product","3":"status-publish","4":"has-post-thumbnail","6":"product_brand-themeforest","7":"product_cat-commerce-electronique-themes","8":"product_cat-polyvalent-commerce-electronique-themes","9":"product_cat-themes","10":"product_tag-themeforest","11":"member-discount","12":"discount-restricted","14":"first","15":"instock","16":"sale","17":"downloadable","18":"virtual","19":"sold-individually","20":"purchasable","21":"product-type-simple"},"_links":{"self":[{"href":"https:\/\/gpl-love.com\/fr\/wp-json\/wp\/v2\/product\/118578","targetHints":{"allow":["GET"]}}],"collection":[{"href":"https:\/\/gpl-love.com\/fr\/wp-json\/wp\/v2\/product"}],"about":[{"href":"https:\/\/gpl-love.com\/fr\/wp-json\/wp\/v2\/types\/product"}],"replies":[{"embeddable":true,"href":"https:\/\/gpl-love.com\/fr\/wp-json\/wp\/v2\/comments?post=118578"}],"wp:featuredmedia":[{"embeddable":true,"href":"https:\/\/gpl-love.com\/fr\/wp-json\/wp\/v2\/media\/144554"}],"wp:attachment":[{"href":"https:\/\/gpl-love.com\/fr\/wp-json\/wp\/v2\/media?parent=118578"}],"wp:term":[{"taxonomy":"product_brand","embeddable":true,"href":"https:\/\/gpl-love.com\/fr\/wp-json\/wp\/v2\/product_brand?post=118578"},{"taxonomy":"product_cat","embeddable":true,"href":"https:\/\/gpl-love.com\/fr\/wp-json\/wp\/v2\/product_cat?post=118578"},{"taxonomy":"product_tag","embeddable":true,"href":"https:\/\/gpl-love.com\/fr\/wp-json\/wp\/v2\/product_tag?post=118578"}],"curies":[{"name":"wp","href":"https:\/\/api.w.org\/{rel}","templated":true}]}}