{"id":118576,"date":"2023-02-23T00:00:00","date_gmt":"2023-02-22T23:00:00","guid":{"rendered":"https:\/\/gpl-love.com\/fr\/produit\/newsprk-newspaper-wordpress-theme\/"},"modified":"2026-04-10T18:33:52","modified_gmt":"2026-04-10T16:33:52","slug":"newsprk-newspaper-wordpress-theme","status":"publish","type":"product","link":"https:\/\/gpl-love.com\/fr\/produit\/newsprk-newspaper-wordpress-theme\/","title":{"rendered":"Newsprk Newspaper Theme 6.1.0"},"content":{"rendered":"<h3>Newsprk Newspaper Theme Traits<\/h3>\n<p>Le th\u00e8me du journal Newsprk se pr\u00e9sente comme une alternative extraordinaire pour les personnes cherchant \u00e0 \u00e9tablir un journal en ligne professionnel et visuellement attrayant. \u00c9quip\u00e9 d&rsquo;une gamme diversifi\u00e9e de fonctionnalit\u00e9s, telles que la fourniture de huit dispositions de page d&rsquo;accueil distinctes et de nombreux styles de poste, ce th\u00e8me permet aux utilisateurs de personnaliser et d&rsquo;adapter leur journal \u00e0 leurs pr\u00e9f\u00e9rences et exigences sp\u00e9cifiques. Notamment, NewsPrk est pleinement r\u00e9actif, garantissant l&rsquo;accessibilit\u00e9 transparente sur une multitude d&rsquo;appareils. En outre, il int\u00e8gre un menu m\u00e9ga int\u00e9gr\u00e9 pratique, des capacit\u00e9s de partage des m\u00e9dias sociaux et un panneau d&rsquo;administration intuitivement navigable. Essentiellement, Newsprk appara\u00eet comme une s\u00e9lection optimale pour ceux qui s&rsquo;efforcent de fa\u00e7onner un journal en ligne contemporain et captivant.<\/p>\n<ul>\n<li>Un th\u00e8me moderne et \u00e9l\u00e9gant pour les sites Web des informations<\/li>\n<li>Options de mise en page personnalisables pour une conception de site Web facile<\/li>\n<li>Conception enti\u00e8rement r\u00e9active et conviviale pour une exp\u00e9rience utilisateur optimale<\/li>\n<li>Int\u00e9gration int\u00e9gr\u00e9e avec des plateformes de m\u00e9dias sociaux populaires pour un partage de contenu facile<\/li>\n<li>Optimis\u00e9 pour que SEO am\u00e9liore la visibilit\u00e9 du site Web sur les moteurs de recherche<\/li>\n<li>Comprend une vari\u00e9t\u00e9 de formats de poste pour l&rsquo;\u00e9dition de contenu polyvalent<\/li>\n<li>Fonctionnalit\u00e9s de gestion des annonces pour une mon\u00e9tisation facile de votre site Web<\/li>\n<li>Compatible avec des plugins populaires comme WooCommerce et WPML<\/li>\n<li>Widgets personnalis\u00e9s et shortcodes pour des fonctionnalit\u00e9s suppl\u00e9mentaires<\/li>\n<li>Documentation approfondie et prise en charge des utilisateurs pour un d\u00e9pannage facile<\/li>\n<\/ul>\n","protected":false},"excerpt":{"rendered":"<p>Le th\u00e8me du journal remarquable et extr\u00eamement louable de Newsprk offre une solution impeccable et in\u00e9gal\u00e9e \u00e0 toutes les personnes qui cherchent s\u00e9rieusement \u00e0 g\u00e9n\u00e9rer un journal en ligne raffin\u00e9 et captivant. Ce th\u00e8me extraordinairement bien con\u00e7u a \u00e9t\u00e9 ing\u00e9nieusement con\u00e7u pour montrer parfaitement votre contenu inestimable d&rsquo;une mani\u00e8re immacul\u00e9e et sophistiqu\u00e9e, avec des polices de titre \u00e9tonnantes qui captivent l&rsquo;attention du lecteur et les dispositions d&rsquo;articles lisibles sans effort. De plus, ce th\u00e8me exceptionnel vous accorde le pouvoir de personnaliser vos sch\u00e9mas de couleurs, assurant une int\u00e9gration transparente avec votre identit\u00e9 de marque unique. Furthermore, it encompasses a myriad of extraordinary features such as the provision of sticky headers and the seamless incorporation of social media platforms, thereby serving as an absolute necessity for any discerning journalist or blogger who aspires to impeccably showcase their remarkable work in the most stylish and mani\u00e8re captivante concevable.<\/p>\n","protected":false},"featured_media":144745,"comment_status":"open","ping_status":"open","template":"","meta":[],"product_brand":[2433],"product_cat":[1220,1212,1213],"product_tag":[1366],"class_list":{"0":"post-118576","1":"product","2":"type-product","3":"status-publish","4":"has-post-thumbnail","6":"product_brand-themeforest","7":"product_cat-blog-magazine","8":"product_cat-themes","9":"product_cat-wordpress-themes","10":"product_tag-themeforest","11":"member-discount","12":"discount-restricted","14":"first","15":"instock","16":"sale","17":"downloadable","18":"virtual","19":"sold-individually","20":"purchasable","21":"product-type-simple"},"_links":{"self":[{"href":"https:\/\/gpl-love.com\/fr\/wp-json\/wp\/v2\/product\/118576","targetHints":{"allow":["GET"]}}],"collection":[{"href":"https:\/\/gpl-love.com\/fr\/wp-json\/wp\/v2\/product"}],"about":[{"href":"https:\/\/gpl-love.com\/fr\/wp-json\/wp\/v2\/types\/product"}],"replies":[{"embeddable":true,"href":"https:\/\/gpl-love.com\/fr\/wp-json\/wp\/v2\/comments?post=118576"}],"wp:featuredmedia":[{"embeddable":true,"href":"https:\/\/gpl-love.com\/fr\/wp-json\/wp\/v2\/media\/144745"}],"wp:attachment":[{"href":"https:\/\/gpl-love.com\/fr\/wp-json\/wp\/v2\/media?parent=118576"}],"wp:term":[{"taxonomy":"product_brand","embeddable":true,"href":"https:\/\/gpl-love.com\/fr\/wp-json\/wp\/v2\/product_brand?post=118576"},{"taxonomy":"product_cat","embeddable":true,"href":"https:\/\/gpl-love.com\/fr\/wp-json\/wp\/v2\/product_cat?post=118576"},{"taxonomy":"product_tag","embeddable":true,"href":"https:\/\/gpl-love.com\/fr\/wp-json\/wp\/v2\/product_tag?post=118576"}],"curies":[{"name":"wp","href":"https:\/\/api.w.org\/{rel}","templated":true}]}}