{"id":118573,"date":"2025-02-09T00:00:00","date_gmt":"2025-02-08T23:00:00","guid":{"rendered":"https:\/\/gpl-love.com\/fr\/produit\/ninja-forms-zapier\/"},"modified":"2026-04-10T18:34:35","modified_gmt":"2026-04-10T16:34:35","slug":"ninja-forms-zapier","status":"publish","type":"product","link":"https:\/\/gpl-love.com\/fr\/produit\/ninja-forms-zapier\/","title":{"rendered":"Ninja Forms Zapier 3.1.0"},"content":{"rendered":"<h3>Ninja Forms Zapier Traits<\/h3>\n<p>Ninja Forms Zapier, un outil tr\u00e8s efficace, offre la capacit\u00e9 remarquable d&rsquo;automatiser vos formulaires et d&rsquo;optimiser vos workflows. En vous int\u00e9grant de mani\u00e8re transparente avec plus de 2 000 applications, cette int\u00e9gration vous permet d&rsquo;automatiser un large \u00e9ventail de t\u00e2ches, y compris, mais sans s&rsquo;y limiter, l&rsquo;envoi d&rsquo;e-mails, la mise \u00e0 jour des feuilles de calcul et la g\u00e9n\u00e9ration de nouveaux prospects dans les syst\u00e8mes de gestion de la relation client (CRM). Par cons\u00e9quent, cette caract\u00e9ristique exceptionnelle vous fait non seulement gagner beaucoup de temps, mais am\u00e9liore \u00e9galement votre efficacit\u00e9 globale en \u00e9liminant le besoin de saisie manuelle des donn\u00e9es et d&rsquo;assurer la synchronisation entre tous vos outils et syst\u00e8mes essentiels. Peu importe que vous op\u00e9rez en tant que marketing, vendeur ou que vous cherchez simplement \u00e0 rationaliser vos processus m\u00e9tier, les formulaires Ninja Zapier incarnent la solution id\u00e9ale pour automatiser vos formulaires et intensifier vos niveaux de productivit\u00e9.<\/p>\n<ul>\n<li>Int\u00e9grez de mani\u00e8re transparente vos donn\u00e9es Ninja Forms avec plus de 2 000 applications et services diff\u00e9rents<\/li>\n<li>Automatisez votre flux de travail et r\u00e9duisez la saisie manuelle des donn\u00e9es avec les puissants outils d&rsquo;automatisation de Zapier<\/li>\n<li>Connectez les formulaires Ninja \u00e0 des applications populaires comme Google Sheets, Salesforce et MailChimp en quelques clics<\/li>\n<li>Configurer des d\u00e9clencheurs et des actions pour envoyer des donn\u00e9es des formulaires Ninja \u00e0 d&rsquo;autres applications, ou vice versa<\/li>\n<li>Personnalisez vos automations en fonction de crit\u00e8res sp\u00e9cifiques, tels que les soumissions de formulaires ou les valeurs de champ<\/li>\n<li>Surveillez et g\u00e9rez toutes vos int\u00e9grations \u00e0 partir d&rsquo;un seul emplacement central<\/li>\n<li>Obtenez des alertes et des informations en temps r\u00e9el sur vos workflows automatis\u00e9s avec les fonctionnalit\u00e9s de rapport d\u00e9taill\u00e9es de Zapier<\/li>\n<li>Profitez d&rsquo;une synchronisation rapide et fiable qui garantit que vos donn\u00e9es sont toujours \u00e0 jour et pr\u00e9cises<\/li>\n<li>Acc\u00e9dez \u00e0 la vaste \u00e9quipe de connaissances et \u00e0 l&rsquo;\u00e9quipe de support client de Zapier pour l&rsquo;aide et les conseils \u00e0 chaque \u00e9tape de votre parcours d&rsquo;int\u00e9gration.<\/li>\n<\/ul>\n","protected":false},"excerpt":{"rendered":"<p>Vous pouvez \u00e9tablir sans effort une connexion entre vos donn\u00e9es Ninja Forms et plus de 1000 applications en utilisant Zapier! En int\u00e9grant les formulaires Ninja avec Zapier, vous avez la possibilit\u00e9 d&rsquo;automatiser vos workflows et de rationaliser le processus de saisie des donn\u00e9es. Cela implique de configurer des d\u00e9clencheurs et des actions qui facilitent la synchronisation transparente de vos soumissions de formulaire avec vos outils commerciaux pr\u00e9f\u00e9r\u00e9s, y compris, mais sans s&rsquo;y limiter, les plateformes de marketing par e-mail, les syst\u00e8mes de gestion de projet et divers autres. Offrez des adieux \u00e0 la pratique fastidieuse de saisir manuellement les donn\u00e9es et d&rsquo;accueillir un flux de travail plus efficace et plus productif \u00e0 l&rsquo;aide de Ninja Forms Zapier Int\u00e9gration.<\/p>\n","protected":false},"featured_media":144808,"comment_status":"open","ping_status":"open","template":"","meta":[],"product_brand":[2605],"product_cat":[1189,1181,1186],"product_tag":[1313],"class_list":{"0":"post-118573","1":"product","2":"type-product","3":"status-publish","4":"has-post-thumbnail","6":"product_brand-ninja-forms","7":"product_cat-personnalisation","8":"product_cat-plugins","9":"product_cat-wordpress-plugins","10":"product_tag-ninja-forms","11":"member-discount","12":"discount-restricted","14":"first","15":"instock","16":"sale","17":"downloadable","18":"virtual","19":"sold-individually","20":"purchasable","21":"product-type-simple"},"_links":{"self":[{"href":"https:\/\/gpl-love.com\/fr\/wp-json\/wp\/v2\/product\/118573","targetHints":{"allow":["GET"]}}],"collection":[{"href":"https:\/\/gpl-love.com\/fr\/wp-json\/wp\/v2\/product"}],"about":[{"href":"https:\/\/gpl-love.com\/fr\/wp-json\/wp\/v2\/types\/product"}],"replies":[{"embeddable":true,"href":"https:\/\/gpl-love.com\/fr\/wp-json\/wp\/v2\/comments?post=118573"}],"wp:featuredmedia":[{"embeddable":true,"href":"https:\/\/gpl-love.com\/fr\/wp-json\/wp\/v2\/media\/144808"}],"wp:attachment":[{"href":"https:\/\/gpl-love.com\/fr\/wp-json\/wp\/v2\/media?parent=118573"}],"wp:term":[{"taxonomy":"product_brand","embeddable":true,"href":"https:\/\/gpl-love.com\/fr\/wp-json\/wp\/v2\/product_brand?post=118573"},{"taxonomy":"product_cat","embeddable":true,"href":"https:\/\/gpl-love.com\/fr\/wp-json\/wp\/v2\/product_cat?post=118573"},{"taxonomy":"product_tag","embeddable":true,"href":"https:\/\/gpl-love.com\/fr\/wp-json\/wp\/v2\/product_tag?post=118573"}],"curies":[{"name":"wp","href":"https:\/\/api.w.org\/{rel}","templated":true}]}}