{"id":118571,"date":"2025-07-13T00:00:00","date_gmt":"2025-07-12T22:00:00","guid":{"rendered":"https:\/\/gpl-love.com\/fr\/produit\/gravityview-social-sharing-et-seo\/"},"modified":"2026-03-20T23:19:00","modified_gmt":"2026-03-20T22:19:00","slug":"gravityview-social-sharing-et-seo","status":"publish","type":"product","link":"https:\/\/gpl-love.com\/fr\/produit\/gravityview-social-sharing-et-seo\/","title":{"rendered":"Gravity View Social Sharing et SEO 3.3.2"},"content":{"rendered":"<h3>Gravity View Social Sharing et SEO Traits<\/h3>\n<p>Gravity View Social Sharing and SEO offre une solution robuste et efficace pour les propri\u00e9taires de sites Web visant \u00e0 augmenter leur visibilit\u00e9 et leur engagement en ligne. En int\u00e9grant de mani\u00e8re transparente avec des plateformes de m\u00e9dias sociaux importantes, notamment Facebook, Twitter et LinkedIn, cet outil remarquable permet aux utilisateurs de diffuser sans effort le contenu de leur site Web, \u00e9largissant ainsi leur port\u00e9e et attirant un public plus large. En outre, Gravity View Social Partage et SEO optimise avec diligence le contenu du site Web pour s&rsquo;aligner sur les algorithmes de moteur de recherche, faciliter une d\u00e9couverte facile et assurer des classements plus \u00e9lev\u00e9s dans les r\u00e9sultats de recherche. B\u00e9n\u00e9ficiant d&rsquo;une interface conviviale et intuitive, ce produit s&rsquo;adresse aux individus de tous niveaux, ce qui le rend un atout essentiel pour quiconque aspire \u00e0 enrichir sa pr\u00e9sence num\u00e9rique.<\/p>\n<ul>\n<li>Boose la pr\u00e9sence des m\u00e9dias sociaux du site Web en permettant un partage facile du contenu sur diverses plateformes<\/li>\n<li>S&rsquo;int\u00e8gre \u00e0 des sites de m\u00e9dias sociaux populaires tels que Facebook, Twitter et LinkedIn<\/li>\n<li>Fournit des boutons de partage personnalisables pour chaque plateforme de m\u00e9dias sociaux<\/li>\n<li>Augmente l&rsquo;optimisation du moteur de recherche du site Web (SEO) en ajoutant des balises Meta et en optimisant le contenu pour un meilleur classement<\/li>\n<li>Fournit des analyses d\u00e9taill\u00e9es sur l&rsquo;activit\u00e9 de partage social et les performances du r\u00e9f\u00e9rencement pour aider \u00e0 affiner les strat\u00e9gies de marketing<\/li>\n<li>Facile \u00e0 installer et \u00e0 utiliser sans codage requis<\/li>\n<li>Compatible avec WordPress et d&rsquo;autres plateformes CMS populaires<\/li>\n<\/ul>\n","protected":false},"excerpt":{"rendered":"<p>Gravity View Social Sharing and SEO est un outil incroyablement robuste qui offre aux propri\u00e9taires de sites Web les moyens d&rsquo;am\u00e9liorer le classement des moteurs de recherche de leur site Web et de renforcer sa visibilit\u00e9 sur les plateformes de m\u00e9dias sociaux. Cet outil remarquable poss\u00e8de une interface conviviale qui facilite le partage transparent des pages de sites Web sur les canaux de m\u00e9dias sociaux populaires, notamment Facebook, Twitter et LinkedIn. De plus, il offre un large \u00e9ventail de fonctionnalit\u00e9s de r\u00e9f\u00e9rencement avanc\u00e9es qui permettent aux utilisateurs d&rsquo;optimiser le contenu de leur site Web, garantissant ainsi l&rsquo;am\u00e9lioration des classements des moteurs de recherche. En exploitant le pouvoir de la gravit\u00e9 du partage social et du r\u00e9f\u00e9rencement, les propri\u00e9taires de sites Web peuvent augmenter efficacement leur pr\u00e9sence en ligne, g\u00e9n\u00e9rer un afflux substantiel de trafic vers leur site Web et favoriser un engagement accru entre leur marque et leur public cible.<\/p>\n","protected":false},"featured_media":144145,"comment_status":"open","ping_status":"open","template":"","meta":[],"product_brand":[2568],"product_cat":[1207,1181,1186],"product_tag":[1279],"class_list":{"0":"post-118571","1":"product","2":"type-product","3":"status-publish","4":"has-post-thumbnail","6":"product_brand-gravityview","7":"product_cat-commercialisation-wordpress-plugins","8":"product_cat-plugins","9":"product_cat-wordpress-plugins","10":"product_tag-gravityview","11":"member-discount","12":"discount-restricted","14":"first","15":"instock","16":"sale","17":"downloadable","18":"virtual","19":"sold-individually","20":"purchasable","21":"product-type-simple"},"_links":{"self":[{"href":"https:\/\/gpl-love.com\/fr\/wp-json\/wp\/v2\/product\/118571","targetHints":{"allow":["GET"]}}],"collection":[{"href":"https:\/\/gpl-love.com\/fr\/wp-json\/wp\/v2\/product"}],"about":[{"href":"https:\/\/gpl-love.com\/fr\/wp-json\/wp\/v2\/types\/product"}],"replies":[{"embeddable":true,"href":"https:\/\/gpl-love.com\/fr\/wp-json\/wp\/v2\/comments?post=118571"}],"wp:featuredmedia":[{"embeddable":true,"href":"https:\/\/gpl-love.com\/fr\/wp-json\/wp\/v2\/media\/144145"}],"wp:attachment":[{"href":"https:\/\/gpl-love.com\/fr\/wp-json\/wp\/v2\/media?parent=118571"}],"wp:term":[{"taxonomy":"product_brand","embeddable":true,"href":"https:\/\/gpl-love.com\/fr\/wp-json\/wp\/v2\/product_brand?post=118571"},{"taxonomy":"product_cat","embeddable":true,"href":"https:\/\/gpl-love.com\/fr\/wp-json\/wp\/v2\/product_cat?post=118571"},{"taxonomy":"product_tag","embeddable":true,"href":"https:\/\/gpl-love.com\/fr\/wp-json\/wp\/v2\/product_tag?post=118571"}],"curies":[{"name":"wp","href":"https:\/\/api.w.org\/{rel}","templated":true}]}}