{"id":118569,"date":"2026-04-10T00:00:00","date_gmt":"2026-04-09T22:00:00","guid":{"rendered":"https:\/\/gpl-love.com\/fr\/produit\/gravityview-featured-entries-extension\/"},"modified":"2026-04-10T18:30:49","modified_gmt":"2026-04-10T16:30:49","slug":"gravityview-featured-entries-extension","status":"publish","type":"product","link":"https:\/\/gpl-love.com\/fr\/produit\/gravityview-featured-entries-extension\/","title":{"rendered":"Gravity View Featured Entries Extension 2.1.0"},"content":{"rendered":"<h3>Gravity View Featured Entries Extension Traits<\/h3>\n<p>L&rsquo;extension des entr\u00e9es de vue de Gravity View, un outil incroyablement robuste con\u00e7u pour montrer votre contenu le plus cher sur votre site Web, est rempli d&rsquo;immenses capacit\u00e9s. Gr\u00e2ce \u00e0 l&rsquo;utilisation de cette extension remarquable, forgez sans effort les vues personnalis\u00e9es de vos entr\u00e9es de formulaires de gravit\u00e9, en les accentuant en bonne place sur votre domaine num\u00e9rique. L&rsquo;extension profite \u00e0 une vaste gamme de choix, englobant la capacit\u00e9 de parcourir les entr\u00e9es en fonction de l&rsquo;ordre chronologique, de la classification cat\u00e9gorique ou d&rsquo;autres crit\u00e8res distincts. De plus, vous poss\u00e9dez la libert\u00e9 d&rsquo;adapter la disposition et la conception de vos entr\u00e9es en vedette, harmonisant de mani\u00e8re transparente leur esth\u00e9tique avec l&rsquo;ambiance globale de votre site Web. Ind\u00e9niablement, cette prolongation est une ressource indispensable pour toute personne d\u00e9sireuse de pr\u00e9senter son contenu pr\u00e9\u00e9minent et de conduire un afflux de trafic vers son sanctuaire en ligne.<\/p>\n<ul>\n<li>Affiche la liste des entr\u00e9es s\u00e9lectionn\u00e9es \u00e0 partir des formulaires de gravit\u00e9 dans un format choisi<\/li>\n<li>Permet aux utilisateurs de mettre en \u00e9vidence des entr\u00e9es importantes ou en vedette sur leur site Web<\/li>\n<li>Options de disposition personnalisables, y compris la couleur, la taille de la police, et plus<\/li>\n<li>Facile \u00e0 utiliser et \u00e0 int\u00e9grer dans l&rsquo;installation des formulaires de gravit\u00e9 existants<\/li>\n<li>Prend en charge plusieurs s\u00e9lections d&rsquo;entr\u00e9e et options de filtrage<\/li>\n<li>Con\u00e7u pour des performances et une vitesse optimales<\/li>\n<li>Mobile r\u00e9actif et compatible avec tous les principaux navigateurs<\/li>\n<li>Fournit un moyen simple et efficace de pr\u00e9senter des entr\u00e9es importantes sur votre site Web.<\/li>\n<\/ul>\n","protected":false},"excerpt":{"rendered":"<p>En utilisant l&rsquo;extension remarquable des entr\u00e9es de vue de gravit\u00e9, les utilisateurs sont autoris\u00e9s \u00e0 souligner sans effort les plus grandes entr\u00e9es pivots dans leurs formes de gravit\u00e9. Cette extension incroyablement polyvalente accorde aux utilisateurs la capacit\u00e9 transparente \u00e0 pr\u00e9senter des entr\u00e9es en vedette sur leur site Web avec une myriade d&rsquo;options de personnalisation, ce qui rend la t\u00e2che de pr\u00e9senter leur contenu primordial une brise absolue. Offrez des adieux \u00e0 un codage et \u00e0 l&rsquo;\u00e9dition manuels laborieux et longs, et accueillis chaleureusement un processus rationalis\u00e9 et efficace pour accentuer efficacement les entr\u00e9es les plus remarquables au sein de ses formes de gravit\u00e9.<\/p>\n","protected":false},"featured_media":144135,"comment_status":"open","ping_status":"open","template":"","meta":[],"product_brand":[2568],"product_cat":[1189,1181,1186],"product_tag":[1279],"class_list":{"0":"post-118569","1":"product","2":"type-product","3":"status-publish","4":"has-post-thumbnail","6":"product_brand-gravityview","7":"product_cat-personnalisation","8":"product_cat-plugins","9":"product_cat-wordpress-plugins","10":"product_tag-gravityview","11":"member-discount","12":"discount-restricted","14":"first","15":"instock","16":"sale","17":"downloadable","18":"virtual","19":"sold-individually","20":"purchasable","21":"product-type-simple"},"_links":{"self":[{"href":"https:\/\/gpl-love.com\/fr\/wp-json\/wp\/v2\/product\/118569","targetHints":{"allow":["GET"]}}],"collection":[{"href":"https:\/\/gpl-love.com\/fr\/wp-json\/wp\/v2\/product"}],"about":[{"href":"https:\/\/gpl-love.com\/fr\/wp-json\/wp\/v2\/types\/product"}],"replies":[{"embeddable":true,"href":"https:\/\/gpl-love.com\/fr\/wp-json\/wp\/v2\/comments?post=118569"}],"wp:featuredmedia":[{"embeddable":true,"href":"https:\/\/gpl-love.com\/fr\/wp-json\/wp\/v2\/media\/144135"}],"wp:attachment":[{"href":"https:\/\/gpl-love.com\/fr\/wp-json\/wp\/v2\/media?parent=118569"}],"wp:term":[{"taxonomy":"product_brand","embeddable":true,"href":"https:\/\/gpl-love.com\/fr\/wp-json\/wp\/v2\/product_brand?post=118569"},{"taxonomy":"product_cat","embeddable":true,"href":"https:\/\/gpl-love.com\/fr\/wp-json\/wp\/v2\/product_cat?post=118569"},{"taxonomy":"product_tag","embeddable":true,"href":"https:\/\/gpl-love.com\/fr\/wp-json\/wp\/v2\/product_tag?post=118569"}],"curies":[{"name":"wp","href":"https:\/\/api.w.org\/{rel}","templated":true}]}}