{"id":118567,"date":"2025-07-13T00:00:00","date_gmt":"2025-07-12T22:00:00","guid":{"rendered":"https:\/\/gpl-love.com\/fr\/produit\/gravityview-entry-revisions\/"},"modified":"2026-03-20T23:18:50","modified_gmt":"2026-03-20T22:18:50","slug":"gravityview-entry-revisions","status":"publish","type":"product","link":"https:\/\/gpl-love.com\/fr\/produit\/gravityview-entry-revisions\/","title":{"rendered":"Gravity View Entry Revisions 1.7.0"},"content":{"rendered":"<h3>Gravity View Entry Revisions Traits<\/h3>\n<p>Les r\u00e9visions d&rsquo;entr\u00e9e de la vue Gravity offrent une fiabilit\u00e9 in\u00e9branlable et une efficacit\u00e9 remarquable, car il permet aux utilisateurs de parcourir et de superviser de mani\u00e8re transparente les diff\u00e9rentes r\u00e9visions de leurs entr\u00e9es de formulaires de gravit\u00e9. Ce plugin intuitif rend la t\u00e2che de la gestion des ant\u00e9c\u00e9dents de donn\u00e9es r\u00e9alisable sans effort, permettant un suivi m\u00e9ticuleux des modifications et une r\u00e9version rapide aux versions ant\u00e9rieures sans tracas. En vertu de son interface cristalline et conviviale, les r\u00e9visions de l&rsquo;entr\u00e9e de la vue de gravit\u00e9 facilitent facilement la navigation, \u00e9mergeant ainsi comme la solution par excellence pour les entreprises et les institutions n\u00e9cessitant une administration coh\u00e9rente de donn\u00e9es. Que votre objectif implique de surveiller les modifications, les r\u00e9visions contrast\u00e9es ou m\u00eame la r\u00e9cup\u00e9ration d&rsquo;informations supprim\u00e9es \u00e0 tort, soyez assur\u00e9 que les r\u00e9visions d&rsquo;entr\u00e9e de la vue de la gravit\u00e9 serviront \u00e0 l&rsquo;\u00e9cart d&rsquo;un outil indispensable, rationalisant et harmonisant votre protocole de gestion des donn\u00e9es complexes.<\/p>\n<ul>\n<li>Acc\u00e9der \u00e0 toutes les r\u00e9visions des entr\u00e9es de vue de gravit\u00e9<\/li>\n<li>Comparez et restaurez les versions pr\u00e9c\u00e9dentes des entr\u00e9es<\/li>\n<li>Afficher les modifications apport\u00e9es aux entr\u00e9es au fil du temps<\/li>\n<li>Augmenter la responsabilit\u00e9 et la transparence de la gestion des donn\u00e9es<\/li>\n<li>Personnaliser les param\u00e8tres de r\u00e9vision pour des formulaires et des utilisateurs sp\u00e9cifiques<\/li>\n<li>Suivre les modifications apport\u00e9es par diff\u00e9rents utilisateurs<\/li>\n<li>Assurer la pr\u00e9cision et l&rsquo;exhaustivit\u00e9 des donn\u00e9es d&rsquo;entr\u00e9e<\/li>\n<li>Compatible avec les formes de gravit\u00e9 et les plugins de vue de gravit\u00e9<\/li>\n<li>Interface conviviale pour une navigation et une gestion faciles<\/li>\n<li>Am\u00e9liorer l&rsquo;analyse des donn\u00e9es et la prise de d\u00e9cision.<\/li>\n<\/ul>\n","protected":false},"excerpt":{"rendered":"<p>Les r\u00e9visions d&rsquo;entr\u00e9e de la vue Gravity, une extension incroyablement robuste con\u00e7ue sp\u00e9cifiquement pour les formulaires de gravit\u00e9, offre aux utilisateurs la capacit\u00e9 remarquable pour surveiller et g\u00e9rer sans effort les modifications apport\u00e9es \u00e0 leurs entr\u00e9es de formulaire. Ce produit remarquable permet aux utilisateurs d&rsquo;acc\u00e8s de mani\u00e8re transparente, de comparer efficacement diverses versions et de restaurer en douceur les entr\u00e9es ant\u00e9rieures. L&rsquo;interface conviviale et instinctive simplifie le processus d&rsquo;identification rapide des modifications souhait\u00e9es, tandis que les journaux m\u00e9ticuleusement d\u00e9termin\u00e9s garantissent qu&rsquo;aucune r\u00e9vision ne passe inaper\u00e7ue ou ignor\u00e9e. Peu importe que vous collaboriez au sein d&rsquo;une \u00e9quipe ou apportez des modifications individuelles, les r\u00e9visions d&rsquo;entr\u00e9e de la vue de gravit\u00e9 apparaissent comme l&rsquo;instrument in\u00e9gal\u00e9 pour g\u00e9rer et superviser efficacement vos donn\u00e9es de forme pr\u00e9cieuses.<\/p>\n","protected":false},"featured_media":144134,"comment_status":"open","ping_status":"open","template":"","meta":[],"product_brand":[2568],"product_cat":[1187,1181,1186],"product_tag":[1279],"class_list":{"0":"post-118567","1":"product","2":"type-product","3":"status-publish","4":"has-post-thumbnail","6":"product_brand-gravityview","7":"product_cat-administration-wordpress-plugins","8":"product_cat-plugins","9":"product_cat-wordpress-plugins","10":"product_tag-gravityview","11":"member-discount","12":"discount-restricted","14":"first","15":"instock","16":"sale","17":"downloadable","18":"virtual","19":"sold-individually","20":"purchasable","21":"product-type-simple"},"_links":{"self":[{"href":"https:\/\/gpl-love.com\/fr\/wp-json\/wp\/v2\/product\/118567","targetHints":{"allow":["GET"]}}],"collection":[{"href":"https:\/\/gpl-love.com\/fr\/wp-json\/wp\/v2\/product"}],"about":[{"href":"https:\/\/gpl-love.com\/fr\/wp-json\/wp\/v2\/types\/product"}],"replies":[{"embeddable":true,"href":"https:\/\/gpl-love.com\/fr\/wp-json\/wp\/v2\/comments?post=118567"}],"wp:featuredmedia":[{"embeddable":true,"href":"https:\/\/gpl-love.com\/fr\/wp-json\/wp\/v2\/media\/144134"}],"wp:attachment":[{"href":"https:\/\/gpl-love.com\/fr\/wp-json\/wp\/v2\/media?parent=118567"}],"wp:term":[{"taxonomy":"product_brand","embeddable":true,"href":"https:\/\/gpl-love.com\/fr\/wp-json\/wp\/v2\/product_brand?post=118567"},{"taxonomy":"product_cat","embeddable":true,"href":"https:\/\/gpl-love.com\/fr\/wp-json\/wp\/v2\/product_cat?post=118567"},{"taxonomy":"product_tag","embeddable":true,"href":"https:\/\/gpl-love.com\/fr\/wp-json\/wp\/v2\/product_tag?post=118567"}],"curies":[{"name":"wp","href":"https:\/\/api.w.org\/{rel}","templated":true}]}}