{"id":118565,"date":"2025-07-13T00:00:00","date_gmt":"2025-07-12T22:00:00","guid":{"rendered":"https:\/\/gpl-love.com\/fr\/produit\/gravityview-diy-layout\/"},"modified":"2026-03-20T23:18:48","modified_gmt":"2026-03-20T22:18:48","slug":"gravityview-diy-layout","status":"publish","type":"product","link":"https:\/\/gpl-love.com\/fr\/produit\/gravityview-diy-layout\/","title":{"rendered":"Gravity View DIY Layout 2.5.2"},"content":{"rendered":"<h3>Gravity View DIY Layout Traits<\/h3>\n<p>Gravity View Disposition est une solution tr\u00e8s robuste et avanc\u00e9e qui permet aux utilisateurs la capacit\u00e9 de g\u00e9n\u00e9rer sans effort leur propre mise en page personnalis\u00e9e pour les soumissions de formes de gravit\u00e9. En vertu de son interface de glisser-d\u00e9poser, conviviale et intuitive, les individus peuvent \u00e9laborer rapidement et de mani\u00e8re transparente une mise en page qui s&rsquo;aligne parfaitement avec leurs exigences uniques. De plus, cet outil exceptionnel poss\u00e8de une vaste gamme de fonctionnalit\u00e9s de personnalisation, telles que la possibilit\u00e9 d&rsquo;int\u00e9grer de mani\u00e8re transparente les champs personnalis\u00e9s, de modifier la disposition des champs existants et de s\u00e9lectionner dans une gamme diversifi\u00e9e d&rsquo;options de style captivantes. En outre, il convient de noter que la disposition du bricolage de la vue de gravit\u00e9 est pleinement r\u00e9active, garantissant que les formulaires d\u00e9gageont un attrait visuel et une fonctionnalit\u00e9 in\u00e9gal\u00e9s sur tous les types d&rsquo;appareils. Que vous soyez un novice naissant ou un expert chevronn\u00e9, la mise en page de bricolage de la vue de gravit\u00e9 est une ressource indispensable pour les personnes cherchant \u00e0 fa\u00e7onner des formes exquises et tr\u00e8s professionnelles qui sont faites sur mesure pour r\u00e9pondre \u00e0 leurs demandes sp\u00e9cifiques.<\/p>\n<ul>\n<li>Cr\u00e9er des dispositions personnalis\u00e9es sous des formes de gravit\u00e9<\/li>\n<li>Aucun codage n\u00e9cessaire<\/li>\n<li>Interface glisser-d\u00e9poser<\/li>\n<li>Choisissez parmi les mod\u00e8les pr\u00e9-con\u00e7us<\/li>\n<li>Personnaliser les champs et les \u00e9tiquettes<\/li>\n<li>Cr\u00e9er des formulaires de plusieurs pages<\/li>\n<li>Compatible avec toutes les formes de gravit\u00e9<\/li>\n<li>Conception r\u00e9active pour les formulaires adapt\u00e9s aux mobiles<\/li>\n<li>Int\u00e9grer avec le marketing par e-mail et le CRMS<\/li>\n<li>Gagnez du temps et rationalisez le processus de cr\u00e9ation de formulaire<\/li>\n<\/ul>\n","protected":false},"excerpt":{"rendered":"<p>Gravity View Diy Layout est un outil incroyablement convivial et pratique sp\u00e9cialement cr\u00e9\u00e9 pour les utilisateurs de WordPress. Son objectif principal est de permettre aux individus de g\u00e9n\u00e9rer et de modifier sans effort des dispositions personnalis\u00e9es pour leurs donn\u00e9es de formulaires de gravit\u00e9. En utilisant son interface de glisser-d\u00e9poser remarquablement intuitive et une impressionnante gamme de mod\u00e8les pr\u00e9d\u00e9finis, vous pouvez organiser et afficher de mani\u00e8re transparente vos donn\u00e9es d&rsquo;une mani\u00e8re visuellement captivante qui s&rsquo;int\u00e8gre de mani\u00e8re transparente \u00e0 la conception unique de votre site Web. Les utilisateurs ont la libert\u00e9 de montrer leurs donn\u00e9es dans divers formats, y compris des tables, des grilles, des listes ou des r\u00e9sum\u00e9s, tout en \u00e9tant en mesure d&rsquo;utiliser la fonction de mise en forme conditionnelle tr\u00e8s avantageuse pour accentuer efficacement des informations cruciales. Que vous ayez besoin d&rsquo;une \u00e9l\u00e9gante vitrine des r\u00e9sultats de l&rsquo;enqu\u00eate, des inscriptions d&rsquo;\u00e9v\u00e9nements ou des commentaires pr\u00e9cieux des clients, la mise en page du bricolage de la vue sur la gravit\u00e9 appara\u00eet comme la solution ultime pour vous assurer que vos donn\u00e9es se d\u00e9marquent vraiment de la foule.<\/p>\n","protected":false},"featured_media":144133,"comment_status":"open","ping_status":"open","template":"","meta":[],"product_brand":[2568],"product_cat":[1189,1181,1186],"product_tag":[1279],"class_list":{"0":"post-118565","1":"product","2":"type-product","3":"status-publish","4":"has-post-thumbnail","6":"product_brand-gravityview","7":"product_cat-personnalisation","8":"product_cat-plugins","9":"product_cat-wordpress-plugins","10":"product_tag-gravityview","11":"member-discount","12":"discount-restricted","14":"first","15":"instock","16":"sale","17":"downloadable","18":"virtual","19":"sold-individually","20":"purchasable","21":"product-type-simple"},"_links":{"self":[{"href":"https:\/\/gpl-love.com\/fr\/wp-json\/wp\/v2\/product\/118565","targetHints":{"allow":["GET"]}}],"collection":[{"href":"https:\/\/gpl-love.com\/fr\/wp-json\/wp\/v2\/product"}],"about":[{"href":"https:\/\/gpl-love.com\/fr\/wp-json\/wp\/v2\/types\/product"}],"replies":[{"embeddable":true,"href":"https:\/\/gpl-love.com\/fr\/wp-json\/wp\/v2\/comments?post=118565"}],"wp:featuredmedia":[{"embeddable":true,"href":"https:\/\/gpl-love.com\/fr\/wp-json\/wp\/v2\/media\/144133"}],"wp:attachment":[{"href":"https:\/\/gpl-love.com\/fr\/wp-json\/wp\/v2\/media?parent=118565"}],"wp:term":[{"taxonomy":"product_brand","embeddable":true,"href":"https:\/\/gpl-love.com\/fr\/wp-json\/wp\/v2\/product_brand?post=118565"},{"taxonomy":"product_cat","embeddable":true,"href":"https:\/\/gpl-love.com\/fr\/wp-json\/wp\/v2\/product_cat?post=118565"},{"taxonomy":"product_tag","embeddable":true,"href":"https:\/\/gpl-love.com\/fr\/wp-json\/wp\/v2\/product_tag?post=118565"}],"curies":[{"name":"wp","href":"https:\/\/api.w.org\/{rel}","templated":true}]}}