{"id":118563,"date":"2026-03-20T00:00:00","date_gmt":"2026-03-19T23:00:00","guid":{"rendered":"https:\/\/gpl-love.com\/fr\/produit\/gravityview-datatables-extension\/"},"modified":"2026-03-28T23:30:40","modified_gmt":"2026-03-28T22:30:40","slug":"gravityview-datatables-extension","status":"publish","type":"product","link":"https:\/\/gpl-love.com\/fr\/produit\/gravityview-datatables-extension\/","title":{"rendered":"Gravity View DataTables Extension 3.7.4"},"content":{"rendered":"<h3>Gravity View DataTables Extension Traits<\/h3>\n<p>L&rsquo;utilisation de l&rsquo;extension des donn\u00e9es de donn\u00e9es de vue de Gravity est tr\u00e8s avantageuse car elle fournit aux utilisateurs un m\u00e9canisme robuste et efficace pour pr\u00e9senter des entr\u00e9es de formulaires de gravit\u00e9 dans un format de donn\u00e9es de donn\u00e9es hautement personnalisable. Cette extension poss\u00e8de une interface remarquablement conviviale, permettant aux individus de filtrer et de trier les entr\u00e9es sans effort, en plus d&rsquo;exporter des donn\u00e9es dans divers formats tels que CSV, Excel et PDF. De plus, cette extension s&rsquo;int\u00e8gre de mani\u00e8re transparente aux formes de gravit\u00e9 et \u00e0 la vue de gravit\u00e9, facilitant une incorporation transparente dans son flux de travail existant. Que son exp\u00e9rience professionnelle implique le d\u00e9veloppement de logiciels, le marketing ou la propri\u00e9t\u00e9 d&rsquo;entreprise, l&rsquo;extension des donn\u00e9es de donn\u00e9es de la vue Gravity est un outil indispensable qui rationalise efficacement les processus de gestion des donn\u00e9es, am\u00e9liorant ainsi consid\u00e9rablement les niveaux globaux de productivit\u00e9.<\/p>\n<ul>\n<li>Afficher et trier facilement les tableaux de donn\u00e9es \u00e0 l&rsquo;aide des entr\u00e9es de formulaires de gravit\u00e9<\/li>\n<li>L&rsquo;interface intuitive permet la personnalisation des donn\u00e9es et des styles de table<\/li>\n<li>Prend en charge la conception r\u00e9active pour une int\u00e9gration transparente avec n&rsquo;importe quel site Web<\/li>\n<li>Compatible avec les th\u00e8mes et plugins WordPress populaires<\/li>\n<li>Fournit une documentation et un soutien approfondis pour une configuration et une impl\u00e9mentation faciles<\/li>\n<li>Id\u00e9al pour les entreprises et les organisations qui cherchent \u00e0 rationaliser la gestion des donn\u00e9es et les processus de pr\u00e9sentation<\/li>\n<li>Mis \u00e0 jour en continu avec de nouvelles fonctionnalit\u00e9s et am\u00e9liorations pour des performances optimales<\/li>\n<li>\u00c9conomise du temps et des ressources en \u00e9liminant la n\u00e9cessit\u00e9 d&rsquo;une organisation et d&rsquo;une pr\u00e9sentation manuelles.<\/li>\n<\/ul>\n","protected":false},"excerpt":{"rendered":"<p>L&rsquo;extension DataTables de la vue Gravity, un outil hautement formidable, pr\u00e9sente une opportunit\u00e9 de montrer vos donn\u00e9es de formulaires de gravit\u00e9 dans un format \u00e0 la fois personnalisable et interactif. Dans le domaine de cette extension, on peut passer sans effort \u00e0 travers leurs donn\u00e9es en recherchant, tri et filtrage bas\u00e9 sur de nombreux crit\u00e8res, tout en ayant la capacit\u00e9 de l&rsquo;exporter dans d&rsquo;autres formats de fichiers tels que CSV ou Excel. L&rsquo;extension DataTables poss\u00e8de un design sophistiqu\u00e9 et contemporain qui compl\u00e8te parfaitement n&rsquo;importe quel site Web, tout en \u00e9tant enti\u00e8rement adaptable pour s&rsquo;aligner sur vos pr\u00e9f\u00e9rences uniques de marque et d&rsquo;esth\u00e9tique. Ind\u00e9pendamment de la supervision des informations des clients, des donn\u00e9es de vente ou des r\u00e9ponses \u00e0 l&rsquo;enqu\u00eate, l&rsquo;extension de DataTables View Gravity optimise votre traitement des donn\u00e9es et facilite un flux de travail plus rationalis\u00e9 en termes de pr\u00e9sentation.<\/p>\n","protected":false},"featured_media":144132,"comment_status":"open","ping_status":"open","template":"","meta":[],"product_brand":[2568],"product_cat":[1189,1181,1186],"product_tag":[1279],"class_list":{"0":"post-118563","1":"product","2":"type-product","3":"status-publish","4":"has-post-thumbnail","6":"product_brand-gravityview","7":"product_cat-personnalisation","8":"product_cat-plugins","9":"product_cat-wordpress-plugins","10":"product_tag-gravityview","11":"member-discount","12":"discount-restricted","14":"first","15":"instock","16":"sale","17":"downloadable","18":"virtual","19":"sold-individually","20":"purchasable","21":"product-type-simple"},"_links":{"self":[{"href":"https:\/\/gpl-love.com\/fr\/wp-json\/wp\/v2\/product\/118563","targetHints":{"allow":["GET"]}}],"collection":[{"href":"https:\/\/gpl-love.com\/fr\/wp-json\/wp\/v2\/product"}],"about":[{"href":"https:\/\/gpl-love.com\/fr\/wp-json\/wp\/v2\/types\/product"}],"replies":[{"embeddable":true,"href":"https:\/\/gpl-love.com\/fr\/wp-json\/wp\/v2\/comments?post=118563"}],"wp:featuredmedia":[{"embeddable":true,"href":"https:\/\/gpl-love.com\/fr\/wp-json\/wp\/v2\/media\/144132"}],"wp:attachment":[{"href":"https:\/\/gpl-love.com\/fr\/wp-json\/wp\/v2\/media?parent=118563"}],"wp:term":[{"taxonomy":"product_brand","embeddable":true,"href":"https:\/\/gpl-love.com\/fr\/wp-json\/wp\/v2\/product_brand?post=118563"},{"taxonomy":"product_cat","embeddable":true,"href":"https:\/\/gpl-love.com\/fr\/wp-json\/wp\/v2\/product_cat?post=118563"},{"taxonomy":"product_tag","embeddable":true,"href":"https:\/\/gpl-love.com\/fr\/wp-json\/wp\/v2\/product_tag?post=118563"}],"curies":[{"name":"wp","href":"https:\/\/api.w.org\/{rel}","templated":true}]}}