{"id":118561,"date":"2025-02-04T00:00:00","date_gmt":"2025-02-03T23:00:00","guid":{"rendered":"https:\/\/gpl-love.com\/fr\/produit\/gravityview-az-filters-extension\/"},"modified":"2026-03-20T23:18:47","modified_gmt":"2026-03-20T22:18:47","slug":"gravityview-az-filters-extension","status":"publish","type":"product","link":"https:\/\/gpl-love.com\/fr\/produit\/gravityview-az-filters-extension\/","title":{"rendered":"Gravity View AZ Filters Extension 1.4.2"},"content":{"rendered":"<h3>Gravity View AZ Filters Extension Traits<\/h3>\n<p>L&rsquo;extension des filtres AZ de vue Gravity, un outil exceptionnellement puissant, permet aux utilisateurs de filtrer et de trier les informations sans effort log\u00e9es dans leurs entr\u00e9es sous forme de gravit\u00e9. En vertu de cette extension, les utilisateurs sont dot\u00e9s de la possibilit\u00e9 de rechercher rapidement et efficacement les donn\u00e9es \u00e0 l&rsquo;aide d&rsquo;un filtre A-Z personnalisable. De plus, l&rsquo;installation de cette extension est un processus transparent, et il s&rsquo;int\u00e8gre de mani\u00e8re transparente \u00e0 WordPress, ce qui le rend un choix exemplaire pour les personnes cherchant \u00e0 optimiser leurs proc\u00e9dures de gestion des donn\u00e9es. Que le besoin se pose pour parcourir les informations des clients ou pour surveiller les donn\u00e9es de vente, cette extension est la solution consomm\u00e9e pour tout utilisateur de formulaires de gravit\u00e9. Incontestablement, l&rsquo;extension des filtres AZ de vue Gravity est un outil essentiel pour tous ceux qui cherchent \u00e0 rationaliser leurs processus de gestion des donn\u00e9es et \u00e0 am\u00e9liorer leur flux de travail global.<\/p>\n<ul>\n<li>Permet aux utilisateurs de filtrer les entr\u00e9es des formulaires de gravit\u00e9 par \u00e9tat, code postal ou ville et \u00e9tat<\/li>\n<li>Int\u00e9gre parfaitement avec le plugin des formulaires Gravity, ajoutant automatiquement les options de filtre n\u00e9cessaires<\/li>\n<li>Fournit une interface conviviale pour la s\u00e9lection et l&rsquo;application de filtres, ce qui facilite la recherche de donn\u00e9es sp\u00e9cifiques dans de grands ensembles de donn\u00e9es<\/li>\n<li>Con\u00e7u avec les performances \u00e0 l&rsquo;esprit, garantissant que le filtrage est rapide et efficace<\/li>\n<li>Peut \u00eatre personnalis\u00e9 pour correspondre \u00e0 l&rsquo;apparence de votre site Web, avec des options pour changer les couleurs, les \u00e9tiquettes et plus<\/li>\n<li>Facilite l&rsquo;exportation des donn\u00e9es filtr\u00e9es, soit en tant que fichier CSV, soit vers une application tierce comme Google Sheets<\/li>\n<li>Livr\u00e9 avec une documentation et un soutien compl\u00e8tes, en vous assurant que vous pouvez \u00eatre op\u00e9rationnel avec le plugin rapidement et facilement.<\/li>\n<\/ul>\n","protected":false},"excerpt":{"rendered":"<p>L&rsquo;extension des filtres AZ Gravity View sert d&rsquo;outil indispensable et formidable pour les utilisateurs de formes de gravit\u00e9, leur fournissant une pl\u00e9thore de fonctionnalit\u00e9s pour filtrer sans effort et pr\u00e9senter des soumissions bas\u00e9es sur des crit\u00e8res personnalis\u00e9s. Son vaste gamme d&rsquo;options, y compris les menus d\u00e9roulants, les cases \u00e0 cocher et les boutons radio, permet aux utilisateurs de concocter des filtres sophistiqu\u00e9s d&rsquo;une mani\u00e8re rapide et simple. Cette extension est m\u00e9ticuleusement con\u00e7ue pour s&rsquo;int\u00e9grer de mani\u00e8re transparente \u00e0 la vue de gravit\u00e9, permettant aux utilisateurs de parcourir leurs donn\u00e9es m\u00e9ticuleusement filtr\u00e9es \u00e0 travers divers formats tels que les cartes, les tables et les r\u00e9pertoires. Que l&rsquo;on soit charg\u00e9 de g\u00e9rer des ensembles de donn\u00e9es complexes ou de rechercher une solution rationalis\u00e9e pour organiser les soumissions, l&rsquo;extension de filtres AZ de vue de gravit\u00e9 \u00e9merge sans \u00e9quivoque comme un alli\u00e9 indispensable.<\/p>\n","protected":false},"featured_media":144131,"comment_status":"open","ping_status":"open","template":"","meta":[],"product_brand":[2568],"product_cat":[1189,1181,1186],"product_tag":[1279],"class_list":{"0":"post-118561","1":"product","2":"type-product","3":"status-publish","4":"has-post-thumbnail","6":"product_brand-gravityview","7":"product_cat-personnalisation","8":"product_cat-plugins","9":"product_cat-wordpress-plugins","10":"product_tag-gravityview","11":"member-discount","12":"discount-restricted","14":"first","15":"instock","16":"sale","17":"downloadable","18":"virtual","19":"sold-individually","20":"purchasable","21":"product-type-simple"},"_links":{"self":[{"href":"https:\/\/gpl-love.com\/fr\/wp-json\/wp\/v2\/product\/118561","targetHints":{"allow":["GET"]}}],"collection":[{"href":"https:\/\/gpl-love.com\/fr\/wp-json\/wp\/v2\/product"}],"about":[{"href":"https:\/\/gpl-love.com\/fr\/wp-json\/wp\/v2\/types\/product"}],"replies":[{"embeddable":true,"href":"https:\/\/gpl-love.com\/fr\/wp-json\/wp\/v2\/comments?post=118561"}],"wp:featuredmedia":[{"embeddable":true,"href":"https:\/\/gpl-love.com\/fr\/wp-json\/wp\/v2\/media\/144131"}],"wp:attachment":[{"href":"https:\/\/gpl-love.com\/fr\/wp-json\/wp\/v2\/media?parent=118561"}],"wp:term":[{"taxonomy":"product_brand","embeddable":true,"href":"https:\/\/gpl-love.com\/fr\/wp-json\/wp\/v2\/product_brand?post=118561"},{"taxonomy":"product_cat","embeddable":true,"href":"https:\/\/gpl-love.com\/fr\/wp-json\/wp\/v2\/product_cat?post=118561"},{"taxonomy":"product_tag","embeddable":true,"href":"https:\/\/gpl-love.com\/fr\/wp-json\/wp\/v2\/product_tag?post=118561"}],"curies":[{"name":"wp","href":"https:\/\/api.w.org\/{rel}","templated":true}]}}