{"id":118559,"date":"2026-03-20T00:00:00","date_gmt":"2026-03-19T23:00:00","guid":{"rendered":"https:\/\/gpl-love.com\/fr\/produit\/gravityview-advanced-filter-extension\/"},"modified":"2026-03-20T23:18:46","modified_gmt":"2026-03-20T22:18:46","slug":"gravityview-advanced-filter-extension","status":"publish","type":"product","link":"https:\/\/gpl-love.com\/fr\/produit\/gravityview-advanced-filter-extension\/","title":{"rendered":"Gravity View Advanced Filter Extension 4.5.0"},"content":{"rendered":"<h3>Gravity View Advanced Filter Extension Traits<\/h3>\n<p>L&rsquo;extension de filtre avanc\u00e9e de la vue Gravity, un outil extr\u00eamement puissant, permet aux utilisateurs de parcourir sans effort de vastes quantit\u00e9s de donn\u00e9es qui ont \u00e9t\u00e9 amass\u00e9es par des formulaires de gravit\u00e9. En exploitant la puissance de cette extension, les utilisateurs ont la possibilit\u00e9 de construire des filtres avanc\u00e9s qui acc\u00e9l\u00e8rent la r\u00e9cup\u00e9ration des informations pertinentes de mani\u00e8re rapide. Cette extension offre une multitude d&rsquo;options de filtrage, y compris des d\u00e9parts, des cases \u00e0 cocher et des boutons radio, qui peuvent tous \u00eatre adapt\u00e9s pour r\u00e9pondre aux exigences uniques de tout utilisateur. En outre, l&rsquo;extension poss\u00e8de une interface conviviale conviviale qui est con\u00e7ue intuitivement, facilitant ainsi l&rsquo;\u00e9tablissement et l&rsquo;ajustement transparents des filtres jug\u00e9s n\u00e9cessaires. Sans aucun doute, l&rsquo;extension de filtre avanc\u00e9e de la vue Gravity est un instrument indispensable pour les personnes cherchant \u00e0 rationaliser leurs processus de collecte et d&rsquo;analyse de donn\u00e9es.<\/p>\n<ul>\n<li>Une extension de filtre avanc\u00e9e pour la vue de gravit\u00e9 qui ajoute de puissantes options de filtrage \u00e0 vos donn\u00e9es<\/li>\n<li>Trier et filtrer facilement vos donn\u00e9es en fonction des champs personnalis\u00e9s, des gammes de dates, des gammes de num\u00e9ros, et plus<\/li>\n<li>Exp\u00e9rience utilisateur am\u00e9lior\u00e9e avec une interface rationalis\u00e9e con\u00e7ue pour une facilit\u00e9 d&rsquo;utilisation<\/li>\n<li>Option pour enregistrer les pr\u00e9r\u00e9glages filtrants pour une utilisation future, ce qui permet de gagner un temps pr\u00e9cieux<\/li>\n<li>Efficacit\u00e9 accrue dans l&rsquo;analyse et la localisation de donn\u00e9es sp\u00e9cifiques avec des options de filtre avanc\u00e9es<\/li>\n<li>Compatible avec tous les types de donn\u00e9es pris en charge par les formulaires de gravit\u00e9, y compris les publications, les utilisateurs, les entr\u00e9es et plus<\/li>\n<li>Am\u00e9lioration des capacit\u00e9s de recherche avec plusieurs options de filtrage pour des ensembles de donn\u00e9es complexes<\/li>\n<li>Augmentation de la pr\u00e9cision des donn\u00e9es avec la capacit\u00e9 de filtrer les entr\u00e9es ind\u00e9sirables ou non pertinentes<\/li>\n<li>Options personnalisables pour correspondre \u00e0 la conception et \u00e0 la marque de votre site Web<\/li>\n<li>Support expert et mises \u00e0 jour en cours pour assurer la compatibilit\u00e9 avec les nouvelles versions des formulaires de gravit\u00e9.<\/li>\n<\/ul>\n","protected":false},"excerpt":{"rendered":"<p>L&rsquo;extension de filtre avanc\u00e9e de la vue Gravity, un outil robuste et puissant, offre aux utilisateurs la possibilit\u00e9 de filtrer et de trier sans effort les collections complexes de donn\u00e9es de formulaires de gravit\u00e9. Tapp\u00e9 sp\u00e9cifiquement pour les utilisateurs Adept, cette extension pr\u00e9sente un large \u00e9ventail d&rsquo;options et de fonctionnalit\u00e9s de personnalisation, englobant la prise en charge de la logique conditionnelle, des r\u00e8gles de filtrage \u00e9labor\u00e9 et des capacit\u00e9s de tri formidables. En utilisant l&rsquo;extension de filtre avanc\u00e9e de la vue de gravit\u00e9, vous pouvez naviguer rapidement et facilement \u00e0 travers de vastes volumes de donn\u00e9es, ce qui entra\u00eene des \u00e9conomies de temps et une productivit\u00e9 accrue. Que vous soyez un propri\u00e9taire d&rsquo;entreprise ou un d\u00e9veloppeur, cette extension est un atout indispensable qui peut optimiser vos flux de travail de gestion des donn\u00e9es, conduisant finalement \u00e0 des niveaux d&rsquo;efficacit\u00e9 et de productivit\u00e9 accrus.<\/p>\n","protected":false},"featured_media":144130,"comment_status":"open","ping_status":"open","template":"","meta":[],"product_brand":[2568],"product_cat":[1189,1181,1186],"product_tag":[1279],"class_list":{"0":"post-118559","1":"product","2":"type-product","3":"status-publish","4":"has-post-thumbnail","6":"product_brand-gravityview","7":"product_cat-personnalisation","8":"product_cat-plugins","9":"product_cat-wordpress-plugins","10":"product_tag-gravityview","11":"member-discount","12":"discount-restricted","14":"first","15":"instock","16":"sale","17":"downloadable","18":"virtual","19":"sold-individually","20":"purchasable","21":"product-type-simple"},"_links":{"self":[{"href":"https:\/\/gpl-love.com\/fr\/wp-json\/wp\/v2\/product\/118559","targetHints":{"allow":["GET"]}}],"collection":[{"href":"https:\/\/gpl-love.com\/fr\/wp-json\/wp\/v2\/product"}],"about":[{"href":"https:\/\/gpl-love.com\/fr\/wp-json\/wp\/v2\/types\/product"}],"replies":[{"embeddable":true,"href":"https:\/\/gpl-love.com\/fr\/wp-json\/wp\/v2\/comments?post=118559"}],"wp:featuredmedia":[{"embeddable":true,"href":"https:\/\/gpl-love.com\/fr\/wp-json\/wp\/v2\/media\/144130"}],"wp:attachment":[{"href":"https:\/\/gpl-love.com\/fr\/wp-json\/wp\/v2\/media?parent=118559"}],"wp:term":[{"taxonomy":"product_brand","embeddable":true,"href":"https:\/\/gpl-love.com\/fr\/wp-json\/wp\/v2\/product_brand?post=118559"},{"taxonomy":"product_cat","embeddable":true,"href":"https:\/\/gpl-love.com\/fr\/wp-json\/wp\/v2\/product_cat?post=118559"},{"taxonomy":"product_tag","embeddable":true,"href":"https:\/\/gpl-love.com\/fr\/wp-json\/wp\/v2\/product_tag?post=118559"}],"curies":[{"name":"wp","href":"https:\/\/api.w.org\/{rel}","templated":true}]}}