{"id":118547,"date":"2025-05-20T00:00:00","date_gmt":"2025-05-19T22:00:00","guid":{"rendered":"https:\/\/gpl-love.com\/fr\/produit\/ninja-forms-webhooks\/"},"modified":"2026-04-10T18:34:32","modified_gmt":"2026-04-10T16:34:32","slug":"ninja-forms-webhooks","status":"publish","type":"product","link":"https:\/\/gpl-love.com\/fr\/produit\/ninja-forms-webhooks\/","title":{"rendered":"Ninja Forms Webhooks 3.0.8"},"content":{"rendered":"<h3>Ninja Forms Webhooks Traits<\/h3>\n<p>Les formulaires Ninja Webhooks, un outil incroyablement puissant, offrent aux entreprises et aux d\u00e9veloppeurs la possibilit\u00e9 d&rsquo;int\u00e9grer de mani\u00e8re transparente leurs formulaires Web avec une pl\u00e9thore d&rsquo;autres applications ou services. En exploitant les immenses capacit\u00e9s de ce plugin remarquable, on peut transmettre sans effort des donn\u00e9es d\u00e9riv\u00e9es de leurs formulaires \u00e0 une plate-forme externe, que ce soit un syst\u00e8me de gestion de la relation client (CRM) ou une solution de marketing par e-mail. Les donn\u00e9es transmises peuvent \u00eatre m\u00e9ticuleusement personnalis\u00e9es \u00e0 l&rsquo;aide de mod\u00e8les polyvalents, facilitant ainsi l&rsquo;ex\u00e9cution d&rsquo;actions sp\u00e9cifiques subordonn\u00e9es \u00e0 des \u00e9v\u00e9nements particuliers, tels que les soumissions de formulaire ou les mises \u00e0 jour. La nature conviviale de Ninja Forms WebHooks en fait une ressource vraiment indispensable pour les entreprises cherchant \u00e0 rationaliser leurs op\u00e9rations et \u00e0 optimiser leurs workflows.<\/p>\n<ul>\n<li>Connectez facilement vos formulaires Ninja \u00e0 d&rsquo;autres applications et services \u00e0 l&rsquo;aide de webhooks<\/li>\n<li>Aucun codage requis &#8211; configurez les webhooks directement dans l&rsquo;interface du plugin Ninja Forms<\/li>\n<li>Choisissez parmi une gamme de d\u00e9clencheurs pour activer vos webhooks, tels que des soumissions de formulaires ou des valeurs de champ sp\u00e9cifiques<\/li>\n<li>Le formatage de charge utile personnalisable vous permet d&rsquo;adapter les donn\u00e9es envoy\u00e9es via des webhooks en fonction de vos besoins<\/li>\n<li>Une livraison s\u00e9curis\u00e9e et fiable garantit que vos webhooks atteignent toujours leur destination<\/li>\n<li>Surveillez votre activit\u00e9 WebHook avec des journaux et des notifications d\u00e9taill\u00e9es<\/li>\n<li>Stimulez votre productivit\u00e9 et automatisez vos workflows en int\u00e9grant les formulaires Ninja avec vos outils et services pr\u00e9f\u00e9r\u00e9s.<\/li>\n<\/ul>\n","protected":false},"excerpt":{"rendered":"<p>Ninja Forms WebHooks fournit une solution tr\u00e8s efficace et efficiente pour l&rsquo;automatisation de vos soumissions de formulaire. En utilisant ce plugin remarquable, vous gagnez la possibilit\u00e9 d&rsquo;\u00e9tablir sans effort des connexions entre vos formulaires et divers services tiers, y compris, mais sans s&rsquo;y limiter, Zapier et Slack, vous permettant ainsi de recevoir des notifications rapides chaque fois qu&rsquo;un formulaire est soumis. L&rsquo;interface conviviale et les fonctionnalit\u00e9s robustes int\u00e9gr\u00e9es dans les formulaires Ninja Webhooks att\u00e9nuent la t\u00e2che lourde de g\u00e9rer les soumissions de formulaires, vous permettant ainsi de d\u00e9tourner votre attention vers les aspects de l&rsquo;importance primordiale &#8211; la croissance et le d\u00e9veloppement de votre entreprise. N&rsquo;h\u00e9sitez plus, saisissez l&rsquo;occasion pour explorer ses capacit\u00e9s transformatrices et r\u00e9volutionner la mani\u00e8re dont vous g\u00e9rez et superviser la gestion des formulaires.<\/p>\n","protected":false},"featured_media":144805,"comment_status":"open","ping_status":"open","template":"","meta":[],"product_brand":[2605],"product_cat":[1189,1181,1186],"product_tag":[1313],"class_list":{"0":"post-118547","1":"product","2":"type-product","3":"status-publish","4":"has-post-thumbnail","6":"product_brand-ninja-forms","7":"product_cat-personnalisation","8":"product_cat-plugins","9":"product_cat-wordpress-plugins","10":"product_tag-ninja-forms","11":"member-discount","12":"discount-restricted","14":"first","15":"instock","16":"sale","17":"downloadable","18":"virtual","19":"sold-individually","20":"purchasable","21":"product-type-simple"},"_links":{"self":[{"href":"https:\/\/gpl-love.com\/fr\/wp-json\/wp\/v2\/product\/118547","targetHints":{"allow":["GET"]}}],"collection":[{"href":"https:\/\/gpl-love.com\/fr\/wp-json\/wp\/v2\/product"}],"about":[{"href":"https:\/\/gpl-love.com\/fr\/wp-json\/wp\/v2\/types\/product"}],"replies":[{"embeddable":true,"href":"https:\/\/gpl-love.com\/fr\/wp-json\/wp\/v2\/comments?post=118547"}],"wp:featuredmedia":[{"embeddable":true,"href":"https:\/\/gpl-love.com\/fr\/wp-json\/wp\/v2\/media\/144805"}],"wp:attachment":[{"href":"https:\/\/gpl-love.com\/fr\/wp-json\/wp\/v2\/media?parent=118547"}],"wp:term":[{"taxonomy":"product_brand","embeddable":true,"href":"https:\/\/gpl-love.com\/fr\/wp-json\/wp\/v2\/product_brand?post=118547"},{"taxonomy":"product_cat","embeddable":true,"href":"https:\/\/gpl-love.com\/fr\/wp-json\/wp\/v2\/product_cat?post=118547"},{"taxonomy":"product_tag","embeddable":true,"href":"https:\/\/gpl-love.com\/fr\/wp-json\/wp\/v2\/product_tag?post=118547"}],"curies":[{"name":"wp","href":"https:\/\/api.w.org\/{rel}","templated":true}]}}