{"id":118545,"date":"2026-02-26T00:00:00","date_gmt":"2026-02-25T23:00:00","guid":{"rendered":"https:\/\/gpl-love.com\/fr\/produit\/ninja-forms-user-analytics\/"},"modified":"2026-04-10T18:34:29","modified_gmt":"2026-04-10T16:34:29","slug":"ninja-forms-user-analytics","status":"publish","type":"product","link":"https:\/\/gpl-love.com\/fr\/produit\/ninja-forms-user-analytics\/","title":{"rendered":"Ninja Forms User Analytics 3.0.5"},"content":{"rendered":"<h3>Ninja Forms User Analytics Traits<\/h3>\n<p>Ninja Forms User Analytics se pr\u00e9sente comme un puissant instrument pour les personnes qui poss\u00e8dent des sites Web et aspirent \u00e0 avoir une compr\u00e9hension compl\u00e8te de leur base d&rsquo;utilisateurs. En utilisant cet outil particulier, ces personnes re\u00e7oivent une pl\u00e9thore de d\u00e9tails complexes concernant le comportement et l&rsquo;activit\u00e9 des utilisateurs sur leurs sites Web respectifs, tous facilit\u00e9s par l&rsquo;utilisation des formulaires Ninja. Arm\u00e9s de ces connaissances, les propri\u00e9taires de sites Web peuvent optimiser leurs plateformes afin de cultiver une exp\u00e9rience utilisateur sup\u00e9rieure, entra\u00eenant finalement des taux de conversion accrus. Les donn\u00e9es d&rsquo;analyse fournies par Ninja Forms Analytics User Analytics englobe un large \u00e9ventail d&rsquo;informations pr\u00e9cieuses, notamment la d\u00e9mographie des utilisateurs, le flux de comportement et les taux de conversion de formulaire, entre autres mesures. En outre, l&rsquo;int\u00e9gration de cet outil avec le plugin Ninja Forms est remarquablement sans effort, garantissant une exp\u00e9rience utilisateur transparente. Par cons\u00e9quent, si votre objectif est d&rsquo;acqu\u00e9rir des informations profondes sur le comportement des utilisateurs et de favoriser la croissance de votre entreprise en ligne, Ninja Forms User Analytics est sans aucun doute la solution id\u00e9ale pour vous.<\/p>\n<ul>\n<li>Suivi complet du comportement des utilisateurs sur votre site Web Ninja Forms<\/li>\n<li>Comprend des donn\u00e9es sur les vues de formulaire, les soumissions et les voyages utilisateur<\/li>\n<li>Interface de tableau de bord pour un acc\u00e8s facile aux id\u00e9es et aux analyses<\/li>\n<li>Param\u00e8tres de suivi personnalisables pour r\u00e9pondre \u00e0 vos besoins et objectifs sp\u00e9cifiques<\/li>\n<li>Capacit\u00e9 \u00e0 fixer des objectifs et \u00e0 suivre les progr\u00e8s vers ces objectifs<\/li>\n<li>Identifiez les tendances et les mod\u00e8les des utilisateurs cl\u00e9s pour \u00e9clairer les strat\u00e9gies de marketing et d&rsquo;optimisation du site Web<\/li>\n<li>Donn\u00e9es exportables pour une analyse et des rapports plus approfondis<\/li>\n<li>Compatible avec d&rsquo;autres outils d&rsquo;analyse, tels que Google Analytics, pour une vue plus compl\u00e8te des performances de votre site Web<\/li>\n<li>Mises \u00e0 jour r\u00e9guli\u00e8res et am\u00e9liorations de l&rsquo;outil d&rsquo;analyse des utilisateurs en fonction des commentaires des utilisateurs et des tendances de l&rsquo;industrie<\/li>\n<\/ul>\n","protected":false},"excerpt":{"rendered":"<p>Ninja Forms User Analytics, un outil tr\u00e8s robuste et puissant, pr\u00e9sente un \u00e9ventail de fonctionnalit\u00e9s et de fonctionnalit\u00e9s de pointe qui se plongent dans les nuances complexes du comportement et des pr\u00e9f\u00e9rences des visiteurs sur votre site Web. Ce produit ing\u00e9nieux et r\u00e9volutionnaire facilite la collecte et l&rsquo;analyse des donn\u00e9es des utilisateurs, vous permettant de vous engager dans une prise de d\u00e9cision astucieuse et strat\u00e9gique. En tirant parti de la puissance des formulaires Ninja Analytics, vous pouvez m\u00e9ticuleusement suivre et examiner une multitude d&rsquo;actions des utilisateurs, allant de la soumission de diverses formes \u00e0 l&rsquo;ex\u00e9cution des clics, tout en surveillant soigneusement les taux d&rsquo;engagement et les chemins utilisateur. De plus, cet outil remarquable produit des rapports m\u00e9ticuleusement d\u00e9taill\u00e9s et des visualisations visuellement captivantes, aboutissant \u00e0 une ressource inestimable qui vous offre les informations n\u00e9cessaires pour prendre des d\u00e9cisions commerciales \u00e9clair\u00e9es, optimisant finalement l&rsquo;exp\u00e9rience utilisateur globale de votre site Web estim\u00e9.<\/p>\n","protected":false},"featured_media":144802,"comment_status":"open","ping_status":"open","template":"","meta":[],"product_brand":[2605],"product_cat":[1207,1181,1186],"product_tag":[1313],"class_list":{"0":"post-118545","1":"product","2":"type-product","3":"status-publish","4":"has-post-thumbnail","6":"product_brand-ninja-forms","7":"product_cat-commercialisation-wordpress-plugins","8":"product_cat-plugins","9":"product_cat-wordpress-plugins","10":"product_tag-ninja-forms","11":"member-discount","12":"discount-restricted","14":"first","15":"instock","16":"sale","17":"downloadable","18":"virtual","19":"sold-individually","20":"purchasable","21":"product-type-simple"},"_links":{"self":[{"href":"https:\/\/gpl-love.com\/fr\/wp-json\/wp\/v2\/product\/118545","targetHints":{"allow":["GET"]}}],"collection":[{"href":"https:\/\/gpl-love.com\/fr\/wp-json\/wp\/v2\/product"}],"about":[{"href":"https:\/\/gpl-love.com\/fr\/wp-json\/wp\/v2\/types\/product"}],"replies":[{"embeddable":true,"href":"https:\/\/gpl-love.com\/fr\/wp-json\/wp\/v2\/comments?post=118545"}],"wp:featuredmedia":[{"embeddable":true,"href":"https:\/\/gpl-love.com\/fr\/wp-json\/wp\/v2\/media\/144802"}],"wp:attachment":[{"href":"https:\/\/gpl-love.com\/fr\/wp-json\/wp\/v2\/media?parent=118545"}],"wp:term":[{"taxonomy":"product_brand","embeddable":true,"href":"https:\/\/gpl-love.com\/fr\/wp-json\/wp\/v2\/product_brand?post=118545"},{"taxonomy":"product_cat","embeddable":true,"href":"https:\/\/gpl-love.com\/fr\/wp-json\/wp\/v2\/product_cat?post=118545"},{"taxonomy":"product_tag","embeddable":true,"href":"https:\/\/gpl-love.com\/fr\/wp-json\/wp\/v2\/product_tag?post=118545"}],"curies":[{"name":"wp","href":"https:\/\/api.w.org\/{rel}","templated":true}]}}