{"id":118543,"date":"2024-12-20T00:00:00","date_gmt":"2024-12-19T23:00:00","guid":{"rendered":"https:\/\/gpl-love.com\/fr\/produit\/ninja-forms-stripe\/"},"modified":"2026-03-20T23:28:52","modified_gmt":"2026-03-20T22:28:52","slug":"ninja-forms-stripe","status":"publish","type":"product","link":"https:\/\/gpl-love.com\/fr\/produit\/ninja-forms-stripe\/","title":{"rendered":"Ninja Forms Stripe 3.2.8"},"content":{"rendered":"<h3>Ninja Forms Stripe Traits<\/h3>\n<p>Ninja Forms Stripe est un instrument tr\u00e8s efficace et efficace qui aide efficacement les entreprises dans la collection de paiements sans effort via leur site Web WordPress. Ce plugin ing\u00e9nieux permet aux utilisateurs de g\u00e9n\u00e9rer des formulaires de paiement personnalis\u00e9s sans effort gr\u00e2ce \u00e0 l&rsquo;utilisation d&rsquo;une interface de glisser-d\u00e9poser par l&rsquo;utilisateur. En int\u00e9grant de mani\u00e8re transparente \u00e0 Stripe, une passerelle de paiement renomm\u00e9e et fiable, cet outil remarquable simplifie et fortifie l&rsquo;int\u00e9gralit\u00e9 de la proc\u00e9dure de collecte de paiement. De plus, les utilisateurs ont la libert\u00e9 d&rsquo;adapter ces formulaires pour s&rsquo;aligner parfaitement avec leurs exigences commerciales uniques et accepter facilement les paiements dans une multitude de devises. B\u00e9n\u00e9ficiant d&rsquo;un processus d&rsquo;installation convivial et d&rsquo;une interface utilisateur intuitive, ce plugin propose \u00e9galement une vaste gamme de fonctionnalit\u00e9s inestimables, y compris la possibilit\u00e9 d&rsquo;incorporer des champs sur mesure, d&rsquo;\u00e9tablir des abonnements et des paiements r\u00e9currents, et de fournir aux clients une gamme d&rsquo;alternatives de paiement diverses . Essentiellement, Ninja Forms Stripe pr\u00e9sente une solution exceptionnelle aux entreprises souhaitant rationaliser leurs processus de paiement et augmenter leurs revenus globaux.<\/p>\n<ul>\n<li>Un plugin facile \u00e0 utiliser qui permet aux utilisateurs d&rsquo;accepter les paiements par carte de cr\u00e9dit sur leur site WordPress<\/li>\n<li>Int\u00e8gre de mani\u00e8re transparente les formulaires Ninja et Stripe, fournissant une solution de traitement des paiements fiable et s\u00e9curis\u00e9e<\/li>\n<li>Offre une vari\u00e9t\u00e9 d&rsquo;options de personnalisation pour assurer la coh\u00e9rence de la marque et l&rsquo;exp\u00e9rience utilisateur<\/li>\n<li>Prend en charge plusieurs options de paiement, y compris les paiements uniques et r\u00e9currents<\/li>\n<li>Fournit des rapports de paiement d\u00e9taill\u00e9s et des analyses pour les informations et l&rsquo;optimisation des entreprises<\/li>\n<li>Processus de configuration facile avec une documentation claire et un soutien de l&rsquo;\u00e9quipe Ninja Forms<\/li>\n<li>La conception r\u00e9active garantit la compatibilit\u00e9 avec diverses tailles d&rsquo;\u00e9cran et appareils<\/li>\n<li>Livr\u00e9 avec des mod\u00e8les et des formulaires pr\u00e9d\u00e9finis pour gagner du temps et des efforts dans la construction de formulaires de paiement<\/li>\n<li>Prend en charge plusieurs devises pour les transactions internationales<\/li>\n<li>Mises \u00e0 jour et am\u00e9liorations r\u00e9guli\u00e8res pour assurer la compatibilit\u00e9 avec les derni\u00e8res versions de WordPress et Stripe.<\/li>\n<\/ul>\n","protected":false},"excerpt":{"rendered":"<p>Ninja Forms Stripe, un plugin robuste pour WordPress, pr\u00e9sente un moyen pratique par lequel les propri\u00e9taires de sites Web peuvent faciliter sans effort la collecte de paiement de leur client\u00e8le. Accompagn\u00e9e de son assortiment de fonctionnalit\u00e9s sophistiqu\u00e9es, ce plugin permet aux utilisateurs de g\u00e9n\u00e9rer des formulaires de paiement sur mesure, de cr\u00e9er des dispositions de paiement r\u00e9currentes, d&rsquo;administrer efficacement les abonnements et d&rsquo;explorer une gamme de capacit\u00e9s suppl\u00e9mentaires. Son int\u00e9gration avec la passerelle de paiement de Stripe estim\u00e9e garantit efficacement le plus grand titre et une exp\u00e9rience transparente pour toutes les transactions effectu\u00e9es. En tant que tel, les formulaires Ninja Stripe s&rsquo;av\u00e8rent \u00eatre la r\u00e9solution ultime des entreprises, quelle que soit leur ampleur, cherchant \u00e0 optimiser leurs proc\u00e9dures de traitement des paiements et \u00e0 amplifier leurs chiffres de vente.<\/p>\n","protected":false},"featured_media":144797,"comment_status":"open","ping_status":"open","template":"","meta":[],"product_brand":[2605],"product_cat":[1253,1181,1186],"product_tag":[1313],"class_list":{"0":"post-118543","1":"product","2":"type-product","3":"status-publish","4":"has-post-thumbnail","6":"product_brand-ninja-forms","7":"product_cat-paiement","8":"product_cat-plugins","9":"product_cat-wordpress-plugins","10":"product_tag-ninja-forms","11":"member-discount","12":"discount-restricted","14":"first","15":"instock","16":"sale","17":"downloadable","18":"virtual","19":"sold-individually","20":"purchasable","21":"product-type-simple"},"_links":{"self":[{"href":"https:\/\/gpl-love.com\/fr\/wp-json\/wp\/v2\/product\/118543","targetHints":{"allow":["GET"]}}],"collection":[{"href":"https:\/\/gpl-love.com\/fr\/wp-json\/wp\/v2\/product"}],"about":[{"href":"https:\/\/gpl-love.com\/fr\/wp-json\/wp\/v2\/types\/product"}],"replies":[{"embeddable":true,"href":"https:\/\/gpl-love.com\/fr\/wp-json\/wp\/v2\/comments?post=118543"}],"wp:featuredmedia":[{"embeddable":true,"href":"https:\/\/gpl-love.com\/fr\/wp-json\/wp\/v2\/media\/144797"}],"wp:attachment":[{"href":"https:\/\/gpl-love.com\/fr\/wp-json\/wp\/v2\/media?parent=118543"}],"wp:term":[{"taxonomy":"product_brand","embeddable":true,"href":"https:\/\/gpl-love.com\/fr\/wp-json\/wp\/v2\/product_brand?post=118543"},{"taxonomy":"product_cat","embeddable":true,"href":"https:\/\/gpl-love.com\/fr\/wp-json\/wp\/v2\/product_cat?post=118543"},{"taxonomy":"product_tag","embeddable":true,"href":"https:\/\/gpl-love.com\/fr\/wp-json\/wp\/v2\/product_tag?post=118543"}],"curies":[{"name":"wp","href":"https:\/\/api.w.org\/{rel}","templated":true}]}}