{"id":118541,"date":"2025-06-08T00:00:00","date_gmt":"2025-06-07T22:00:00","guid":{"rendered":"https:\/\/gpl-love.com\/fr\/produit\/ninja-forms-save-progress\/"},"modified":"2026-04-10T18:34:25","modified_gmt":"2026-04-10T16:34:25","slug":"ninja-forms-save-progress","status":"publish","type":"product","link":"https:\/\/gpl-love.com\/fr\/produit\/ninja-forms-save-progress\/","title":{"rendered":"Ninja Forms Save Progress 3.0.29"},"content":{"rendered":"<h3>Ninja Forms Save Progress Traits<\/h3>\n<p>La fonction Ninja Forms Save Progress est un outil incroyablement robuste qui donne aux utilisateurs la possibilit\u00e9 d&rsquo;\u00e9conomiser de mani\u00e8re transparente leur progression tout en remplissant les formulaires en ligne. Cette capacit\u00e9 inestimable \u00e9radie la n\u00e9cessit\u00e9 pour les utilisateurs de recommencer lors de son retour \u00e0 leurs formulaires partiellement remplis plus tard. Le caract\u00e8re pratique et l&rsquo;utilit\u00e9 de cette fonctionnalit\u00e9 sont particuli\u00e8rement importants lorsqu&rsquo;ils traitent des formulaires plus longs ou plus complexes, car les utilisateurs ont souvent besoin de pauses ou d&rsquo;informations suppl\u00e9mentaires afin de soumettre correctement leurs r\u00e9ponses. En mettant en \u0153uvre la fonctionnalit\u00e9 de progr\u00e8s de sauvegarde, les formulaires Ninja contribuent ind\u00e9niablement \u00e0 une exp\u00e9rience de remplissage de formulaire beaucoup plus rationalis\u00e9e et rapide, ce qui le rend beaucoup plus convivial et pratique pour les propri\u00e9taires de sites Web et les visiteurs. En conclusion, l&rsquo;inclusion de cet outil remarquable am\u00e9liore sans aucun doute la fonctionnalit\u00e9 et l&rsquo;efficacit\u00e9 de tout site Web qui s&rsquo;appuie sur les formulaires en ligne comme moyen de collecter des informations pertinentes de ses utilisateurs.<\/p>\n<ul>\n<li>\u00c9conomiser des progr\u00e8s des utilisateurs sur les formulaires Ninja en plusieurs parties<\/li>\n<li>Permettez aux utilisateurs de revenir au formulaire plus tard et de continuer o\u00f9 ils s&rsquo;\u00e9taient arr\u00eat\u00e9s<\/li>\n<li>\u00c9liminez la frustration de perdre des donn\u00e9es sur des formes plus longues et plus complexes<\/li>\n<li>Int\u00e9gr\u00e9 de mani\u00e8re transparente aux formulaires Ninja, aucune installation de plugin suppl\u00e9mentaire requise<\/li>\n<li>\u00c9conomise automatiquement la progression des utilisateurs au fur et \u00e0 mesure qu&rsquo;ils se d\u00e9placent dans le formulaire, pas besoin d&rsquo;intervention manuelle<\/li>\n<li>Compatible avec une vari\u00e9t\u00e9 de types de formulaires, y compris des formulaires de contact, des enqu\u00eates, des formulaires d&rsquo;enregistrement, etc.<\/li>\n<li>Am\u00e9liorez l&rsquo;exp\u00e9rience utilisateur et augmentez les taux de conversion en offrant aux utilisateurs la flexibilit\u00e9 et la tranquillit\u00e9 d&rsquo;esprit lors du remplissage de longs formulaires.<\/li>\n<\/ul>\n","protected":false},"excerpt":{"rendered":"<p>Le plugin Ninja Forms Save Progress sert d&rsquo;outil indispensable pour les sites Web traitant de soumissions d&rsquo;utilisateurs longues ou complexes, car elle permet la collecte de ces informations sans tracas. En utilisant ce plugin, les utilisateurs re\u00e7oivent la commodit\u00e9 de sauver leurs progr\u00e8s pendant le processus de soumission, en veillant \u00e0 ce que leurs efforts ne soient pas vains et \u00e9liminent la n\u00e9cessit\u00e9 de recommencer. La mise en \u0153uvre de cette fonctionnalit\u00e9 n\u00e9cessite simplement quelques clics sans effort, accordant \u00e0 vos utilisateurs la possibilit\u00e9 d&rsquo;arr\u00eater temporairement leur formulaire et de y revenir ult\u00e9rieurement, tout en prot\u00e9geant leurs r\u00e9ponses pr\u00e9c\u00e9demment saisies. Cet attribut remarquable s&rsquo;av\u00e8re tr\u00e8s avantageux lorsqu&rsquo;il s&rsquo;agit de sondages, de formulaires de demande ou de tout autre type de soumission qui n\u00e9cessite de grandes quantit\u00e9s d&rsquo;entr\u00e9e. Dites au revoir \u00e0 l&rsquo;incertitude et au doute, car le plugin Ninja Forms Save Progress instille la confiance au sein de vos utilisateurs, garantissant la pr\u00e9servation de leur travail acharn\u00e9 et leur permettant de terminer la t\u00e2che \u00e0 leur convenance et \u00e0 leur rythme.<\/p>\n","protected":false},"featured_media":144794,"comment_status":"open","ping_status":"open","template":"","meta":[],"product_brand":[2605],"product_cat":[1189,1181,1186],"product_tag":[1313],"class_list":{"0":"post-118541","1":"product","2":"type-product","3":"status-publish","4":"has-post-thumbnail","6":"product_brand-ninja-forms","7":"product_cat-personnalisation","8":"product_cat-plugins","9":"product_cat-wordpress-plugins","10":"product_tag-ninja-forms","11":"member-discount","12":"discount-restricted","14":"first","15":"instock","16":"sale","17":"downloadable","18":"virtual","19":"sold-individually","20":"purchasable","21":"product-type-simple"},"_links":{"self":[{"href":"https:\/\/gpl-love.com\/fr\/wp-json\/wp\/v2\/product\/118541","targetHints":{"allow":["GET"]}}],"collection":[{"href":"https:\/\/gpl-love.com\/fr\/wp-json\/wp\/v2\/product"}],"about":[{"href":"https:\/\/gpl-love.com\/fr\/wp-json\/wp\/v2\/types\/product"}],"replies":[{"embeddable":true,"href":"https:\/\/gpl-love.com\/fr\/wp-json\/wp\/v2\/comments?post=118541"}],"wp:featuredmedia":[{"embeddable":true,"href":"https:\/\/gpl-love.com\/fr\/wp-json\/wp\/v2\/media\/144794"}],"wp:attachment":[{"href":"https:\/\/gpl-love.com\/fr\/wp-json\/wp\/v2\/media?parent=118541"}],"wp:term":[{"taxonomy":"product_brand","embeddable":true,"href":"https:\/\/gpl-love.com\/fr\/wp-json\/wp\/v2\/product_brand?post=118541"},{"taxonomy":"product_cat","embeddable":true,"href":"https:\/\/gpl-love.com\/fr\/wp-json\/wp\/v2\/product_cat?post=118541"},{"taxonomy":"product_tag","embeddable":true,"href":"https:\/\/gpl-love.com\/fr\/wp-json\/wp\/v2\/product_tag?post=118541"}],"curies":[{"name":"wp","href":"https:\/\/api.w.org\/{rel}","templated":true}]}}