{"id":118539,"date":"2025-06-08T00:00:00","date_gmt":"2025-06-07T22:00:00","guid":{"rendered":"https:\/\/gpl-love.com\/fr\/produit\/ninja-forms-salesforce-crm\/"},"modified":"2026-04-10T18:34:24","modified_gmt":"2026-04-10T16:34:24","slug":"ninja-forms-salesforce-crm","status":"publish","type":"product","link":"https:\/\/gpl-love.com\/fr\/produit\/ninja-forms-salesforce-crm\/","title":{"rendered":"Ninja Forms SalesForce CRM 3.3.4"},"content":{"rendered":"<h3>Ninja Forms SalesForce CRM Traits<\/h3>\n<p>Ninja Forms Salesforce CRM offre une solution robuste et puissante pour am\u00e9liorer le flux de travail commercial gr\u00e2ce \u00e0 l&rsquo;int\u00e9gration transparente des formulaires Ninja et de Salesforce CRM. En utilisant cet outil, les entreprises peuvent collecter sans effort des donn\u00e9es aupr\u00e8s des visiteurs de leur site Web et les transf\u00e9rer automatiquement \u00e0 leur CRM Salesforce. Par cons\u00e9quent, la n\u00e9cessit\u00e9 d&rsquo;une entr\u00e9e de donn\u00e9es manuelle est \u00e9limin\u00e9e, r\u00e9duisant ainsi la survenue d&rsquo;erreurs humaines. De plus, Ninja Forms Salesforce CRM offre aux entreprises la possibilit\u00e9 de g\u00e9n\u00e9rer des formulaires et des champs personnalis\u00e9s, qui peuvent \u00eatre effectivement cartographi\u00e9s \u00e0 leur CRM Salesforce. Cette fonction garantit que les donn\u00e9es collect\u00e9es sont pr\u00e9cises, pertinentes et facilement exploitables. En substance, Ninja Forms Salesforce CRM est un outil indispensable pour les entreprises qui cherchent \u00e0 optimiser l&rsquo;utilisation du temps, \u00e0 am\u00e9liorer l&rsquo;efficacit\u00e9 op\u00e9rationnelle et \u00e0 \u00e9lever leurs capacit\u00e9s de gestion de la relation client.<\/p>\n<ul>\n<li>Ninja Forms Salesforce CRM est un puissant outil d&rsquo;int\u00e9gration qui vous permet de connecter vos donn\u00e9es Ninja Forms avec votre syst\u00e8me Salesforce CRM.<\/li>\n<li>Avec un processus de configuration facile et une interface intuitive, vous pouvez rapidement commencer \u00e0 synchroniser vos soumissions de formulaire avec votre compte Salesforce.<\/li>\n<li>Vous pouvez \u00e9galement choisir les champs de formulaire \u00e0 cartographier aux champs Salesforce, garantissant que des donn\u00e9es pr\u00e9cises et pertinentes sont transf\u00e9r\u00e9es.<\/li>\n<li>Cette int\u00e9gration aide \u00e0 rationaliser vos processus de vente et de marketing en automatisant la g\u00e9n\u00e9ration de leads et la gestion des donn\u00e9es, ce qui vous permet d&rsquo;\u00e9conomiser du temps et de l&rsquo;argent \u00e0 long terme.<\/li>\n<li>Ninja Forms Salesforce CRM est \u00e9galement livr\u00e9 avec des fonctionnalit\u00e9s avanc\u00e9es comme la possibilit\u00e9 de synchroniser les champs personnalis\u00e9s et de cr\u00e9er des r\u00e8gles avanc\u00e9es pour la cartographie des donn\u00e9es.<\/li>\n<li>De plus, avec un support client fiable et des mises \u00e0 jour r\u00e9guli\u00e8res, cette int\u00e9gration est un investissement intelligent pour toute entreprise qui cherche \u00e0 optimiser son syst\u00e8me CRM Salesforce.<\/li>\n<\/ul>\n","protected":false},"excerpt":{"rendered":"<p>L&rsquo;int\u00e9gration des formulaires Ninja avec Salesforce CRM offre aux entreprises une solution robuste pour rationaliser la g\u00e9n\u00e9ration de leads et les processus de vente, offrant la possibilit\u00e9 de transf\u00e9rer de mani\u00e8re transparente des donn\u00e9es collect\u00e9es via des formulaires personnalisables sur des sites Web ou des applications mobiles directement dans le Salesforce CRM. En utilisant des formulaires Ninja, les entreprises peuvent capturer et g\u00e9rer efficacement les prospects, suivre les interactions des clients et am\u00e9liorer l&rsquo;efficacit\u00e9 des accords de conclusion. Cette int\u00e9gration \u00e9limine le besoin d&rsquo;une saisie manuelle de donn\u00e9es, entra\u00eenant une productivit\u00e9 accrue et la capacit\u00e9 de cultiver des relations avec les clients plus fortes.<\/p>\n","protected":false},"featured_media":144793,"comment_status":"open","ping_status":"open","template":"","meta":[],"product_brand":[2605],"product_cat":[1207,1181,1186],"product_tag":[1313],"class_list":{"0":"post-118539","1":"product","2":"type-product","3":"status-publish","4":"has-post-thumbnail","6":"product_brand-ninja-forms","7":"product_cat-commercialisation-wordpress-plugins","8":"product_cat-plugins","9":"product_cat-wordpress-plugins","10":"product_tag-ninja-forms","11":"member-discount","12":"discount-restricted","14":"first","15":"instock","16":"sale","17":"downloadable","18":"virtual","19":"sold-individually","20":"purchasable","21":"product-type-simple"},"_links":{"self":[{"href":"https:\/\/gpl-love.com\/fr\/wp-json\/wp\/v2\/product\/118539","targetHints":{"allow":["GET"]}}],"collection":[{"href":"https:\/\/gpl-love.com\/fr\/wp-json\/wp\/v2\/product"}],"about":[{"href":"https:\/\/gpl-love.com\/fr\/wp-json\/wp\/v2\/types\/product"}],"replies":[{"embeddable":true,"href":"https:\/\/gpl-love.com\/fr\/wp-json\/wp\/v2\/comments?post=118539"}],"wp:featuredmedia":[{"embeddable":true,"href":"https:\/\/gpl-love.com\/fr\/wp-json\/wp\/v2\/media\/144793"}],"wp:attachment":[{"href":"https:\/\/gpl-love.com\/fr\/wp-json\/wp\/v2\/media?parent=118539"}],"wp:term":[{"taxonomy":"product_brand","embeddable":true,"href":"https:\/\/gpl-love.com\/fr\/wp-json\/wp\/v2\/product_brand?post=118539"},{"taxonomy":"product_cat","embeddable":true,"href":"https:\/\/gpl-love.com\/fr\/wp-json\/wp\/v2\/product_cat?post=118539"},{"taxonomy":"product_tag","embeddable":true,"href":"https:\/\/gpl-love.com\/fr\/wp-json\/wp\/v2\/product_tag?post=118539"}],"curies":[{"name":"wp","href":"https:\/\/api.w.org\/{rel}","templated":true}]}}