{"id":118537,"date":"2025-06-08T00:00:00","date_gmt":"2025-06-07T22:00:00","guid":{"rendered":"https:\/\/gpl-love.com\/fr\/produit\/ninja-forms-recurly\/"},"modified":"2026-04-10T18:34:24","modified_gmt":"2026-04-10T16:34:24","slug":"ninja-forms-recurly","status":"publish","type":"product","link":"https:\/\/gpl-love.com\/fr\/produit\/ninja-forms-recurly\/","title":{"rendered":"Ninja Forms Recurly 3.0.7"},"content":{"rendered":"<h3>Ninja Forms Recurly Traits<\/h3>\n<p>Ninja Forms se r\u00e9v\u00e8le \u00eatre un outil incroyablement puissant qui vous offre la capacit\u00e9 d&rsquo;int\u00e9grer de mani\u00e8re transparente les paiements r\u00e9currents dans votre site WordPress. Ce plugin remarquable facilite la cr\u00e9ation de formulaires d&rsquo;abonnement hautement personnalisables, accordant ainsi aux utilisateurs la commodit\u00e9 de s&rsquo;inscrire \u00e0 un large \u00e9ventail de plans d&rsquo;abonnement. En int\u00e9grant efficacement avec Recurly, une plate-forme de gestion d&rsquo;abonnement extr\u00eamement populaire, ce plugin g\u00e8re avec comp\u00e9tence tous les aspects de la facturation et de la facturation. De plus, il b\u00e9n\u00e9ficie d&rsquo;un soutien \u00e9tendu \u00e0 une gamme diversifi\u00e9e de mod\u00e8les d&rsquo;abonnement, englobant les cycles de facturation quotidiens, hebdomadaires, mensuels, trimestriels et annuels. De plus, il vous permet d&rsquo;\u00e9tablir des p\u00e9riodes d&rsquo;essai et des options de tarification sur mesure conform\u00e9ment \u00e0 vos exigences sp\u00e9cifiques. En outre, ce plugin place \u00e0 votre disposition un \u00e9ventail de fonctionnalit\u00e9s de rapports robustes qui vous permettent de surveiller avec diligence l&rsquo;activit\u00e9 d&rsquo;abonnement et la g\u00e9n\u00e9ration de revenus. Compte tenu de ses innombrables fonctionnalit\u00e9s, les formes Ninja apparaissent comme une solution exceptionnelle pour les entreprises cherchant \u00e0 capitaliser sur leur contenu, leurs produits ou leurs services en tirant parti des avantages in\u00e9gal\u00e9s des paiements r\u00e9currents.<\/p>\n<ul>\n<li>Int\u00e9grez Recurly aux formes Ninja de mani\u00e8re transparente<\/li>\n<li>Cr\u00e9ez des formulaires d&rsquo;abonnement facilement et rapidement en utilisant des formulaires ninja<\/li>\n<li>Permettez aux clients de s&rsquo;inscrire \u00e0 des paiements r\u00e9currents avec Recurly<\/li>\n<li>Personnaliser les champs et les options sur votre formulaire d&rsquo;abonnement<\/li>\n<li>Automatiser les paiements et la facturation des abonnement via Recurly<\/li>\n<li>G\u00e9rer et suivre les paiements d&rsquo;abonnement et les donn\u00e9es clients dans votre tableau de bord WordPress<\/li>\n<li>Am\u00e9liorez votre exp\u00e9rience client et augmentez les revenus avec les paiements r\u00e9currents.<\/li>\n<li>Offrez des options de facturation flexibles telles que les renouvellements automatiques et les frais au prorata.<\/li>\n<li>R\u00e9duisez le d\u00e9sabonnement en suivant automatiquement avec les clients qui annulent leurs abonnements.<\/li>\n<li>Utilisez de puissants outils de rapports pour suivre la croissance et les performances des paiements r\u00e9currents.<\/li>\n<\/ul>\n","protected":false},"excerpt":{"rendered":"<p>Ninja Forms Recurly est un plugin extr\u00eamement robuste qui vous accorde la capacit\u00e9 remarquable \u00e0 int\u00e9grer de mani\u00e8re transparente les paiements r\u00e9currents dans votre site Web, r\u00e9volutionnant ainsi la mani\u00e8re dont vous effectuez des transactions financi\u00e8res. En utilisant ce plugin exceptionnel, vous pouvez g\u00e9n\u00e9rer sans effort des formulaires personnalis\u00e9s qui ont la capacit\u00e9 de glaner habill\u00e9 des donn\u00e9es client vitales tout en \u00e9tablissant simultan\u00e9ment des plans d&rsquo;abonnement r\u00e9currents bien structur\u00e9s. Avec la mise en \u0153uvre de cet outil extraordinaire, vous pouvez automatiser facilement vos proc\u00e9dures de facturation, facilitant par la suite la gestion efficace de votre estimation des abonnements de votre client\u00e8le, accompli \u00e0 partir du confort de votre propre tableau de bord WordPress. Ce plugin in\u00e9gal\u00e9 est exceptionnellement adapt\u00e9 aux entreprises de toutes tailles, offrant des avantages in\u00e9gal\u00e9s tels que la rationalisation des m\u00e9canismes de traitement des paiements et l&rsquo;augmentation de la g\u00e9n\u00e9ration de revenus. Ne perdez pas de temps et vous lancez dans le voyage exaltant de perfectionner l&rsquo;art de la facturation r\u00e9currente simplement en vous immergeant dans le monde remarquable des formes Ninja Recurly aujourd&rsquo;hui!<\/p>\n","protected":false},"featured_media":144792,"comment_status":"open","ping_status":"open","template":"","meta":[],"product_brand":[2605],"product_cat":[1187,1181,1186],"product_tag":[1313],"class_list":{"0":"post-118537","1":"product","2":"type-product","3":"status-publish","4":"has-post-thumbnail","6":"product_brand-ninja-forms","7":"product_cat-administration-wordpress-plugins","8":"product_cat-plugins","9":"product_cat-wordpress-plugins","10":"product_tag-ninja-forms","11":"member-discount","12":"discount-restricted","14":"first","15":"instock","16":"sale","17":"downloadable","18":"virtual","19":"sold-individually","20":"purchasable","21":"product-type-simple"},"_links":{"self":[{"href":"https:\/\/gpl-love.com\/fr\/wp-json\/wp\/v2\/product\/118537","targetHints":{"allow":["GET"]}}],"collection":[{"href":"https:\/\/gpl-love.com\/fr\/wp-json\/wp\/v2\/product"}],"about":[{"href":"https:\/\/gpl-love.com\/fr\/wp-json\/wp\/v2\/types\/product"}],"replies":[{"embeddable":true,"href":"https:\/\/gpl-love.com\/fr\/wp-json\/wp\/v2\/comments?post=118537"}],"wp:featuredmedia":[{"embeddable":true,"href":"https:\/\/gpl-love.com\/fr\/wp-json\/wp\/v2\/media\/144792"}],"wp:attachment":[{"href":"https:\/\/gpl-love.com\/fr\/wp-json\/wp\/v2\/media?parent=118537"}],"wp:term":[{"taxonomy":"product_brand","embeddable":true,"href":"https:\/\/gpl-love.com\/fr\/wp-json\/wp\/v2\/product_brand?post=118537"},{"taxonomy":"product_cat","embeddable":true,"href":"https:\/\/gpl-love.com\/fr\/wp-json\/wp\/v2\/product_cat?post=118537"},{"taxonomy":"product_tag","embeddable":true,"href":"https:\/\/gpl-love.com\/fr\/wp-json\/wp\/v2\/product_tag?post=118537"}],"curies":[{"name":"wp","href":"https:\/\/api.w.org\/{rel}","templated":true}]}}