{"id":118535,"date":"2023-02-14T00:00:00","date_gmt":"2023-02-13T23:00:00","guid":{"rendered":"https:\/\/gpl-love.com\/fr\/produit\/ninja-forms-onepagecrm\/"},"modified":"2026-04-10T18:34:20","modified_gmt":"2026-04-10T16:34:20","slug":"ninja-forms-onepagecrm","status":"publish","type":"product","link":"https:\/\/gpl-love.com\/fr\/produit\/ninja-forms-onepagecrm\/","title":{"rendered":"Ninja Forms OnePageCRM 3.0.4"},"content":{"rendered":"<h3>Ninja Forms OnePageCRM Traits<\/h3>\n<p>Ninja Forms OnePageCrm pr\u00e9sente une plate-forme d&rsquo;int\u00e9gration robuste qui facilite la connexion transparente entre vos formulaires et le compte OnePageCrm. Cette int\u00e9gration vous permet de capturer sans effort les informations clients pr\u00e9cieuses, de suivre efficacement les prospects et les ventes et d&rsquo;automatiser efficacement vos processus de vente. Que votre objectif soit de g\u00e9n\u00e9rer des prospects, de rationaliser votre entonnoir de vente ou d&rsquo;automatiser votre processus de vente, Ninja Forms OnePageCrm fournit la solution compl\u00e8te que vous recherchez. Son interface simple et conviviale am\u00e9liore encore l&rsquo;exp\u00e9rience en simplifiant la cr\u00e9ation et la gestion des formulaires qui s&rsquo;int\u00e8grent parfaitement \u00e0 votre compte OnePageCrm. Ainsi, si vous aspirez \u00e0 \u00e9lever vos prouesses de vente \u00e0 des hauteurs sans pr\u00e9c\u00e9dent, Ninja Forms OnePageCrm est votre choix ultime.<\/p>\n<ul>\n<li>Int\u00e9gration entre les formulaires Ninja et OnePageCrm<\/li>\n<li>Recueillir facilement les informations du client et le plomb via des formulaires Ninja<\/li>\n<li>Envoyez automatiquement des donn\u00e9es de formulaire \u00e0 OnePageCrm pour la gestion des plombs rationalis\u00e9s<\/li>\n<li>Les champs personnalis\u00e9s peuvent \u00eatre mapp\u00e9s entre les formulaires Ninja et OnePageCrm pour des informations de plomb plus d\u00e9taill\u00e9es<\/li>\n<li>Les formulaires en plusieurs \u00e9tapes peuvent \u00eatre utilis\u00e9s pour mieux qualifier les prospects avant d&rsquo;envoyer \u00e0 OnePageCrm<\/li>\n<li>La logique conditionnelle peut \u00eatre appliqu\u00e9e aux formulaires pour la collecte et la gestion des plombs plus cibl\u00e9es<\/li>\n<li>Compatible avec les versions gratuites et payantes des formulaires Ninja et OnePageCrm<\/li>\n<li>Aucune exp\u00e9rience de codage ou technique n\u00e9cessaire pour la configuration et l&rsquo;utilisation<\/li>\n<li>Am\u00e9liore l&rsquo;efficacit\u00e9 et l&rsquo;organisation dans les processus de gestion des plombs<\/li>\n<li>Gave le temps et r\u00e9duit les erreurs dans la saisie manuelle des donn\u00e9es.<\/li>\n<\/ul>\n","protected":false},"excerpt":{"rendered":"<p>L&rsquo;int\u00e9gration tr\u00e8s efficace et robuste connue sous le nom de Ninja Forms OnePageCrm offre aux utilisateurs la capacit\u00e9 exceptionnelle d&rsquo;acqu\u00e9rir sans effort les prospects et de recueillir des informations de contact \u00e0 partir de leurs formulaires de site Web, qui peuvent tous \u00eatre transf\u00e9r\u00e9s directement et de mani\u00e8re transparente dans leur compte OnePageCrm. Cette int\u00e9gration remarquable offre non seulement une approche simplifi\u00e9e et rationalis\u00e9e pour g\u00e9rer efficacement les prospects et les contacts, mais permet \u00e9galement aux utilisateurs de convertir efficacement les clients potentiels en ventes rentables. En exploitant la puissance sans pr\u00e9c\u00e9dent des formes Ninja OnePageCrm, les entreprises peuvent efficacement affiner et optimiser leur processus de vente, garantissant ainsi des niveaux d&rsquo;efficacit\u00e9 accrus, une productivit\u00e9 accrue et un r\u00e9sultat net consid\u00e9rablement am\u00e9lior\u00e9.<\/p>\n","protected":false},"featured_media":144787,"comment_status":"open","ping_status":"open","template":"","meta":[],"product_brand":[2605],"product_cat":[1189,1181,1186],"product_tag":[1313],"class_list":{"0":"post-118535","1":"product","2":"type-product","3":"status-publish","4":"has-post-thumbnail","6":"product_brand-ninja-forms","7":"product_cat-personnalisation","8":"product_cat-plugins","9":"product_cat-wordpress-plugins","10":"product_tag-ninja-forms","11":"member-discount","12":"discount-restricted","14":"first","15":"instock","16":"sale","17":"downloadable","18":"virtual","19":"sold-individually","20":"purchasable","21":"product-type-simple"},"_links":{"self":[{"href":"https:\/\/gpl-love.com\/fr\/wp-json\/wp\/v2\/product\/118535","targetHints":{"allow":["GET"]}}],"collection":[{"href":"https:\/\/gpl-love.com\/fr\/wp-json\/wp\/v2\/product"}],"about":[{"href":"https:\/\/gpl-love.com\/fr\/wp-json\/wp\/v2\/types\/product"}],"replies":[{"embeddable":true,"href":"https:\/\/gpl-love.com\/fr\/wp-json\/wp\/v2\/comments?post=118535"}],"wp:featuredmedia":[{"embeddable":true,"href":"https:\/\/gpl-love.com\/fr\/wp-json\/wp\/v2\/media\/144787"}],"wp:attachment":[{"href":"https:\/\/gpl-love.com\/fr\/wp-json\/wp\/v2\/media?parent=118535"}],"wp:term":[{"taxonomy":"product_brand","embeddable":true,"href":"https:\/\/gpl-love.com\/fr\/wp-json\/wp\/v2\/product_brand?post=118535"},{"taxonomy":"product_cat","embeddable":true,"href":"https:\/\/gpl-love.com\/fr\/wp-json\/wp\/v2\/product_cat?post=118535"},{"taxonomy":"product_tag","embeddable":true,"href":"https:\/\/gpl-love.com\/fr\/wp-json\/wp\/v2\/product_tag?post=118535"}],"curies":[{"name":"wp","href":"https:\/\/api.w.org\/{rel}","templated":true}]}}