{"id":118533,"date":"2025-09-16T00:00:00","date_gmt":"2025-09-15T22:00:00","guid":{"rendered":"https:\/\/gpl-love.com\/fr\/produit\/ninja-forms-multipart-forms\/"},"modified":"2026-04-10T18:34:19","modified_gmt":"2026-04-10T16:34:19","slug":"ninja-forms-multipart-forms","status":"publish","type":"product","link":"https:\/\/gpl-love.com\/fr\/produit\/ninja-forms-multipart-forms\/","title":{"rendered":"Ninja Forms MultiPart Forms 3.0.27"},"content":{"rendered":"<h3>Ninja Forms MultiPart Forms Traits<\/h3>\n<p>Le plugin Ninja Forms Multipart Forms est un outil incroyablement robuste qui am\u00e9liore la fonctionnalit\u00e9 de votre site Web WordPress en vous permettant de cr\u00e9er des formulaires complexes et en plusieurs \u00e9tapes. En tirant parti de la puissance des formulaires multipAR, vous avez la capacit\u00e9 de diviser vos formulaires en plusieurs sections, ce qui facilite finalement la navigation des utilisateurs et am\u00e9liore le processus d&rsquo;ach\u00e8vement. En outre, ce plugin poss\u00e8de un \u00e9ventail impressionnant de types de champs de formulaire et d&rsquo;options de personnalisation qui vous permettent de fa\u00e7onner des formes distinctives et personnalis\u00e9es qui r\u00e9pondent sp\u00e9cifiquement \u00e0 vos exigences uniques. De plus, la nature conviviale des formulaires Ninja Formes en multiples combats associ\u00e9es \u00e0 ses capacit\u00e9s d&rsquo;int\u00e9gration transparentes avec d&rsquo;autres plugins en rend une solution id\u00e9ale pour les individus souhaitant cr\u00e9er des formes sophistiqu\u00e9es sans la n\u00e9cessit\u00e9 de poss\u00e9der une expertise codante. Avec l&rsquo;utilisation du plugin Ninja Forms Multipart Forms, vous pouvez rationaliser votre processus de cr\u00e9ation de formulaire, am\u00e9liorer l&rsquo;exp\u00e9rience utilisateur et capturer efficacement des donn\u00e9es inestimables.<\/p>\n<ul>\n<li>Cr\u00e9ez plusieurs formulaires avec un seul plugin.<\/li>\n<li>Divisez les formes plus longues en sections plus petites et plus g\u00e9rables.<\/li>\n<li>Personnalisez l&rsquo;apparence de chaque section et formulaire.<\/li>\n<li>Utilisez la logique conditionnelle pour afficher diff\u00e9rentes sections de formulaires en fonction de l&rsquo;entr\u00e9e utilisateur.<\/li>\n<li>Ajoutez et supprimez facilement les champs de formulaire au besoin.<\/li>\n<li>Suivez les progr\u00e8s des utilisateurs \u00e0 travers le formulaire avec les barres de progression.<\/li>\n<li>Personnalisez les messages de soumission de formulaire et redirigez les URL.<\/li>\n<li>Utilisez AJAX pour soumettre des donn\u00e9es de formulaire sans rafra\u00eechir la page.<\/li>\n<li>Toutes les formulaires sont compatibles avec les appareils mobiles.<\/li>\n<li>Recevez des notifications par e-mail lorsque les formulaires sont soumis.<\/li>\n<li>Int\u00e9grez avec des outils de marketing par e-mail populaires et CRM comme MailChimp et HubSpot.<\/li>\n<li>Les soumissions de formulaires pr\u00e9vues vous permettent de contr\u00f4ler lorsque les formulaires sont disponibles pour la soumission des utilisateurs.<\/li>\n<\/ul>\n","protected":false},"excerpt":{"rendered":"<p>Ninja Forms Multipart Forms pr\u00e9sente aux utilisateurs la possibilit\u00e9 de g\u00e9n\u00e9rer sans effort des formulaires complexes et de plusieurs pages. Ce plugin remarquablement influent permet aux individus de d\u00e9monter des formes \u00e9tendues en segments plus compacts et contr\u00f4lables, facilitant ainsi un processus plus fluide pour que les utilisateurs puissent compl\u00e9ter et exp\u00e9dier leurs informations pertinentes. L&rsquo;utilisation de mod\u00e8les personnalisables et un g\u00e9n\u00e9rateur de formulaire de glisser-d\u00e9poser simpliste rationalise en outre la cr\u00e9ation de formes multiples qui sont adapt\u00e9es pr\u00e9cis\u00e9ment pour r\u00e9pondre \u00e0 ses exigences uniques. En utilisant des formulaires Ninja Multipart Forms, on peut garantir une rencontre ininterrompue et conviviale tout en amassant simultan\u00e9ment toutes les donn\u00e9es requises.<\/p>\n","protected":false},"featured_media":144786,"comment_status":"open","ping_status":"open","template":"","meta":[],"product_brand":[2605],"product_cat":[1189,1181,1186],"product_tag":[1313],"class_list":{"0":"post-118533","1":"product","2":"type-product","3":"status-publish","4":"has-post-thumbnail","6":"product_brand-ninja-forms","7":"product_cat-personnalisation","8":"product_cat-plugins","9":"product_cat-wordpress-plugins","10":"product_tag-ninja-forms","11":"member-discount","12":"discount-restricted","14":"first","15":"instock","16":"sale","17":"downloadable","18":"virtual","19":"sold-individually","20":"purchasable","21":"product-type-simple"},"_links":{"self":[{"href":"https:\/\/gpl-love.com\/fr\/wp-json\/wp\/v2\/product\/118533","targetHints":{"allow":["GET"]}}],"collection":[{"href":"https:\/\/gpl-love.com\/fr\/wp-json\/wp\/v2\/product"}],"about":[{"href":"https:\/\/gpl-love.com\/fr\/wp-json\/wp\/v2\/types\/product"}],"replies":[{"embeddable":true,"href":"https:\/\/gpl-love.com\/fr\/wp-json\/wp\/v2\/comments?post=118533"}],"wp:featuredmedia":[{"embeddable":true,"href":"https:\/\/gpl-love.com\/fr\/wp-json\/wp\/v2\/media\/144786"}],"wp:attachment":[{"href":"https:\/\/gpl-love.com\/fr\/wp-json\/wp\/v2\/media?parent=118533"}],"wp:term":[{"taxonomy":"product_brand","embeddable":true,"href":"https:\/\/gpl-love.com\/fr\/wp-json\/wp\/v2\/product_brand?post=118533"},{"taxonomy":"product_cat","embeddable":true,"href":"https:\/\/gpl-love.com\/fr\/wp-json\/wp\/v2\/product_cat?post=118533"},{"taxonomy":"product_tag","embeddable":true,"href":"https:\/\/gpl-love.com\/fr\/wp-json\/wp\/v2\/product_tag?post=118533"}],"curies":[{"name":"wp","href":"https:\/\/api.w.org\/{rel}","templated":true}]}}