{"id":118531,"date":"2021-11-26T00:00:00","date_gmt":"2021-11-25T23:00:00","guid":{"rendered":"https:\/\/gpl-love.com\/fr\/produit\/ninja-forms-mailpoet\/"},"modified":"2026-03-20T23:28:42","modified_gmt":"2026-03-20T22:28:42","slug":"ninja-forms-mailpoet","status":"publish","type":"product","link":"https:\/\/gpl-love.com\/fr\/produit\/ninja-forms-mailpoet\/","title":{"rendered":"Ninja Forms MailPoet 3.0.1"},"content":{"rendered":"<h3>Ninja Forms MailPoet Traits<\/h3>\n<p>Les formulaires Ninja MailPoet sont un plugin extr\u00eamement robuste et dynamique qui offre aux utilisateurs la capacit\u00e9 incroyable d&rsquo;int\u00e9grer de mani\u00e8re transparente et sans effort leur campagne de marketing par e-mail avec le constructeur de formulaires WordPress tr\u00e8s populaire et largement utilis\u00e9 connu sous le nom de Ninja Forms. Gr\u00e2ce \u00e0 l&rsquo;utilisation de ce plugin exceptionnel, les utilisateurs ont la possibilit\u00e9 de cr\u00e9er sans effort et efficacement des formulaires d&rsquo;opt-in et des formulaires d&rsquo;abonnement qui sont enti\u00e8rement personnalisables et parfaitement int\u00e9gr\u00e9s \u00e0 MailPoet. \u00c0 la suite de cette int\u00e9gration impeccable, les utilisateurs sont autoris\u00e9s \u00e0 construire et \u00e0 d\u00e9velopper sans effort leur liste de diffusion et \u00e0 se connecter sans effort et \u00e0 engager leurs abonn\u00e9s estim\u00e9s via le support innovant et tr\u00e8s efficace des campagnes de marketing par e-mail automatis\u00e9es. De plus, Ninja Forms MailPoet fournit \u00e9galement aux utilisateurs une pl\u00e9thore d&rsquo;options de personnalisation avanc\u00e9es, y compris la capacit\u00e9 remarquable de segmenter efficacement les abonn\u00e9s et de suivre et de surveiller avec pr\u00e9cision les performances et l&rsquo;efficacit\u00e9 de leurs campagnes de messagerie. Par cons\u00e9quent, ce plugin extraordinaire sert d&rsquo;outil absolument indispensable et vital pour tout site Web WordPress qui est vraiment engag\u00e9 et investi dans la maximisation et l&rsquo;optimisation de leurs efforts et initiatives de marketing par e-mail.<\/p>\n<ul>\n<li>Int\u00e9grez de mani\u00e8re transparente vos formulaires Ninja avec MailPoet en quelques clics<\/li>\n<li>Ajoutez automatiquement de nouveaux abonn\u00e9s \u00e0 votre liste de diffusion MailPoet avec chaque soumission de formulaire<\/li>\n<li>Personnalisez les messages de confirmation d&rsquo;abonnement pour une exp\u00e9rience plus personnalis\u00e9e<\/li>\n<li>Utilisez des options de ciblage avanc\u00e9es pour envoyer des newsletters \u00e0 des segments sp\u00e9cifiques de votre liste de diffusion<\/li>\n<li>G\u00e9rer et organiser facilement vos abonn\u00e9s avec l&rsquo;interface conviviale de MailPoet<\/li>\n<li>Restez conforme aux r\u00e9glementations du RGPD en permettant la fonction \u00e0 double opt-in de MailPoet<\/li>\n<li>Automatisez vos campagnes par e-mail et gagnez du temps avec les fonctionnalit\u00e9s d&rsquo;automatisation de MailPoet<\/li>\n<li>Recevez des analyses et des informations sur vos campagnes pour suivre les taux d&rsquo;ouverture, les taux de clics, etc.<\/li>\n<\/ul>\n","protected":false},"excerpt":{"rendered":"<p>Ninja Forms MailPoet est un plugin exceptionnellement efficace qui fusionne parfaitement la fonctionnalit\u00e9 des formulaires Ninja avec la plate-forme de marketing par e-mail extr\u00eamement r\u00e9pandue, MailPoet. Au moyen de cette int\u00e9gration transparente, vous \u00eates dot\u00e9 de la capacit\u00e9 in\u00e9gal\u00e9e de rassembler sans effort les prospects via des formulaires personnalis\u00e9s \u00e0 partir de votre site Web et, par la suite, de mani\u00e8re la plus pratique et automatis\u00e9e, appelez lesdites plombs \u00e0 vos listes de diffusion MailPoet estim\u00e9es. De plus, en raison de l&rsquo;inclusion d&rsquo;une suite m\u00e9ticuleusement con\u00e7ue d&rsquo;analyses et d&rsquo;outils de rapports, vous avez l&rsquo;occasion remarquable de surveiller et d&rsquo;\u00e9valuer m\u00e9ticuleusement le succ\u00e8s retentissant de vos campagnes m\u00e9ticuleusement con\u00e7ues, vous permettant ainsi d&rsquo;optimiser et d&rsquo;am\u00e9liorer votre strat\u00e9gie de marketing par e-mail globale. Ainsi, il peut \u00eatre d\u00e9duit sans \u00e9quivoque que les formulaires Ninja MailPoet repr\u00e9sentent la solution par excellence pour les entreprises et les \u00e9tablissements dans tous les domaines de l&rsquo;industrie et du commerce qui cherchent ardemment \u00e0 augmenter et \u00e0 affiner leurs efforts de marketing par e-mail respectifs.<\/p>\n","protected":false},"featured_media":144785,"comment_status":"open","ping_status":"open","template":"","meta":[],"product_brand":[2605],"product_cat":[1207,1181,1186],"product_tag":[1313],"class_list":{"0":"post-118531","1":"product","2":"type-product","3":"status-publish","4":"has-post-thumbnail","6":"product_brand-ninja-forms","7":"product_cat-commercialisation-wordpress-plugins","8":"product_cat-plugins","9":"product_cat-wordpress-plugins","10":"product_tag-ninja-forms","11":"member-discount","12":"discount-restricted","14":"first","15":"instock","16":"sale","17":"downloadable","18":"virtual","19":"sold-individually","20":"purchasable","21":"product-type-simple"},"_links":{"self":[{"href":"https:\/\/gpl-love.com\/fr\/wp-json\/wp\/v2\/product\/118531","targetHints":{"allow":["GET"]}}],"collection":[{"href":"https:\/\/gpl-love.com\/fr\/wp-json\/wp\/v2\/product"}],"about":[{"href":"https:\/\/gpl-love.com\/fr\/wp-json\/wp\/v2\/types\/product"}],"replies":[{"embeddable":true,"href":"https:\/\/gpl-love.com\/fr\/wp-json\/wp\/v2\/comments?post=118531"}],"wp:featuredmedia":[{"embeddable":true,"href":"https:\/\/gpl-love.com\/fr\/wp-json\/wp\/v2\/media\/144785"}],"wp:attachment":[{"href":"https:\/\/gpl-love.com\/fr\/wp-json\/wp\/v2\/media?parent=118531"}],"wp:term":[{"taxonomy":"product_brand","embeddable":true,"href":"https:\/\/gpl-love.com\/fr\/wp-json\/wp\/v2\/product_brand?post=118531"},{"taxonomy":"product_cat","embeddable":true,"href":"https:\/\/gpl-love.com\/fr\/wp-json\/wp\/v2\/product_cat?post=118531"},{"taxonomy":"product_tag","embeddable":true,"href":"https:\/\/gpl-love.com\/fr\/wp-json\/wp\/v2\/product_tag?post=118531"}],"curies":[{"name":"wp","href":"https:\/\/api.w.org\/{rel}","templated":true}]}}