{"id":118529,"date":"2023-03-09T00:00:00","date_gmt":"2023-03-08T23:00:00","guid":{"rendered":"https:\/\/gpl-love.com\/fr\/produit\/ninja-forms-mailchimp\/"},"modified":"2026-04-10T18:34:18","modified_gmt":"2026-04-10T16:34:18","slug":"ninja-forms-mailchimp","status":"publish","type":"product","link":"https:\/\/gpl-love.com\/fr\/produit\/ninja-forms-mailchimp\/","title":{"rendered":"Ninja Forms MailChimp 3.3.6"},"content":{"rendered":"<h3>Ninja Forms MailChimp Traits<\/h3>\n<p>Ninja Forms MailChimp est une int\u00e9gration tr\u00e8s robuste qui facilite la connexion transparente entre votre site WordPress et la plate-forme de marketing par e-mail largement acclam\u00e9e, MailChimp. Cet outil adepte assure un processus sans tracas de construction de formes et de relev\u00e9s personnalis\u00e9es, de surveiller le comportement des utilisateurs et de concevoir des campagnes cibl\u00e9es qui contribuent \u00e0 augmenter la croissance de votre entreprise. Que votre objectif soit de d\u00e9g\u00e9n\u00e9rer le nombre d&rsquo;inscriptions, d&rsquo;\u00e9lever l&rsquo;engagement des utilisateurs ou de stimuler les ventes, Ninja Forms MailChimp vous permet d&rsquo;un \u00e9ventail de ressources indispensables pour atteindre ces objectifs. Par cons\u00e9quent, si vous \u00eates pr\u00eat \u00e0 \u00e9lever l&rsquo;efficacit\u00e9 de vos efforts de marketing par e-mail \u00e0 des hauteurs sans pr\u00e9c\u00e9dent, il n&rsquo;y a pas de meilleur moment qu&rsquo;aujourd&rsquo;hui pour donner aux formulaires Ninja un tourbillon!<\/p>\n<ul>\n<li>Int\u00e9gration transparente des formulaires Ninja avec MailChimp pour une gestion de la liste de diffusion facile<\/li>\n<li>Automatisez facilement vos efforts de marketing par e-mail<\/li>\n<li>Cr\u00e9ez des formulaires personnalis\u00e9s et enqu\u00eatez votre public avec des formulaires Ninja<\/li>\n<li>Utilisez des champs personnalis\u00e9s dans vos formulaires pour mieux classer vos abonn\u00e9s et adapter votre messagerie<\/li>\n<li>Envoyez des campagnes cibl\u00e9es \u00e0 des groupes sp\u00e9cifiques au sein de votre public<\/li>\n<li>Suivre facilement les performances de la campagne et prendre des d\u00e9cisions bas\u00e9es sur les donn\u00e9es<\/li>\n<li>Am\u00e9liorer les efforts de g\u00e9n\u00e9ration de leads en capturant les informations de contact via des formulaires directement connect\u00e9s \u00e0 MailChimp<\/li>\n<li>Utilisez des int\u00e9grations avec d&rsquo;autres outils de marketing comme les m\u00e9dias sociaux, Google Analytics, etc.<\/li>\n<\/ul>\n","protected":false},"excerpt":{"rendered":"<p>Ninja Forms MailChimp, le formidable outil en question, fusionne parfaitement le plugin de formulaire WordPress largement utilis\u00e9, Ninja Forms, avec la c\u00e9l\u00e8bre plate-forme de marketing par e-mail, MailChimp. Cette int\u00e9gration transparente offre aux utilisateurs la capacit\u00e9 remarquable d&rsquo;adapter et d&rsquo;automatiser sans effort les initiatives de g\u00e9n\u00e9ration de leads et les campagnes de marketing par e-mail. Par cons\u00e9quent, cela garantit une approche efficace et coh\u00e9rente de la conversion de la client\u00e8le potentielle en clients d\u00e9vou\u00e9s. Les fonctionnalit\u00e9s compl\u00e8tes offertes par Ninja Forms MailChimp permettent aux utilisateurs de cr\u00e9er et de r\u00e9partir rapidement et d&rsquo;envoyer des campagnes de messagerie sp\u00e9cifiquement cibl\u00e9es, de capturer et de g\u00e9rer efficacement les prospects et de surveiller m\u00e9ticuleusement leurs triomphes gr\u00e2ce \u00e0 des donn\u00e9es analytiques complexes. Ind\u00e9pendamment de sa comp\u00e9tence dans le domaine du marketing, qu&rsquo;il s&rsquo;agisse d&rsquo;un professionnel chevronn\u00e9 ou d&rsquo;un novice qui se lance dans son voyage, l&rsquo;indispensabilit\u00e9 de Ninja Forms MailChimp comme un outil con\u00e7u pour augmenter la pr\u00e9sence en ligne et renforcer les taux de conversion ne peut pas \u00eatre surestim\u00e9.<\/p>\n","protected":false},"featured_media":144784,"comment_status":"open","ping_status":"open","template":"","meta":[],"product_brand":[2605],"product_cat":[1207,1181,1186],"product_tag":[1313],"class_list":{"0":"post-118529","1":"product","2":"type-product","3":"status-publish","4":"has-post-thumbnail","6":"product_brand-ninja-forms","7":"product_cat-commercialisation-wordpress-plugins","8":"product_cat-plugins","9":"product_cat-wordpress-plugins","10":"product_tag-ninja-forms","11":"member-discount","12":"discount-restricted","14":"first","15":"instock","16":"sale","17":"downloadable","18":"virtual","19":"sold-individually","20":"purchasable","21":"product-type-simple"},"_links":{"self":[{"href":"https:\/\/gpl-love.com\/fr\/wp-json\/wp\/v2\/product\/118529","targetHints":{"allow":["GET"]}}],"collection":[{"href":"https:\/\/gpl-love.com\/fr\/wp-json\/wp\/v2\/product"}],"about":[{"href":"https:\/\/gpl-love.com\/fr\/wp-json\/wp\/v2\/types\/product"}],"replies":[{"embeddable":true,"href":"https:\/\/gpl-love.com\/fr\/wp-json\/wp\/v2\/comments?post=118529"}],"wp:featuredmedia":[{"embeddable":true,"href":"https:\/\/gpl-love.com\/fr\/wp-json\/wp\/v2\/media\/144784"}],"wp:attachment":[{"href":"https:\/\/gpl-love.com\/fr\/wp-json\/wp\/v2\/media?parent=118529"}],"wp:term":[{"taxonomy":"product_brand","embeddable":true,"href":"https:\/\/gpl-love.com\/fr\/wp-json\/wp\/v2\/product_brand?post=118529"},{"taxonomy":"product_cat","embeddable":true,"href":"https:\/\/gpl-love.com\/fr\/wp-json\/wp\/v2\/product_cat?post=118529"},{"taxonomy":"product_tag","embeddable":true,"href":"https:\/\/gpl-love.com\/fr\/wp-json\/wp\/v2\/product_tag?post=118529"}],"curies":[{"name":"wp","href":"https:\/\/api.w.org\/{rel}","templated":true}]}}