{"id":118527,"date":"2024-06-12T00:00:00","date_gmt":"2024-06-11T22:00:00","guid":{"rendered":"https:\/\/gpl-love.com\/fr\/produit\/ninja-forms-layout-et-styles\/"},"modified":"2026-04-10T18:34:17","modified_gmt":"2026-04-10T16:34:17","slug":"ninja-forms-layout-et-styles","status":"publish","type":"product","link":"https:\/\/gpl-love.com\/fr\/produit\/ninja-forms-layout-et-styles\/","title":{"rendered":"Ninja Forms Layout et Styles 3.0.30"},"content":{"rendered":"<h3>Ninja Forms Layout et Styles Traits<\/h3>\n<p>La mise en page et les styles des formulaires Ninja se pr\u00e9sente comme un outil tr\u00e8s puissant et influent, permettant aux utilisateurs de personnaliser sans effort et avec comp\u00e9tence l&rsquo;apparence et l&rsquo;ambiance de leurs formes. Cet outil englobe un vaste spectre de dispositions de formulaires pr\u00e9-con\u00e7ues, accordant aux utilisateurs la libert\u00e9 d&rsquo;opter pour des dispositions qui s&rsquo;alignent harmonieusement avec le style de leur site Web. De plus, les utilisateurs ont la possibilit\u00e9 de cr\u00e9er leurs propres dispositions personnalis\u00e9es, ce qui augmente encore le niveau de personnalisation et de professionnalisme atteint. En plus de ses fonctionnalit\u00e9s de mise en page, Ninja Forms Layout and Styles offre une gamme d&rsquo;options de style, offrant ainsi aux utilisateurs la possibilit\u00e9 de plonger encore plus profond\u00e9ment dans le domaine de la personnalisation. Ces options de style s&rsquo;\u00e9tendent de l&rsquo;alt\u00e9ration de la couleur et de la couleur du texte \u00e0 l&rsquo;int\u00e9gration transparente de CSS personnalis\u00e9e. En embrassant les possibilit\u00e9s offertes par cet outil dynamique, les utilisateurs peuvent cr\u00e9er sans effort des formes qui d\u00e9gagent l&rsquo;excellence esth\u00e9tique tout en fonctionnant simultan\u00e9ment avec la plus grande efficacit\u00e9. Par cons\u00e9quent, les utilisateurs sont \u00e9quip\u00e9s des moyens de collecter des informations sur les utilisateurs sans effort, assurant un processus sans faille et sans friction.<\/p>\n<ul>\n<li>Dispositions et styles de formulaires ninja personnalisables<\/li>\n<li>Interface glisser-d\u00e9poser conviviale<\/li>\n<li>Prend en charge les styles de formulaire illimit\u00e9s<\/li>\n<li>Mod\u00e8les pr\u00e9-construits disponibles pour une configuration rapide<\/li>\n<li>Options de personnalisation avanc\u00e9es disponibles pour les d\u00e9veloppeurs<\/li>\n<li>Compatible avec tous les modules compl\u00e9mentaires et extensions des formulaires ninja<\/li>\n<li>Conception enti\u00e8rement r\u00e9active pour l&rsquo;exp\u00e9rience utilisateur transparent sur n&rsquo;importe quel appareil<\/li>\n<li>Prise en charge int\u00e9gr\u00e9e pour les polices et les palettes de couleurs populaires<\/li>\n<li>Int\u00e9gration transparente avec des plateformes CMS populaires comme WordPress et Joomla<\/li>\n<li>Comprend un ensemble complet de documents et de tutoriels pour une configuration et une impl\u00e9mentation faciles.<\/li>\n<\/ul>\n","protected":false},"excerpt":{"rendered":"<p>\u00c9levez la qualit\u00e9 de vos formes Ninja en int\u00e9grant de mani\u00e8re transparente notre compl\u00e9ment de mise en page et de styles avanc\u00e9, vous permettant de fa\u00e7onner des chefs-d&rsquo;\u0153uvre extraordinaires et captivants. Arr\u00eatez des mod\u00e8les personnalis\u00e9s pour s&rsquo;aligner parfaitement avec votre identit\u00e9 de marque unique et laisser sans effort un impact m\u00e9morable sur votre client\u00e8le estim\u00e9e. Offrez des adieux aux formes banales et banales et adoptez une fusion enchanteresse de visuels captivants et de fonctionnalit\u00e9s exceptionnelles qui exigent sans \u00e9quivoque l&rsquo;attention et stimulent une augmentation exponentielle des conversions.<\/p>\n","protected":false},"featured_media":144782,"comment_status":"open","ping_status":"open","template":"","meta":[],"product_brand":[2605],"product_cat":[1189,1181,1186],"product_tag":[1313],"class_list":{"0":"post-118527","1":"product","2":"type-product","3":"status-publish","4":"has-post-thumbnail","6":"product_brand-ninja-forms","7":"product_cat-personnalisation","8":"product_cat-plugins","9":"product_cat-wordpress-plugins","10":"product_tag-ninja-forms","11":"member-discount","12":"discount-restricted","14":"first","15":"instock","16":"sale","17":"downloadable","18":"virtual","19":"sold-individually","20":"purchasable","21":"product-type-simple"},"_links":{"self":[{"href":"https:\/\/gpl-love.com\/fr\/wp-json\/wp\/v2\/product\/118527","targetHints":{"allow":["GET"]}}],"collection":[{"href":"https:\/\/gpl-love.com\/fr\/wp-json\/wp\/v2\/product"}],"about":[{"href":"https:\/\/gpl-love.com\/fr\/wp-json\/wp\/v2\/types\/product"}],"replies":[{"embeddable":true,"href":"https:\/\/gpl-love.com\/fr\/wp-json\/wp\/v2\/comments?post=118527"}],"wp:featuredmedia":[{"embeddable":true,"href":"https:\/\/gpl-love.com\/fr\/wp-json\/wp\/v2\/media\/144782"}],"wp:attachment":[{"href":"https:\/\/gpl-love.com\/fr\/wp-json\/wp\/v2\/media?parent=118527"}],"wp:term":[{"taxonomy":"product_brand","embeddable":true,"href":"https:\/\/gpl-love.com\/fr\/wp-json\/wp\/v2\/product_brand?post=118527"},{"taxonomy":"product_cat","embeddable":true,"href":"https:\/\/gpl-love.com\/fr\/wp-json\/wp\/v2\/product_cat?post=118527"},{"taxonomy":"product_tag","embeddable":true,"href":"https:\/\/gpl-love.com\/fr\/wp-json\/wp\/v2\/product_tag?post=118527"}],"curies":[{"name":"wp","href":"https:\/\/api.w.org\/{rel}","templated":true}]}}