{"id":118525,"date":"2025-06-08T00:00:00","date_gmt":"2025-06-07T22:00:00","guid":{"rendered":"https:\/\/gpl-love.com\/fr\/produit\/ninja-forms-help-scout\/"},"modified":"2026-04-10T18:34:15","modified_gmt":"2026-04-10T16:34:15","slug":"ninja-forms-help-scout","status":"publish","type":"product","link":"https:\/\/gpl-love.com\/fr\/produit\/ninja-forms-help-scout\/","title":{"rendered":"Ninja Forms Help Scout 3.1.4"},"content":{"rendered":"<h3>Ninja Forms Help Scout Traits<\/h3>\n<p>L&rsquo;int\u00e9gration des formes Ninja et de l&rsquo;aide \u00e0 Scout offre une pl\u00e9thore d&rsquo;avantages, ce qui en fait un outil puissant pour l&rsquo;int\u00e9gration transparente entre ces deux plates-formes largement utilis\u00e9es. En permettant aux utilisateurs de cr\u00e9er sans effort des billets d&rsquo;aide directement \u00e0 partir de leurs soumissions Ninja Forms, il facilite un processus rationalis\u00e9 pour r\u00e9pondre aux demandes des clients et fournir un support. De plus, les formulaires Ninja aident Scout permet aux utilisateurs de cartographier facilement les champs de formulaire pour aider \u00e0 rechercher des champs de billets, en automatisant la population des informations des clients dans le billet. Par cons\u00e9quent, cela minimise le besoin de saisie manuelle des donn\u00e9es, r\u00e9duisant ainsi le potentiel d&rsquo;erreur humaine. En tant que tel, cette int\u00e9gration est un actif indispensable pour toute entreprise qui cherche \u00e0 \u00e9lever son exp\u00e9rience de support client et \u00e0 renforcer l&rsquo;efficacit\u00e9 op\u00e9rationnelle globale.<\/p>\n<ul>\n<li>Syncs Ninja Forms Soumissions avec une plate-forme d&rsquo;assistance client Help Scout<\/li>\n<li>Cr\u00e9e automatiquement des conversations d&rsquo;aide pour chaque soumission de formulaire<\/li>\n<li>Envoie directement des donn\u00e9es de soumission de formulaire pour aider les billets \u00e0 rechercher<\/li>\n<li>Permet un suivi et une gestion faciles des demandes de support client<\/li>\n<li>\u00c9limine le besoin de saisie manuelle des donn\u00e9es et r\u00e9duit le risque d&rsquo;erreur<\/li>\n<li>Mappage personnalisable des champs de formulaire pour aider \u00e0 rechercher des champs de billets<\/li>\n<li>Am\u00e9liore l&rsquo;exp\u00e9rience client en permettant une gestion rapide et efficace des demandes de support<\/li>\n<li>Compatible avec toutes les versions des formulaires Ninja et aide \u00e0 Scout<\/li>\n<li>Interface conviviale et processus d&rsquo;installation facile<\/li>\n<li>Gave le temps et rationalise le flux de travail du support client<\/li>\n<\/ul>\n","protected":false},"excerpt":{"rendered":"<p>En utilisant les puissants formulaires Ninja, en aidant l&rsquo;int\u00e9gration Scout, les utilisateurs sont en mesure de g\u00e9rer et de surveiller efficacement les demandes de support client avec la plus grande facilit\u00e9. Cette int\u00e9gration remarquable facilite la cr\u00e9ation de conversations d&rsquo;aide directement \u00e0 partir des soumissions Ninja Forms, garantissant ainsi une exp\u00e9rience de support client sans couture et sans tracas. Offrez des adieux \u00e0 la t\u00e2che on\u00e9reuse de copier et de coller des informations entre les plates-formes, et optimiser et rationaliser votre processus de support en int\u00e9grant les formulaires Ninja avec Help Scout.<\/p>\n","protected":false},"featured_media":144776,"comment_status":"open","ping_status":"open","template":"","meta":[],"product_brand":[2605],"product_cat":[1187,1181,1186],"product_tag":[1313],"class_list":{"0":"post-118525","1":"product","2":"type-product","3":"status-publish","4":"has-post-thumbnail","6":"product_brand-ninja-forms","7":"product_cat-administration-wordpress-plugins","8":"product_cat-plugins","9":"product_cat-wordpress-plugins","10":"product_tag-ninja-forms","11":"member-discount","12":"discount-restricted","14":"first","15":"instock","16":"sale","17":"downloadable","18":"virtual","19":"sold-individually","20":"purchasable","21":"product-type-simple"},"_links":{"self":[{"href":"https:\/\/gpl-love.com\/fr\/wp-json\/wp\/v2\/product\/118525","targetHints":{"allow":["GET"]}}],"collection":[{"href":"https:\/\/gpl-love.com\/fr\/wp-json\/wp\/v2\/product"}],"about":[{"href":"https:\/\/gpl-love.com\/fr\/wp-json\/wp\/v2\/types\/product"}],"replies":[{"embeddable":true,"href":"https:\/\/gpl-love.com\/fr\/wp-json\/wp\/v2\/comments?post=118525"}],"wp:featuredmedia":[{"embeddable":true,"href":"https:\/\/gpl-love.com\/fr\/wp-json\/wp\/v2\/media\/144776"}],"wp:attachment":[{"href":"https:\/\/gpl-love.com\/fr\/wp-json\/wp\/v2\/media?parent=118525"}],"wp:term":[{"taxonomy":"product_brand","embeddable":true,"href":"https:\/\/gpl-love.com\/fr\/wp-json\/wp\/v2\/product_brand?post=118525"},{"taxonomy":"product_cat","embeddable":true,"href":"https:\/\/gpl-love.com\/fr\/wp-json\/wp\/v2\/product_cat?post=118525"},{"taxonomy":"product_tag","embeddable":true,"href":"https:\/\/gpl-love.com\/fr\/wp-json\/wp\/v2\/product_tag?post=118525"}],"curies":[{"name":"wp","href":"https:\/\/api.w.org\/{rel}","templated":true}]}}