{"id":118523,"date":"2021-10-11T00:00:00","date_gmt":"2021-10-10T22:00:00","guid":{"rendered":"https:\/\/gpl-love.com\/fr\/produit\/ninja-forms-getresponse\/"},"modified":"2026-03-20T23:28:33","modified_gmt":"2026-03-20T22:28:33","slug":"ninja-forms-getresponse","status":"publish","type":"product","link":"https:\/\/gpl-love.com\/fr\/produit\/ninja-forms-getresponse\/","title":{"rendered":"Ninja Forms GetResponse 1.2.1"},"content":{"rendered":"<h3>Ninja Forms GetResponse Traits<\/h3>\n<p>Ninja Forms GetResponse est un outil de marketing incroyablement robuste et efficace, offrant aux entreprises les moyens de g\u00e9rer efficacement leurs campagnes de g\u00e9n\u00e9ration de leads et de marketing par e-mail. Ce plugin remarquable permet aux utilisateurs de g\u00e9n\u00e9rer sans effort des formulaires personnalisables qui s&rsquo;int\u00e8grent parfaitement \u00e0 GetResponse, une plate-forme de marketing par e-mail renomm\u00e9e et largement utilis\u00e9e. Ne se limitant pas \u00e0 un type de forme singulier, le plugin r\u00e9pond aux divers besoins des entreprises en offrant une gamme d&rsquo;options, y compris des formulaires d&rsquo;inscription, des formulaires de contact et des formulaires de r\u00e9troaction. Cette vari\u00e9t\u00e9 impressionnante assure la plus grande flexibilit\u00e9 et facilit\u00e9 d&rsquo;utilisation pour les utilisateurs. De plus, l&rsquo;une des fonctionnalit\u00e9s remarquables de ce plugin est sa convivialit\u00e9 exceptionnelle, car elle \u00e9limine compl\u00e8tement la n\u00e9cessit\u00e9 d&rsquo;une expertise de codage. Cette fonctionnalit\u00e9 habilitante permet aux utilisateurs de cr\u00e9er, g\u00e9rer et analyser sans effort leurs formulaires et campagnes. En fin de compte, Ninja Forms GetResponse est la solution par excellence pour les entreprises qui cherchent \u00e0 optimiser leurs efforts de g\u00e9n\u00e9ration de leads et de marketing par e-mail, tout en confirmant une approche remarquablement conviviale.<\/p>\n<ul>\n<li>Int\u00e9gration transparente entre les formulaires Ninja et GetResponse<\/li>\n<li>Possibilit\u00e9 d&rsquo;ajouter automatiquement des soumissions de formulaires aux listes GetResponse<\/li>\n<li>Champs personnalisables pour cartographier Ninja Forms Donn\u00e9es aux champs correspondants dans GetResponse<\/li>\n<li>Option pour configurer la double opt-in pour une v\u00e9rification d&rsquo;adresse e-mail ajout\u00e9e<\/li>\n<li>Prise en charge de plusieurs listes et segments dans GetResponse<\/li>\n<li>Synchronisation en temps r\u00e9el des donn\u00e9es pour les coordonn\u00e9es \u00e0 jour<\/li>\n<li>Interface conviviale pour une configuration et une gestion faciles<\/li>\n<li>Compatibilit\u00e9 avec les versions gratuites et payantes des formulaires Ninja et GetResponse<\/li>\n<li>Capacit\u00e9 \u00e0 utiliser la logique conditionnelle pour affiner davantage les soumissions de formulaires ajout\u00e9es \u00e0 GetResponse<\/li>\n<li>Mises \u00e0 jour r\u00e9guli\u00e8res et am\u00e9lioration des fonctionnalit\u00e9s par les formulaires Ninja et les \u00e9quipes GetResponse<\/li>\n<\/ul>\n","protected":false},"excerpt":{"rendered":"<p>Ninja Forms GetResponse, un outil de marketing tr\u00e8s robuste, offre aux entreprises la capacit\u00e9 remarquable d&rsquo;int\u00e9grer de mani\u00e8re transparente leurs formulaires de site Web avec leur compte GetResponse. Ce produit exceptionnel autorise non seulement les entreprises \u00e0 \u00e9tendre rapidement et sans effort leur liste de diffusion, mais il facilite \u00e9galement l&rsquo;automatisation des abonn\u00e9s Opt-Ins via leurs formulaires de site Web, associ\u00e9s \u00e0 la r\u00e9partition automatique des e-mails cibl\u00e9s aux abonn\u00e9s, en prenant en compte leur niveau d&rsquo;engagement, en prenant en compte leur niveau d&rsquo;engagement, . En outre, Ninja Forms GetResponse fournit aux entreprises des informations sur les donn\u00e9es inestimables pour optimiser leurs campagnes par e-mail et am\u00e9liorer leurs strat\u00e9gies de marketing globales. Avec son interface conviviale et ses fonctionnalit\u00e9s de pointe, Ninja Forms GetResponse \u00e9merge ind\u00e9niablement comme un outil indispensable pour que toute entreprise s&rsquo;effor\u00e7ant d&rsquo;amplifier ses efforts de marketing par e-mail.<\/p>\n","protected":false},"featured_media":144775,"comment_status":"open","ping_status":"open","template":"","meta":[],"product_brand":[2605],"product_cat":[1207,1181,1186],"product_tag":[1313],"class_list":{"0":"post-118523","1":"product","2":"type-product","3":"status-publish","4":"has-post-thumbnail","6":"product_brand-ninja-forms","7":"product_cat-commercialisation-wordpress-plugins","8":"product_cat-plugins","9":"product_cat-wordpress-plugins","10":"product_tag-ninja-forms","11":"member-discount","12":"discount-restricted","14":"first","15":"instock","16":"sale","17":"downloadable","18":"virtual","19":"sold-individually","20":"purchasable","21":"product-type-simple"},"_links":{"self":[{"href":"https:\/\/gpl-love.com\/fr\/wp-json\/wp\/v2\/product\/118523","targetHints":{"allow":["GET"]}}],"collection":[{"href":"https:\/\/gpl-love.com\/fr\/wp-json\/wp\/v2\/product"}],"about":[{"href":"https:\/\/gpl-love.com\/fr\/wp-json\/wp\/v2\/types\/product"}],"replies":[{"embeddable":true,"href":"https:\/\/gpl-love.com\/fr\/wp-json\/wp\/v2\/comments?post=118523"}],"wp:featuredmedia":[{"embeddable":true,"href":"https:\/\/gpl-love.com\/fr\/wp-json\/wp\/v2\/media\/144775"}],"wp:attachment":[{"href":"https:\/\/gpl-love.com\/fr\/wp-json\/wp\/v2\/media?parent=118523"}],"wp:term":[{"taxonomy":"product_brand","embeddable":true,"href":"https:\/\/gpl-love.com\/fr\/wp-json\/wp\/v2\/product_brand?post=118523"},{"taxonomy":"product_cat","embeddable":true,"href":"https:\/\/gpl-love.com\/fr\/wp-json\/wp\/v2\/product_cat?post=118523"},{"taxonomy":"product_tag","embeddable":true,"href":"https:\/\/gpl-love.com\/fr\/wp-json\/wp\/v2\/product_tag?post=118523"}],"curies":[{"name":"wp","href":"https:\/\/api.w.org\/{rel}","templated":true}]}}