{"id":118521,"date":"2021-10-11T00:00:00","date_gmt":"2021-10-10T22:00:00","guid":{"rendered":"https:\/\/gpl-love.com\/fr\/produit\/ninja-forms-freshbooks\/"},"modified":"2026-03-20T23:28:30","modified_gmt":"2026-03-20T22:28:30","slug":"ninja-forms-freshbooks","status":"publish","type":"product","link":"https:\/\/gpl-love.com\/fr\/produit\/ninja-forms-freshbooks\/","title":{"rendered":"Ninja Forms FreshBooks 1.0.1"},"content":{"rendered":"<h3>Ninja Forms FreshBooks Traits<\/h3>\n<p>L&rsquo;int\u00e9gration entre Ninja Forms et FreshBooks offre aux utilisateurs un moyen remarquablement fluide et sans effort de relier leurs formulaires de contact WordPress \u00e0 leur compte FreshBooks, permettant un transfert transparent d&rsquo;informations sur les clients. En se pr\u00e9voyant de cette int\u00e9gration, les utilisateurs peuvent g\u00e9n\u00e9rer sans effort des formulaires personnalis\u00e9s qui rassemblent efficacement les donn\u00e9es des clients et les exp\u00e9dier rapidement \u00e0 leur compte FreshBooks. En cons\u00e9quence, cette int\u00e9gration rationalise efficacement les proc\u00e9dures de facturation et de gestion des clients, entra\u00eenant des \u00e9conomies de temps importantes et une productivit\u00e9 accrue. En outre, cette int\u00e9gration permet un suivi pratique des donn\u00e9es de facturation et financi\u00e8res, garantissant ainsi des pratiques de tenue de dossiers impeccables et efficaces. Par cons\u00e9quent, l&rsquo;int\u00e9gration Ninja Forme FreshBooks appara\u00eet comme un outil exceptionnellement pr\u00e9cieux pour les entreprises et les ind\u00e9pendants, car il simplifie et rationalise efficacement leurs processus de facturation et de facturation.<\/p>\n<ul>\n<li>Int\u00e9gration transparente entre les formulaires Ninja et les manuels fra\u00eeches<\/li>\n<li>Transfert automatique des soumissions de formulaires aux livres frais<\/li>\n<li>Capacit\u00e9 \u00e0 cartographier des champs de forme sp\u00e9cifiques aux champs de livres fra\u00eeches correspondants<\/li>\n<li>Option pour cr\u00e9er de nouveaux clients et factures dans les livres fra\u00eeches directement \u00e0 partir des formulaires Ninja<\/li>\n<li>Gave le temps et r\u00e9duit les erreurs de saisie des donn\u00e9es manuelles<\/li>\n<li>Compatible avec les formulaires ninja et les plans payants<\/li>\n<li>Aucune comp\u00e9tence de codage ou technique requise pour configurer l&rsquo;int\u00e9gration<\/li>\n<li>Fournit un moyen rationalis\u00e9 et efficace de g\u00e9rer les informations sur les clients et les paiements<\/li>\n<\/ul>\n","protected":false},"excerpt":{"rendered":"<p>L&rsquo;int\u00e9gration entre Ninja Forms et Freshbooks sert d&rsquo;outil incroyablement robuste, accordant aux utilisateurs la possibilit\u00e9 d&rsquo;\u00e9tablir sans effort une connexion entre leurs formulaires Web et leurs comptes FreshBooks. Au moyen de cette int\u00e9gration, les utilisateurs peuvent facilement recueillir des informations approfondies clients, g\u00e9n\u00e9rer des factures sans effort et surveiller avec diligence les paiements, le tout sans avoir \u00e0 naviguer loin de leur tableau de bord Ninja Forms. Offrez des adieux au processus fastidieux de saisir manuellement les donn\u00e9es et d&rsquo;accueillir chaleureusement un flux de travail plus efficace et bien organis\u00e9!<\/p>\n","protected":false},"featured_media":144773,"comment_status":"open","ping_status":"open","template":"","meta":[],"product_brand":[2605],"product_cat":[1187,1181,1186],"product_tag":[1313],"class_list":{"0":"post-118521","1":"product","2":"type-product","3":"status-publish","4":"has-post-thumbnail","6":"product_brand-ninja-forms","7":"product_cat-administration-wordpress-plugins","8":"product_cat-plugins","9":"product_cat-wordpress-plugins","10":"product_tag-ninja-forms","11":"member-discount","12":"discount-restricted","14":"first","15":"instock","16":"sale","17":"downloadable","18":"virtual","19":"sold-individually","20":"purchasable","21":"product-type-simple"},"_links":{"self":[{"href":"https:\/\/gpl-love.com\/fr\/wp-json\/wp\/v2\/product\/118521","targetHints":{"allow":["GET"]}}],"collection":[{"href":"https:\/\/gpl-love.com\/fr\/wp-json\/wp\/v2\/product"}],"about":[{"href":"https:\/\/gpl-love.com\/fr\/wp-json\/wp\/v2\/types\/product"}],"replies":[{"embeddable":true,"href":"https:\/\/gpl-love.com\/fr\/wp-json\/wp\/v2\/comments?post=118521"}],"wp:featuredmedia":[{"embeddable":true,"href":"https:\/\/gpl-love.com\/fr\/wp-json\/wp\/v2\/media\/144773"}],"wp:attachment":[{"href":"https:\/\/gpl-love.com\/fr\/wp-json\/wp\/v2\/media?parent=118521"}],"wp:term":[{"taxonomy":"product_brand","embeddable":true,"href":"https:\/\/gpl-love.com\/fr\/wp-json\/wp\/v2\/product_brand?post=118521"},{"taxonomy":"product_cat","embeddable":true,"href":"https:\/\/gpl-love.com\/fr\/wp-json\/wp\/v2\/product_cat?post=118521"},{"taxonomy":"product_tag","embeddable":true,"href":"https:\/\/gpl-love.com\/fr\/wp-json\/wp\/v2\/product_tag?post=118521"}],"curies":[{"name":"wp","href":"https:\/\/api.w.org\/{rel}","templated":true}]}}