{"id":118519,"date":"2026-03-20T00:00:00","date_gmt":"2026-03-19T23:00:00","guid":{"rendered":"https:\/\/gpl-love.com\/fr\/produit\/ninja-forms-file-uploads\/"},"modified":"2026-04-10T18:34:12","modified_gmt":"2026-04-10T16:34:12","slug":"ninja-forms-file-uploads","status":"publish","type":"product","link":"https:\/\/gpl-love.com\/fr\/produit\/ninja-forms-file-uploads\/","title":{"rendered":"Ninja Forms File Uploads 3.3.27"},"content":{"rendered":"<h3>Ninja Forms File Uploads Traits<\/h3>\n<p>Ninja Forms File T\u00e9l\u00e9chargements est un logiciel extr\u00eamement puissant qui offre aux utilisateurs la capacit\u00e9 pratique de t\u00e9l\u00e9charger et de g\u00e9rer efficacement sans effort les fichiers via leurs formulaires de site Web. En utilisant sa fonctionnalit\u00e9 de glisser-d\u00e9poser remarquablement conviviale, les individus peuvent facilement int\u00e9grer des champs de t\u00e9l\u00e9chargement de fichiers dans leurs formulaires, en les personnalisant par la suite en fonction de leurs exigences uniques, tout en imposant des restrictions \u00e0 la taille et au format des fichiers qui peuvent \u00eatre t\u00e9l\u00e9charg\u00e9s . Ce logiciel particulier est exceptionnellement bien adapt\u00e9 aux entreprises ou aux individus qui n\u00e9cessitent la collecte de documents, d&rsquo;images ou de tout autre type de fichier imaginable aupr\u00e8s de leurs visiteurs de site Web estim\u00e9s. Le processus d&rsquo;installation pour Ninja Forms File T\u00e9l\u00e9chargements est une brise absolue, et il s&rsquo;int\u00e8gre harmonieusement \u00e0 une large gamme de plugins WordPress tr\u00e8s recherch\u00e9s, culminant ainsi dans un ajout inestimable \u00e0 tout site Web. S&rsquo;engageant dans une mani\u00e8re tr\u00e8s intuitive et simple, ce logiciel permet aux utilisateurs de g\u00e9rer de mani\u00e8re approfondie leurs fichiers, optimisant ainsi leur flux de travail avec une efficacit\u00e9 remarquable.<\/p>\n<ul>\n<li>Int\u00e9grez de mani\u00e8re transparente le t\u00e9l\u00e9chargement de fichiers dans vos formulaires Ninja Forms Workflows<\/li>\n<li>Permettez aux utilisateurs de t\u00e9l\u00e9charger facilement des documents, des images et des fichiers multim\u00e9dias via vos formulaires<\/li>\n<li>Choisissez parmi une vari\u00e9t\u00e9 de types de fichiers et ajustez les limites de t\u00e9l\u00e9chargement pour r\u00e9pondre \u00e0 vos besoins<\/li>\n<li>Gagner une meilleure organisation et une meilleure gestion des fichiers soumis avec notre syst\u00e8me de gestion int\u00e9gr\u00e9<\/li>\n<li>Recevez des notifications par e-mail lorsque des fichiers ont \u00e9t\u00e9 t\u00e9l\u00e9charg\u00e9s via vos formulaires<\/li>\n<li>Tenir les utilisateurs inform\u00e9s des barres de progression dynamiques qui affichent des progr\u00e8s de t\u00e9l\u00e9chargement en temps r\u00e9el<\/li>\n<li>Configurez les r\u00e8gles de logique conditionnelle pour les t\u00e9l\u00e9chargements de fichiers pour s&rsquo;assurer que seuls les fichiers n\u00e9cessaires sont soumis<\/li>\n<li>Gagnez du temps en automatisant votre processus de t\u00e9l\u00e9chargement de fichiers avec notre plugin efficace.<\/li>\n<\/ul>\n","protected":false},"excerpt":{"rendered":"<p>Ninja Forms File T\u00e9l\u00e9chargements pr\u00e9sente un formidable outil qui facilite l&rsquo;int\u00e9gration transparente des fonctionnalit\u00e9s de t\u00e9l\u00e9chargement de fichiers dans vos formulaires Ninja. Offrant la capacit\u00e9 remarquable de t\u00e9l\u00e9charger plusieurs fichiers simultan\u00e9ment et de sp\u00e9cifier les types et tailles de fichiers souhait\u00e9s, cet addon s&rsquo;av\u00e8re exceptionnellement avantageux pour les entreprises et les individus cherchant \u00e0 rassembler des documents vitaux, des images ou tout autre actif num\u00e9rique \u00e0 partir de leur client\u00e8le estim\u00e9e ou des clients appr\u00e9ci\u00e9s. Peu importe que vous aspirez \u00e0 cr\u00e9er un formulaire de contact simpliste ou une application complexe, Ninja Forms File T\u00e9l\u00e9chargements facilite sans effort la capture, le stockage et la gestion de vos fichiers. De plus, son interface conviviale et ses options personnalisables permettent une adaptation sans effort de l&rsquo;addon pour s&rsquo;aligner impeccablement avec vos exigences et pr\u00e9f\u00e9rences uniques.<\/p>\n","protected":false},"featured_media":144771,"comment_status":"open","ping_status":"open","template":"","meta":[],"product_brand":[2605],"product_cat":[1189,1181,1186],"product_tag":[1313],"class_list":{"0":"post-118519","1":"product","2":"type-product","3":"status-publish","4":"has-post-thumbnail","6":"product_brand-ninja-forms","7":"product_cat-personnalisation","8":"product_cat-plugins","9":"product_cat-wordpress-plugins","10":"product_tag-ninja-forms","11":"member-discount","12":"discount-restricted","14":"first","15":"instock","16":"sale","17":"downloadable","18":"virtual","19":"sold-individually","20":"purchasable","21":"product-type-simple"},"_links":{"self":[{"href":"https:\/\/gpl-love.com\/fr\/wp-json\/wp\/v2\/product\/118519","targetHints":{"allow":["GET"]}}],"collection":[{"href":"https:\/\/gpl-love.com\/fr\/wp-json\/wp\/v2\/product"}],"about":[{"href":"https:\/\/gpl-love.com\/fr\/wp-json\/wp\/v2\/types\/product"}],"replies":[{"embeddable":true,"href":"https:\/\/gpl-love.com\/fr\/wp-json\/wp\/v2\/comments?post=118519"}],"wp:featuredmedia":[{"embeddable":true,"href":"https:\/\/gpl-love.com\/fr\/wp-json\/wp\/v2\/media\/144771"}],"wp:attachment":[{"href":"https:\/\/gpl-love.com\/fr\/wp-json\/wp\/v2\/media?parent=118519"}],"wp:term":[{"taxonomy":"product_brand","embeddable":true,"href":"https:\/\/gpl-love.com\/fr\/wp-json\/wp\/v2\/product_brand?post=118519"},{"taxonomy":"product_cat","embeddable":true,"href":"https:\/\/gpl-love.com\/fr\/wp-json\/wp\/v2\/product_cat?post=118519"},{"taxonomy":"product_tag","embeddable":true,"href":"https:\/\/gpl-love.com\/fr\/wp-json\/wp\/v2\/product_tag?post=118519"}],"curies":[{"name":"wp","href":"https:\/\/api.w.org\/{rel}","templated":true}]}}