{"id":118517,"date":"2024-03-13T00:00:00","date_gmt":"2024-03-12T23:00:00","guid":{"rendered":"https:\/\/gpl-love.com\/fr\/produit\/ninja-forms-excel-export\/"},"modified":"2026-04-10T18:34:11","modified_gmt":"2026-04-10T16:34:11","slug":"ninja-forms-excel-export","status":"publish","type":"product","link":"https:\/\/gpl-love.com\/fr\/produit\/ninja-forms-excel-export\/","title":{"rendered":"Ninja Forms Excel Export 3.3.5"},"content":{"rendered":"<h3>Ninja Forms Excel Export Traits<\/h3>\n<p>Le plugin d&rsquo;exportation Excel Ninja Forms est un outil extr\u00eamement puissant qui donne aux utilisateurs la possibilit\u00e9 d&rsquo;exporter efficacement leurs soumissions de formulaire directement dans des feuilles de calcul Excel. En utilisant ce plugin remarquable, les utilisateurs peuvent manipuler et examiner sans effort leurs donn\u00e9es de formulaire gr\u00e2ce \u00e0 l&rsquo;utilisation de leurs logiciels de feuille de calcul pr\u00e9f\u00e9r\u00e9s, tels que Microsoft Excel ou Google Sheets. Le plugin poss\u00e8de une interface conviviale et non compliqu\u00e9e, permettant ainsi aux utilisateurs de personnaliser les donn\u00e9es export\u00e9es, de cicatrices de formulaires sp\u00e9cifiques \u00e0 la main et d&rsquo;\u00e9tablir des filtres de plage de dates. Les entreprises et les organisations qui n\u00e9cessitent le traitement et la gestion de quantit\u00e9s substantielles de donn\u00e9es d\u00e9riv\u00e9es de leurs formulaires en ligne trouveraient sans aucun doute les formulaires ninja Excel Export comme un choix exceptionnel. Ce plugin sert \u00e0 gagner du temps et des efforts, tout en augmentant simultan\u00e9ment la pr\u00e9cision des donn\u00e9es et en facilitant les capacit\u00e9s de prise de d\u00e9cision sup\u00e9rieures.<\/p>\n<ul>\n<li>Exportez de mani\u00e8re transparente vos donn\u00e9es de formulaires Ninja au format Excel pour une analyse et une distribution faciles.<\/li>\n<li>Choisissez le formulaire sp\u00e9cifique et la plage de dates \u00e0 exporter \u00e0 partir de votre tableau de bord Ninja Forms en quelques clics.<\/li>\n<li>Personnalisez facilement les donn\u00e9es export\u00e9es en s\u00e9lectionnant des champs sp\u00e9cifiques ou des options de tri.<\/li>\n<li>Les fichiers Excel export\u00e9s peuvent \u00eatre ouverts et modifi\u00e9s avec tout logiciel de feuille de calcul standard tel que Microsoft Excel ou Google Sheets.<\/li>\n<li>\u00c9liminez la saisie manuelle des donn\u00e9es en automatisant le processus d&rsquo;exportation et en gagnant un temps pr\u00e9cieux.<\/li>\n<li>Gardez votre \u00e9quipe sur la m\u00eame longueur d&rsquo;onde avec des exportations automatis\u00e9es qui peuvent \u00eatre programm\u00e9es \u00e0 intervalles r\u00e9guliers.<\/li>\n<li>Am\u00e9liorez la pr\u00e9cision des donn\u00e9es en exportant directement \u00e0 partir des formulaires Ninja, en veillant \u00e0 ce que toutes les entr\u00e9es soient captur\u00e9es et prises en compte.<\/li>\n<li>La documentation compl\u00e8te et l&rsquo;\u00e9quipe de support d\u00e9di\u00e9e garantissent que vous pouvez tirer le meilleur parti de vos formulaires ninja Excel Export.<\/li>\n<\/ul>\n","protected":false},"excerpt":{"rendered":"<p>Ninja Forms Excel Export est un outil incroyablement efficace et gainant du temps qui vous accorde la possibilit\u00e9 d&rsquo;exporter de mani\u00e8re transparente et directement exportent toutes vos soumissions de formulaire dans une feuille de calcul Excel facilement accessible et compl\u00e8te. En utilisant seulement quelques clics simples, vous pouvez transf\u00e9rer sans effort et sans couture toutes vos pr\u00e9cieuses donn\u00e9es de votre compte Ninja Forms directement dans Excel, facilitant ainsi le processus d&rsquo;analyse, d&rsquo;organisation et de partage de vos informations cruciales. Ce module compl\u00e9mentaire d&rsquo;exportation exceptionnel a \u00e9t\u00e9 con\u00e7u et con\u00e7u de mani\u00e8re experte dans l&rsquo;intention d&rsquo;optimiser et de rationaliser consid\u00e9rablement vos proc\u00e9dures complexes de gestion des donn\u00e9es. En cons\u00e9quence, vous serez accord\u00e9 avec une abondance de temps suppl\u00e9mentaire pour consacrer \u00e0 la culture de la croissance et de la prosp\u00e9rit\u00e9 de votre entreprise estim\u00e9e. Ind\u00e9pendamment de l&rsquo;\u00e9chelle ou de l&rsquo;ampleur de votre entreprise, que vous soyez le propri\u00e9taire d&rsquo;une startup diminutive ou du cerveau derri\u00e8re un conglom\u00e9rat d&rsquo;entreprise colossal, il est clair sans \u00e9quivoque que les formes ninja excelvent l&rsquo;exportation et am\u00e9liorer l&rsquo;efficacit\u00e9 de leurs t\u00e2ches complexes de gestion des donn\u00e9es.<\/p>\n","protected":false},"featured_media":144770,"comment_status":"open","ping_status":"open","template":"","meta":[],"product_brand":[2605],"product_cat":[1189,1181,1186],"product_tag":[1313],"class_list":{"0":"post-118517","1":"product","2":"type-product","3":"status-publish","4":"has-post-thumbnail","6":"product_brand-ninja-forms","7":"product_cat-personnalisation","8":"product_cat-plugins","9":"product_cat-wordpress-plugins","10":"product_tag-ninja-forms","11":"member-discount","12":"discount-restricted","14":"first","15":"instock","16":"sale","17":"downloadable","18":"virtual","19":"sold-individually","20":"purchasable","21":"product-type-simple"},"_links":{"self":[{"href":"https:\/\/gpl-love.com\/fr\/wp-json\/wp\/v2\/product\/118517","targetHints":{"allow":["GET"]}}],"collection":[{"href":"https:\/\/gpl-love.com\/fr\/wp-json\/wp\/v2\/product"}],"about":[{"href":"https:\/\/gpl-love.com\/fr\/wp-json\/wp\/v2\/types\/product"}],"replies":[{"embeddable":true,"href":"https:\/\/gpl-love.com\/fr\/wp-json\/wp\/v2\/comments?post=118517"}],"wp:featuredmedia":[{"embeddable":true,"href":"https:\/\/gpl-love.com\/fr\/wp-json\/wp\/v2\/media\/144770"}],"wp:attachment":[{"href":"https:\/\/gpl-love.com\/fr\/wp-json\/wp\/v2\/media?parent=118517"}],"wp:term":[{"taxonomy":"product_brand","embeddable":true,"href":"https:\/\/gpl-love.com\/fr\/wp-json\/wp\/v2\/product_brand?post=118517"},{"taxonomy":"product_cat","embeddable":true,"href":"https:\/\/gpl-love.com\/fr\/wp-json\/wp\/v2\/product_cat?post=118517"},{"taxonomy":"product_tag","embeddable":true,"href":"https:\/\/gpl-love.com\/fr\/wp-json\/wp\/v2\/product_tag?post=118517"}],"curies":[{"name":"wp","href":"https:\/\/api.w.org\/{rel}","templated":true}]}}