{"id":118515,"date":"2026-03-08T00:00:00","date_gmt":"2026-03-07T23:00:00","guid":{"rendered":"https:\/\/gpl-love.com\/fr\/produit\/ninja-forms-emma\/"},"modified":"2026-04-10T18:34:10","modified_gmt":"2026-04-10T16:34:10","slug":"ninja-forms-emma","status":"publish","type":"product","link":"https:\/\/gpl-love.com\/fr\/produit\/ninja-forms-emma\/","title":{"rendered":"Ninja Forms Emma 3.0.5"},"content":{"rendered":"<h3>Ninja Forms Emma Traits<\/h3>\n<p>Les formulaires Ninja Emma sert d&rsquo;outil robuste explicitement con\u00e7u pour rationaliser et faciliter le processus d&rsquo;int\u00e9gration de mani\u00e8re transparente les formulaires sur votre site Web avec Emma, \u200b\u200bune plate-forme de marketing par e-mail tr\u00e8s appr\u00e9ci\u00e9e qui se classe parmi les meilleures de l&rsquo;industrie. En tirant parti des capacit\u00e9s des formulaires Ninja Emma, \u200b\u200bvous pouvez g\u00e9n\u00e9rer sans effort des formulaires personnalis\u00e9s pour les personnes visitant votre site Web, leur accordant la possibilit\u00e9 de fournir des r\u00e9ponses qui seront automatiquement synchronis\u00e9es avec votre compte Emma. Cette int\u00e9gration transparente vous permet de forger des campagnes de marketing par e-mail percutantes en capitalisant sur les donn\u00e9es que vous amassiez, tout en se d\u00e9lectant de l&rsquo;automatisation de l&rsquo;ensemble du processus. Fournir une interface qui est \u00e0 la fois conviviale et accessible, une configuration qui est rafra\u00eechissante et simple et une pl\u00e9thore d&rsquo;options de personnalisation qui vous offrent la possibilit\u00e9 d&rsquo;adapter vos formulaires \u00e0 un tee-shirt, les formulaires ninja Emma garantit que vos formulaires s&rsquo;alignent id\u00e9alement avec votre unique exigences. Que votre objectif soit de g\u00e9n\u00e9rer des prospects qui propulsent votre entreprise vers l&rsquo;avant ou de mener des enqu\u00eates qui glanent des id\u00e9es pr\u00e9cieuses de votre public, Ninja Forms Emma est pr\u00eate \u00e0 vous fournir une solution efficace et efficiente qui garantit la r\u00e9alisation de vos objectifs.<\/p>\n<ul>\n<li>Int\u00e9gration transparente entre les formulaires Ninja et la plateforme de marketing par e-mail Emma<\/li>\n<li>Ajouter facilement de nouveaux contacts \u00e0 Emma directement \u00e0 partir des formulaires Ninja<\/li>\n<li>Synchronisation automatique des soumissions de formulaires avec les listes de contacts EMMA<\/li>\n<li>Formulaires d&rsquo;opt-in personnalisables pour d\u00e9velopper des listes de diffusion<\/li>\n<li>Capacit\u00e9 \u00e0 configurer des suivis et d\u00e9clencheurs automatique des e-mails en fonction des soumissions de formulaires<\/li>\n<li>Reportage complet et analyse sur les campagnes de newsletter<\/li>\n<li>Options de segmentation robustes pour adapter les campagnes par e-mail \u00e0 un public sp\u00e9cifique<\/li>\n<li>Interface glisser-d\u00e9poser conviviale pour la conception de campagnes de messagerie<\/li>\n<li>Mod\u00e8les de messagerie sensibles aux mobiles pour assurer un affichage optimal sur tous les appareils<\/li>\n<li>Advanced Email Automation Workflows pour gagner du temps et rationaliser les efforts de marketing.<\/li>\n<\/ul>\n","protected":false},"excerpt":{"rendered":"<p>Ninja Formes Emma, \u200b\u200bun constructeur de formulaires avanc\u00e9, offre une exp\u00e9rience transparente dans la conception et la personnalisation des formes complexes sans effort. Emma est \u00e9quip\u00e9e d&rsquo;une pl\u00e9thore de fonctionnalit\u00e9s telles que la possibilit\u00e9 de cr\u00e9er des formes de plusieurs pages, d&rsquo;impl\u00e9menter la logique conditionnelle et d&rsquo;effectuer des calculs. Son \u00e9diteur de glisser-d\u00e9poser et de chute convivial vous permet d&rsquo;ajouter, de supprimer et de r\u00e9organiser les champs de formulaire en fonction de vos besoins sp\u00e9cifiques. En outre, Emma s&rsquo;int\u00e8gre de mani\u00e8re transparente au service de marketing par e-mail Emma, \u200b\u200bvous permettant d&rsquo;envoyer sans effort des e-mails automatis\u00e9s, des newsletters et des campagnes cibl\u00e9es \u00e0 vos clients estim\u00e9s. En utilisant des formes Ninja Emma, \u200b\u200bvous gagnez le pouvoir de cr\u00e9er des formes captivantes et interactives qui ont le potentiel de stimuler les conversions et de propulser la croissance de votre entreprise estim\u00e9e.<\/p>\n","protected":false},"featured_media":144769,"comment_status":"open","ping_status":"open","template":"","meta":[],"product_brand":[2605],"product_cat":[1189,1181,1186],"product_tag":[1313],"class_list":{"0":"post-118515","1":"product","2":"type-product","3":"status-publish","4":"has-post-thumbnail","6":"product_brand-ninja-forms","7":"product_cat-personnalisation","8":"product_cat-plugins","9":"product_cat-wordpress-plugins","10":"product_tag-ninja-forms","11":"member-discount","12":"discount-restricted","14":"first","15":"instock","16":"sale","17":"downloadable","18":"virtual","19":"sold-individually","20":"purchasable","21":"product-type-simple"},"_links":{"self":[{"href":"https:\/\/gpl-love.com\/fr\/wp-json\/wp\/v2\/product\/118515","targetHints":{"allow":["GET"]}}],"collection":[{"href":"https:\/\/gpl-love.com\/fr\/wp-json\/wp\/v2\/product"}],"about":[{"href":"https:\/\/gpl-love.com\/fr\/wp-json\/wp\/v2\/types\/product"}],"replies":[{"embeddable":true,"href":"https:\/\/gpl-love.com\/fr\/wp-json\/wp\/v2\/comments?post=118515"}],"wp:featuredmedia":[{"embeddable":true,"href":"https:\/\/gpl-love.com\/fr\/wp-json\/wp\/v2\/media\/144769"}],"wp:attachment":[{"href":"https:\/\/gpl-love.com\/fr\/wp-json\/wp\/v2\/media?parent=118515"}],"wp:term":[{"taxonomy":"product_brand","embeddable":true,"href":"https:\/\/gpl-love.com\/fr\/wp-json\/wp\/v2\/product_brand?post=118515"},{"taxonomy":"product_cat","embeddable":true,"href":"https:\/\/gpl-love.com\/fr\/wp-json\/wp\/v2\/product_cat?post=118515"},{"taxonomy":"product_tag","embeddable":true,"href":"https:\/\/gpl-love.com\/fr\/wp-json\/wp\/v2\/product_tag?post=118515"}],"curies":[{"name":"wp","href":"https:\/\/api.w.org\/{rel}","templated":true}]}}