{"id":118513,"date":"2026-02-24T00:00:00","date_gmt":"2026-02-23T23:00:00","guid":{"rendered":"https:\/\/gpl-love.com\/fr\/produit\/ninja-forms-emailoctopus\/"},"modified":"2026-04-10T18:34:09","modified_gmt":"2026-04-10T16:34:09","slug":"ninja-forms-emailoctopus","status":"publish","type":"product","link":"https:\/\/gpl-love.com\/fr\/produit\/ninja-forms-emailoctopus\/","title":{"rendered":"Ninja Forms EmailOctopus 3.0.3"},"content":{"rendered":"<h3>Ninja Forms EmailOctopus Traits<\/h3>\n<p>L&rsquo;int\u00e9gration entre les formulaires Ninja et le courrieloctopus est un outil exceptionnellement robuste et puissant qui comble de mani\u00e8re transparente l&rsquo;\u00e9cart entre ces deux plates-formes. Il permet aux utilisateurs de g\u00e9rer et d&rsquo;automatiser sans effort leurs campagnes d&rsquo;e-mail, de cr\u00e9er de vastes listes d&rsquo;abonn\u00e9s et de surveiller \u00e9troitement les performances de leurs e-mails, le tout dans l&rsquo;interface Ninja Forms intuitive et conviviale. En offrant la flexibilit\u00e9 de personnaliser \u00e0 la fois les formulaires et les e-mails, cette int\u00e9gration permet la cr\u00e9ation de campagnes uniques et captivantes qui s&rsquo;alignent parfaitement avec la marque et la messagerie de l&rsquo;utilisateur. De plus, l&rsquo;inclusion de workflows automatis\u00e9s rationalise davantage le processus de livraison de messages cibl\u00e9s aux abonn\u00e9s, lib\u00e9rant du temps et des ressources pr\u00e9cieux qui peuvent \u00eatre redirig\u00e9es vers la croissance et l&rsquo;expansion des activit\u00e9s de l&rsquo;utilisateur. Peu importe que l&rsquo;on s&rsquo;identifie comme un sp\u00e9cialiste du marketing, un blogueur ou un propri\u00e9taire d&rsquo;entreprise, l&rsquo;int\u00e9gration Ninja Forms E-Emailoctopus est un atout indispensable qui rend le marketing par e-mail une entreprise sans tracas et tr\u00e8s efficace.<\/p>\n<ul>\n<li>-Efformement int\u00e9grer vos efforts de marketing par e-mail \u00e0 votre site Web<\/li>\n<li>-Un besoin d&rsquo;exportation manuelle et d&rsquo;importation de listes de diffusion<\/li>\n<li>-Automatiquement ajouter de nouvelles soumissions de formulaires \u00e0 votre liste de diffusion e-mail<\/li>\n<li>-Ption pour personnaliser les mod\u00e8les de messagerie pour une personnalisation suppl\u00e9mentaire<\/li>\n<li>-Save Temps et rationalisez votre strat\u00e9gie marketing<\/li>\n<li>-Cond\u00e9rations avanc\u00e9es telles que les champs personnalis\u00e9s et la logique conditionnelle disponible pour un ciblage am\u00e9lior\u00e9<\/li>\n<li>-Les conception r\u00e9active garantissent que vos formulaires ont fi\u00e8re allure sur n&rsquo;importe quel appareil<\/li>\n<li>-Les interface utilisateur minimise la courbe d&rsquo;apprentissage pour les d\u00e9butants<\/li>\n<li>-Ent\u00e9 int\u00e9gration avec toute les formulaires ninja pour une installation et une utilisation faciles<\/li>\n<li>-Ausistance et documentation professionnelle disponibles pour le d\u00e9pannage et l&rsquo;assistance.<\/li>\n<\/ul>\n","protected":false},"excerpt":{"rendered":"<p>Les formulaires Ninja Emailoctopus sont une int\u00e9gration incroyablement robuste qui offre une connexion transparente entre vos formulaires Ninja et la plate-forme de marketing par e-mail E-EmailOctopus, vous permettant de consolider sans effort vos efforts. En utilisant cette int\u00e9gration, vous avez la capacit\u00e9 non seulement d&rsquo;amasser des pistes et d&rsquo;obtenir des commentaires pr\u00e9cieux, mais aussi d&rsquo;accepter les paiements directement via vos formulaires. En plus de cela, tous ces contacts peuvent \u00eatre automatiquement canalis\u00e9s et ajout\u00e9s \u00e0 vos listes d&rsquo;e-mailoctopus, en vous assurant que vos campagnes par e-mail restent syst\u00e9matiquement actuelles et cibl\u00e9es avec pr\u00e9cision vers le public appropri\u00e9. Gr\u00e2ce \u00e0 la commodit\u00e9 in\u00e9gal\u00e9e offerte par les formulaires Ninja e-mail, la gestion de vos formulaires et la mise en \u0153uvre de vos initiatives de marketing par e-mail n&rsquo;ont jamais \u00e9t\u00e9 plus rationalis\u00e9es et simples.<\/p>\n","protected":false},"featured_media":144768,"comment_status":"open","ping_status":"open","template":"","meta":[],"product_brand":[2605],"product_cat":[1207,1181,1186],"product_tag":[1313],"class_list":{"0":"post-118513","1":"product","2":"type-product","3":"status-publish","4":"has-post-thumbnail","6":"product_brand-ninja-forms","7":"product_cat-commercialisation-wordpress-plugins","8":"product_cat-plugins","9":"product_cat-wordpress-plugins","10":"product_tag-ninja-forms","11":"member-discount","12":"discount-restricted","14":"first","15":"instock","16":"sale","17":"downloadable","18":"virtual","19":"sold-individually","20":"purchasable","21":"product-type-simple"},"_links":{"self":[{"href":"https:\/\/gpl-love.com\/fr\/wp-json\/wp\/v2\/product\/118513","targetHints":{"allow":["GET"]}}],"collection":[{"href":"https:\/\/gpl-love.com\/fr\/wp-json\/wp\/v2\/product"}],"about":[{"href":"https:\/\/gpl-love.com\/fr\/wp-json\/wp\/v2\/types\/product"}],"replies":[{"embeddable":true,"href":"https:\/\/gpl-love.com\/fr\/wp-json\/wp\/v2\/comments?post=118513"}],"wp:featuredmedia":[{"embeddable":true,"href":"https:\/\/gpl-love.com\/fr\/wp-json\/wp\/v2\/media\/144768"}],"wp:attachment":[{"href":"https:\/\/gpl-love.com\/fr\/wp-json\/wp\/v2\/media?parent=118513"}],"wp:term":[{"taxonomy":"product_brand","embeddable":true,"href":"https:\/\/gpl-love.com\/fr\/wp-json\/wp\/v2\/product_brand?post=118513"},{"taxonomy":"product_cat","embeddable":true,"href":"https:\/\/gpl-love.com\/fr\/wp-json\/wp\/v2\/product_cat?post=118513"},{"taxonomy":"product_tag","embeddable":true,"href":"https:\/\/gpl-love.com\/fr\/wp-json\/wp\/v2\/product_tag?post=118513"}],"curies":[{"name":"wp","href":"https:\/\/api.w.org\/{rel}","templated":true}]}}