{"id":118511,"date":"2023-02-14T00:00:00","date_gmt":"2023-02-13T23:00:00","guid":{"rendered":"https:\/\/gpl-love.com\/fr\/produit\/ninja-forms-elavon\/"},"modified":"2026-04-10T18:34:08","modified_gmt":"2026-04-10T16:34:08","slug":"ninja-forms-elavon","status":"publish","type":"product","link":"https:\/\/gpl-love.com\/fr\/produit\/ninja-forms-elavon\/","title":{"rendered":"Ninja Forms Elavon 3.1.2"},"content":{"rendered":"<h3>Ninja Forms Elavon Traits<\/h3>\n<p>Ninja Forms Elavon, un plugin tr\u00e8s robuste pour WordPress, sert d&rsquo;outil d&rsquo;int\u00e9gration de passerelle de paiement exceptionnel, permettant aux utilisateurs d&rsquo;accepter les paiements par carte de cr\u00e9dit en toute s\u00e9curit\u00e9 et en toute transparence sur leurs sites Web. L&rsquo;int\u00e9gration de ce plugin avec des formulaires Ninja offre aux utilisateurs la commodit\u00e9 de concevoir sans effort des formulaires de paiement personnalis\u00e9s et de collecter sans effort les paiements aupr\u00e8s de leurs clients estim\u00e9s. En confiant Elavon en tant que processeur de paiement, les utilisateurs peuvent s&rsquo;appuyer en toute confiance sur la plus grande s\u00e9curit\u00e9 et la fiabilit\u00e9 de leurs transactions. De plus, le plugin implique des fonctionnalit\u00e9s compl\u00e8tes de rapports et d&rsquo;analyses, permettant aux entreprises de surveiller efficacement les paiements et de g\u00e9rer les transactions. En r\u00e9sum\u00e9, Ninja Forms Elavon appara\u00eet comme une solution de traitement de paiement incroyablement fiable et efficace, r\u00e9pondant aux besoins des entreprises cherchant \u00e0 optimiser leurs proc\u00e9dures de paiement en ligne.<\/p>\n<ul>\n<li>Permet aux utilisateurs d&rsquo;int\u00e9grer facilement leurs formulaires Ninja avec la passerelle de paiement Elavon<\/li>\n<li>Offre une solution de traitement de paiement s\u00e9curis\u00e9e et fiable pour les transactions en ligne<\/li>\n<li>Fournit aux utilisateurs la possibilit\u00e9 de personnaliser leur processus de paiement pour s&rsquo;adapter \u00e0 leur marque<\/li>\n<li>Prend en charge plusieurs devises et types de paiement, y compris les cartes de cr\u00e9dit et les paiements ACh<\/li>\n<li>Permet aux utilisateurs de suivre et de g\u00e9rer les transactions via leurs formulaires Ninja<\/li>\n<li>Offre des prix transparents sans frais cach\u00e9s ni engagements \u00e0 long terme<\/li>\n<li>Fournit un support et des ressources d\u00e9di\u00e9s pour aider les utilisateurs \u00e0 tirer le meilleur parti de leur int\u00e9gration.<\/li>\n<\/ul>\n","protected":false},"excerpt":{"rendered":"<p>Ninja Forms Elavon, un addon d&rsquo;int\u00e9gration de paiement exceptionnel con\u00e7u sp\u00e9cifiquement pour le plugin de formulaire WordPress largement utilis\u00e9, les formulaires Ninja, appara\u00eet comme un outil formidable. En incorporant cet addon remarquable, les utilisateurs peuvent assommer sans effort le traitement des paiements s\u00e9curis\u00e9s avec Elavon, un premier fournisseur de passerelles de paiement. Cette int\u00e9gration r\u00e9volutionnaire permet aux individus de rassembler facilement les paiements directement dans leurs formulaires Ninja, \u00e9liminant ainsi la n\u00e9cessit\u00e9 de rediriger les clients vers des sites Web externes. Remarquablement, cet addon offre une pl\u00e9thore de champs et d&rsquo;options personnalisables, permettant aux utilisateurs de construire des formulaires de paiement sophistiqu\u00e9s qui sont non seulement imprenables mais \u00e9galement remarquablement conviviaux. Le choix de ne pas installer les formulaires Ninja Elavon peut potentiellement entra\u00eener des opportunit\u00e9s de vente manqu\u00e9es en raison de la pr\u00e9sence d&rsquo;un processus de paiement alambiqu\u00e9. Par cons\u00e9quent, nous vous recommandons fortement d&rsquo;acqu\u00e9rir et d&rsquo;installer des formulaires Ninja Elavon aujourd&rsquo;hui pour optimiser et acc\u00e9l\u00e9rer votre processus de paiement.<\/p>\n","protected":false},"featured_media":144767,"comment_status":"open","ping_status":"open","template":"","meta":[],"product_brand":[2605],"product_cat":[1207,1181,1186],"product_tag":[1313],"class_list":{"0":"post-118511","1":"product","2":"type-product","3":"status-publish","4":"has-post-thumbnail","6":"product_brand-ninja-forms","7":"product_cat-commercialisation-wordpress-plugins","8":"product_cat-plugins","9":"product_cat-wordpress-plugins","10":"product_tag-ninja-forms","11":"member-discount","12":"discount-restricted","14":"first","15":"instock","16":"sale","17":"downloadable","18":"virtual","19":"sold-individually","20":"purchasable","21":"product-type-simple"},"_links":{"self":[{"href":"https:\/\/gpl-love.com\/fr\/wp-json\/wp\/v2\/product\/118511","targetHints":{"allow":["GET"]}}],"collection":[{"href":"https:\/\/gpl-love.com\/fr\/wp-json\/wp\/v2\/product"}],"about":[{"href":"https:\/\/gpl-love.com\/fr\/wp-json\/wp\/v2\/types\/product"}],"replies":[{"embeddable":true,"href":"https:\/\/gpl-love.com\/fr\/wp-json\/wp\/v2\/comments?post=118511"}],"wp:featuredmedia":[{"embeddable":true,"href":"https:\/\/gpl-love.com\/fr\/wp-json\/wp\/v2\/media\/144767"}],"wp:attachment":[{"href":"https:\/\/gpl-love.com\/fr\/wp-json\/wp\/v2\/media?parent=118511"}],"wp:term":[{"taxonomy":"product_brand","embeddable":true,"href":"https:\/\/gpl-love.com\/fr\/wp-json\/wp\/v2\/product_brand?post=118511"},{"taxonomy":"product_cat","embeddable":true,"href":"https:\/\/gpl-love.com\/fr\/wp-json\/wp\/v2\/product_cat?post=118511"},{"taxonomy":"product_tag","embeddable":true,"href":"https:\/\/gpl-love.com\/fr\/wp-json\/wp\/v2\/product_tag?post=118511"}],"curies":[{"name":"wp","href":"https:\/\/api.w.org\/{rel}","templated":true}]}}