{"id":118509,"date":"2026-03-25T00:00:00","date_gmt":"2026-03-24T23:00:00","guid":{"rendered":"https:\/\/gpl-love.com\/fr\/produit\/ninja-forms-conditional-logic\/"},"modified":"2026-04-10T18:34:06","modified_gmt":"2026-04-10T16:34:06","slug":"ninja-forms-conditional-logic","status":"publish","type":"product","link":"https:\/\/gpl-love.com\/fr\/produit\/ninja-forms-conditional-logic\/","title":{"rendered":"Ninja Forms Conditional Logic 3.1.3"},"content":{"rendered":"<h3>Ninja Forms Conditional Logic Traits<\/h3>\n<p>Les formes Ninja La logique conditionnelle est un outil extr\u00eamement puissant qui vous accorde la capacit\u00e9 de construire sans effort des formes dynamiques et hautement personnalisables. Ce plugin remarquable vous permet de montrer ou de cacher des champs de formulaire subalter \u00e0 l&rsquo;entr\u00e9e fournie par l&rsquo;utilisateur, facilitant ainsi la cr\u00e9ation d&rsquo;exp\u00e9riences utilisateur personnalis\u00e9es. Gr\u00e2ce \u00e0 son interface conviviale et \u00e0 son vaste tableau d&rsquo;options de personnalisation, vous poss\u00e9dez les moyens de configurer sans effort des r\u00e8gles et conditions, atteignant ainsi le r\u00e9sultat souhait\u00e9. Que votre intention soit de forger des formulaires en plusieurs \u00e9tapes, de modifier la disposition du formulaire en fonction de l&rsquo;entr\u00e9e de l&rsquo;utilisateur ou de fabriquer des flux de travail complexes, la logique conditionnelle des formulaires Ninja constitue la solution par excellence. Incarnant une nature centr\u00e9e sur l&rsquo;utilisateur, ce plugin affiche une flexibilit\u00e9 et une compatibilit\u00e9 remarquables avec un vaste r\u00e9pertoire de th\u00e8mes et plugins WordPress. En exploitant la puissance des formes Ninja Logic conditionnelle, vous pouvez \u00e9lever vos formulaires \u00e0 des hauteurs sans pr\u00e9c\u00e9dent, accordant \u00e0 vos utilisateurs une exp\u00e9rience \u00e0 la fois captivante et intimement adapt\u00e9e \u00e0 leurs besoins et pr\u00e9f\u00e9rences uniques.<\/p>\n<ul>\n<li>Processus de construction de formulaire rationalis\u00e9<\/li>\n<li>Options de logique conditionnelle personnalisable<\/li>\n<li>Processus de soumission de formulaire simplifi\u00e9 pour les utilisateurs<\/li>\n<li>Possibilit\u00e9 d&rsquo;afficher \/ masquer certains champs de formulaire en fonction de la saisie utilisateur<\/li>\n<li>Exp\u00e9rience utilisateur am\u00e9lior\u00e9e et engagement<\/li>\n<li>Options de logique conditionnelle disponibles pour les versions gratuites et payantes des formulaires Ninja<\/li>\n<li>Am\u00e9lioration de la pr\u00e9cision et de la qualit\u00e9 des donn\u00e9es<\/li>\n<li>Efficacit\u00e9 accrue pour la gestion des donn\u00e9es et l&rsquo;organisation<\/li>\n<li>Capacit\u00e9 \u00e0 cr\u00e9er des formes complexes avec facilit\u00e9<\/li>\n<li>Int\u00e9gration avec les plateformes de marketing par e-mail populaires et le CRMS<\/li>\n<\/ul>\n","protected":false},"excerpt":{"rendered":"<p>Les formes Ninja La logique conditionnelle est un plugin incroyablement robuste qui a \u00e9t\u00e9 m\u00e9ticuleusement con\u00e7u dans le but d&rsquo;\u00e9lever l&rsquo;intelligence et l&rsquo;intuitivit\u00e9 de vos formes. Cet outil remarquable vous permet de concevoir des r\u00e8gles conditionnelles complexes pour vos formulaires, dictant ainsi que des champs ou sections sp\u00e9cifiques ne doivent manifester ou n\u00e9cessiter l&rsquo;ach\u00e8vement du contingent \u00e0 d&rsquo;autres entr\u00e9es ou s\u00e9lections d&rsquo;utilisateurs. En vertu de sa nature conviviale et de la mesure dans laquelle il peut \u00eatre personnalis\u00e9, vous pouvez affiner sans effort vos formulaires pour vous assurer qu&rsquo;ils sont non seulement plus rationalis\u00e9s et engageants, mais \u00e9galement extr\u00eamement sensibles aux exigences uniques de vos utilisateurs. Que vous ayez l&rsquo;intention de fa\u00e7onner un formulaire de contact relativement simple ou une enqu\u00eate plus \u00e9labor\u00e9e, les formes Ninja La logique conditionnelle regorge de toutes les ressources indispensables qui ne peuvent pas faciliter la construction de formes qui fonctionnent avec une efficacit\u00e9 et une ing\u00e9niosit\u00e9 accrues.<\/p>\n","protected":false},"featured_media":144764,"comment_status":"open","ping_status":"open","template":"","meta":[],"product_brand":[2605],"product_cat":[1207,1181,1186],"product_tag":[1313],"class_list":{"0":"post-118509","1":"product","2":"type-product","3":"status-publish","4":"has-post-thumbnail","6":"product_brand-ninja-forms","7":"product_cat-commercialisation-wordpress-plugins","8":"product_cat-plugins","9":"product_cat-wordpress-plugins","10":"product_tag-ninja-forms","11":"member-discount","12":"discount-restricted","14":"first","15":"instock","16":"sale","17":"downloadable","18":"virtual","19":"sold-individually","20":"purchasable","21":"product-type-simple"},"_links":{"self":[{"href":"https:\/\/gpl-love.com\/fr\/wp-json\/wp\/v2\/product\/118509","targetHints":{"allow":["GET"]}}],"collection":[{"href":"https:\/\/gpl-love.com\/fr\/wp-json\/wp\/v2\/product"}],"about":[{"href":"https:\/\/gpl-love.com\/fr\/wp-json\/wp\/v2\/types\/product"}],"replies":[{"embeddable":true,"href":"https:\/\/gpl-love.com\/fr\/wp-json\/wp\/v2\/comments?post=118509"}],"wp:featuredmedia":[{"embeddable":true,"href":"https:\/\/gpl-love.com\/fr\/wp-json\/wp\/v2\/media\/144764"}],"wp:attachment":[{"href":"https:\/\/gpl-love.com\/fr\/wp-json\/wp\/v2\/media?parent=118509"}],"wp:term":[{"taxonomy":"product_brand","embeddable":true,"href":"https:\/\/gpl-love.com\/fr\/wp-json\/wp\/v2\/product_brand?post=118509"},{"taxonomy":"product_cat","embeddable":true,"href":"https:\/\/gpl-love.com\/fr\/wp-json\/wp\/v2\/product_cat?post=118509"},{"taxonomy":"product_tag","embeddable":true,"href":"https:\/\/gpl-love.com\/fr\/wp-json\/wp\/v2\/product_tag?post=118509"}],"curies":[{"name":"wp","href":"https:\/\/api.w.org\/{rel}","templated":true}]}}