{"id":118507,"date":"2025-06-08T00:00:00","date_gmt":"2025-06-07T22:00:00","guid":{"rendered":"https:\/\/gpl-love.com\/fr\/produit\/ninja-forms-cleverreach\/"},"modified":"2026-04-10T18:34:04","modified_gmt":"2026-04-10T16:34:04","slug":"ninja-forms-cleverreach","status":"publish","type":"product","link":"https:\/\/gpl-love.com\/fr\/produit\/ninja-forms-cleverreach\/","title":{"rendered":"Ninja Forms CleverReach 3.1.8"},"content":{"rendered":"<h3>Ninja Forms CleverReach Traits<\/h3>\n<p>Ninja Formes Cleverreach sert d&rsquo;outil d&rsquo;int\u00e9gration extr\u00eamement puissant, permettant aux utilisateurs d&rsquo;\u00e9tablir sans effort un lien transparent entre leurs formulaires WordPress et leur compte de marketing par e-mail intelligent. Gr\u00e2ce \u00e0 cette int\u00e9gration, les utilisateurs peuvent automatiser le processus d&rsquo;ajouter de nouveaux abonn\u00e9s \u00e0 leurs listes intelligentes directement \u00e0 partir de leurs soumissions de formulaires Ninja, rendant la saisie de donn\u00e9es manuelle obsol\u00e8te. Par cons\u00e9quent, toutes les nouvelles perspectives sont effectivement captur\u00e9es et entretenues, annulant ainsi la possibilit\u00e9 de tout plomb glissant \u00e0 travers les mailles du filet. En outre, les utilisateurs ont la capacit\u00e9 de tirer parti de cette int\u00e9gration pour segmenter leurs listes de diffusion sur la base des r\u00e9ponses soumises via leurs formulaires, ouvrant ainsi la voie \u00e0 des campagnes plus pr\u00e9cis\u00e9ment cibl\u00e9es et personnalis\u00e9es. Dans son int\u00e9gralit\u00e9, Ninja Forms Cleverreach est un outil par excellence pour toute entreprise astucieuse qui d\u00e9sire rationaliser ses efforts de g\u00e9n\u00e9ration de leads et de marketing par e-mail.<\/p>\n<ul>\n<li>Int\u00e9gration entre les formulaires Ninja et Cleverreach pour le transfert de donn\u00e9es transparentes<\/li>\n<li>Possibilit\u00e9 d&rsquo;ajouter automatiquement des soumissions de formulaires aux listes de diffusion intelligentes<\/li>\n<li>Options d&rsquo;opt-in et d&rsquo;opt-out personnalisables pour les abonn\u00e9s<\/li>\n<li>Synchronisation en temps r\u00e9el pour s&rsquo;assurer que les donn\u00e9es d&rsquo;abonn\u00e9 sont toujours \u00e0 jour<\/li>\n<li>Options de segmentation avanc\u00e9es pour cibler des groupes d&rsquo;abonn\u00e9s sp\u00e9cifiques<\/li>\n<li>Suivi des performances et analyse pour \u00e9valuer le succ\u00e8s de la campagne par e-mail<\/li>\n<li>Interface conviviale pour une configuration et une gestion faciles des campagnes de messagerie<\/li>\n<li>Support fiable des formulaires Ninja et des \u00e9quipes intelligentes.<\/li>\n<\/ul>\n","protected":false},"excerpt":{"rendered":"<p>Les formulaires Ninja Cleverreach sont un plugin incroyablement robuste et tr\u00e8s efficace qui offre aux utilisateurs la capacit\u00e9 in\u00e9gal\u00e9e d&rsquo;int\u00e9grer de mani\u00e8re transparente et sans effort leurs formulaires Ninja avec Cleverreach, un logiciel de marketing par e-mail extr\u00eamement renomm\u00e9 et largement reconnu. En utilisant ce plugin exceptionnel, les individus peuvent synchroniser sans effort et sans effort leurs coordonn\u00e9es obtenues \u00e0 partir de formulaires Ninja avec Cleverreach et g\u00e9n\u00e9rer par la suite des campagnes de messagerie personnalis\u00e9es et sur mesure sp\u00e9cialement con\u00e7ues pour leurs pr\u00e9cieux abonn\u00e9s. Que son objectif ultime implique d&rsquo;augmenter leur liste de diffusion existante ou d&rsquo;am\u00e9liorer leur strat\u00e9gie de marketing par e-mail globale, Ninja Forms Inteverreach est nettement \u00e9quip\u00e9 pour aider efficacement les utilisateurs \u00e0 y parvenir avec pr\u00e9cision. N&rsquo;h\u00e9sitez plus &#8211; profitez de cette solution remarquable aujourd&rsquo;hui et plongez-vous dans le domaine incroyablement avantageux et fructueux de strat\u00e9gies de marketing par e-mail tr\u00e8s efficaces!<\/p>\n","protected":false},"featured_media":144762,"comment_status":"open","ping_status":"open","template":"","meta":[],"product_brand":[2605],"product_cat":[1207,1181,1186],"product_tag":[1313],"class_list":{"0":"post-118507","1":"product","2":"type-product","3":"status-publish","4":"has-post-thumbnail","6":"product_brand-ninja-forms","7":"product_cat-commercialisation-wordpress-plugins","8":"product_cat-plugins","9":"product_cat-wordpress-plugins","10":"product_tag-ninja-forms","11":"member-discount","12":"discount-restricted","14":"first","15":"instock","16":"sale","17":"downloadable","18":"virtual","19":"sold-individually","20":"purchasable","21":"product-type-simple"},"_links":{"self":[{"href":"https:\/\/gpl-love.com\/fr\/wp-json\/wp\/v2\/product\/118507","targetHints":{"allow":["GET"]}}],"collection":[{"href":"https:\/\/gpl-love.com\/fr\/wp-json\/wp\/v2\/product"}],"about":[{"href":"https:\/\/gpl-love.com\/fr\/wp-json\/wp\/v2\/types\/product"}],"replies":[{"embeddable":true,"href":"https:\/\/gpl-love.com\/fr\/wp-json\/wp\/v2\/comments?post=118507"}],"wp:featuredmedia":[{"embeddable":true,"href":"https:\/\/gpl-love.com\/fr\/wp-json\/wp\/v2\/media\/144762"}],"wp:attachment":[{"href":"https:\/\/gpl-love.com\/fr\/wp-json\/wp\/v2\/media?parent=118507"}],"wp:term":[{"taxonomy":"product_brand","embeddable":true,"href":"https:\/\/gpl-love.com\/fr\/wp-json\/wp\/v2\/product_brand?post=118507"},{"taxonomy":"product_cat","embeddable":true,"href":"https:\/\/gpl-love.com\/fr\/wp-json\/wp\/v2\/product_cat?post=118507"},{"taxonomy":"product_tag","embeddable":true,"href":"https:\/\/gpl-love.com\/fr\/wp-json\/wp\/v2\/product_tag?post=118507"}],"curies":[{"name":"wp","href":"https:\/\/api.w.org\/{rel}","templated":true}]}}