{"id":118505,"date":"2026-02-26T00:00:00","date_gmt":"2026-02-25T23:00:00","guid":{"rendered":"https:\/\/gpl-love.com\/fr\/produit\/ninja-forms-capsule-crm\/"},"modified":"2026-04-10T18:34:03","modified_gmt":"2026-04-10T16:34:03","slug":"ninja-forms-capsule-crm","status":"publish","type":"product","link":"https:\/\/gpl-love.com\/fr\/produit\/ninja-forms-capsule-crm\/","title":{"rendered":"Ninja Forms Capsule CRM 3.4.7"},"content":{"rendered":"<h3>Ninja Forms Capsule CRM Traits<\/h3>\n<p>L&rsquo;int\u00e9gration du syst\u00e8me Ninja Forms Capsule CRM est un outil incroyablement robuste et efficace qui a \u00e9t\u00e9 sp\u00e9cialement con\u00e7u pour rationaliser et am\u00e9liorer vos efforts de gestion de la relation client. Cette puissante int\u00e9gration s&rsquo;int\u00e8gre de mani\u00e8re transparente \u00e0 la plate-forme Ninja Forms, vous permettant de capturer et de g\u00e9rer efficacement toutes les informations client pertinentes, qui incluent, mais ne se limite certainement pas \u00e0 leurs coordonn\u00e9es, \u00e0 l&rsquo;historique des achats et \u00e0 de nombreux autres points de donn\u00e9es pertinents. En outre, cette int\u00e9gration ing\u00e9nieuse poss\u00e8de une interface incroyablement intuitive et conviviale, vous permettant de cr\u00e9er rapidement des formulaires hautement personnalis\u00e9s et enti\u00e8rement adapt\u00e9s, tout en automatisant des flux de travail essentiels et en surveillant et en suivant et suivi avec diligence chaque interaction avec votre client\u00e8le estim\u00e9. En plus de ces myriades de fonctionnalit\u00e9s, cette int\u00e9gration remarquable fournit une solution tout compris et de grande envergure qui est absolument id\u00e9ale pour toute entreprise, quelle que soit la taille ou la stature, qui d\u00e9sire optimiser de mani\u00e8re approfondie leurs processus de vente, am\u00e9liorer consid\u00e9rablement l&rsquo;engagement des clients et significativement \u00e9lever leurs niveaux globaux de productivit\u00e9. Par cons\u00e9quent, que vous soyez une start-up \u00e0 petite \u00e9chelle ou une soci\u00e9t\u00e9 de pointe et de renomm\u00e9e mondiale, l&rsquo;int\u00e9gration Ninja Forms Capsule CRM est sans aucun doute un outil absolument indispensable qui vous permettra de g\u00e9rer comp\u00e9tentement et de cultiver avec comp\u00e9tence avec vos relations avec la client\u00e8le avec vos relations avec la client\u00e8le avec Efficacit\u00e9 et succ\u00e8s sans pr\u00e9c\u00e9dent.<\/p>\n<ul>\n<li>Int\u00e9gration transparente entre les formes Ninja et Capsule CRM<\/li>\n<li>Cr\u00e9er automatiquement des contacts ou des fils dans Capsule CRM \u00e0 partir des soumissions de formulaires<\/li>\n<li>Map Form Fields Aux champs correspondants dans Capsule CRM<\/li>\n<li>Personnaliser les param\u00e8tres pour ajouter des balises ou affecter les propri\u00e9taires \u00e0 de nouveaux contacts ou prospects<\/li>\n<li>Synchroniser les mises \u00e0 jour des donn\u00e9es entre les formulaires Ninja et Capsule CRM en temps r\u00e9el<\/li>\n<li>Am\u00e9liorer la g\u00e9n\u00e9ration de leads et rationaliser la gestion des donn\u00e9es CRM<\/li>\n<li>Aucune comp\u00e9tence de codage requise, configuration et installation faciles<\/li>\n<li>Assistance client accessible pour le d\u00e9pannage et l&rsquo;assistance<\/li>\n<\/ul>\n","protected":false},"excerpt":{"rendered":"<p>Le Ninja Forms Capsule CRM est un instrument exceptionnellement formidable qui rationalise et optimise efficacement la gestion de vos relations clients. Cet outil remarquable int\u00e8gre de mani\u00e8re transparente le syst\u00e8me d&rsquo;entr\u00e9e des formulaires Ninja avec la gestion de sortie de Capsule CRM. Par cons\u00e9quent, cette int\u00e9gration harmonieuse vous permet d&rsquo;amasser sans effort les donn\u00e9es client pertinentes directement \u00e0 partir de votre site Web et de g\u00e9n\u00e9rer rapidement de nouveaux contacts, prospects, opportunit\u00e9s et cas dans les limites de votre compte CRM de capsule. En vertu des capacit\u00e9s remarquables que le Ninja forme Capsule CRM offre, vous \u00eates \u00e9quip\u00e9 pour superviser et r\u00e9guler efficacement les interactions de votre client, am\u00e9liorer la progression de votre pipeline de vente et, finalement, propulser le triomphe global et la prosp\u00e9rit\u00e9 de votre entreprise.<\/p>\n","protected":false},"featured_media":144761,"comment_status":"open","ping_status":"open","template":"","meta":[],"product_brand":[2605],"product_cat":[1207,1181,1186],"product_tag":[1313],"class_list":{"0":"post-118505","1":"product","2":"type-product","3":"status-publish","4":"has-post-thumbnail","6":"product_brand-ninja-forms","7":"product_cat-commercialisation-wordpress-plugins","8":"product_cat-plugins","9":"product_cat-wordpress-plugins","10":"product_tag-ninja-forms","11":"member-discount","12":"discount-restricted","14":"first","15":"instock","16":"sale","17":"downloadable","18":"virtual","19":"sold-individually","20":"purchasable","21":"product-type-simple"},"_links":{"self":[{"href":"https:\/\/gpl-love.com\/fr\/wp-json\/wp\/v2\/product\/118505","targetHints":{"allow":["GET"]}}],"collection":[{"href":"https:\/\/gpl-love.com\/fr\/wp-json\/wp\/v2\/product"}],"about":[{"href":"https:\/\/gpl-love.com\/fr\/wp-json\/wp\/v2\/types\/product"}],"replies":[{"embeddable":true,"href":"https:\/\/gpl-love.com\/fr\/wp-json\/wp\/v2\/comments?post=118505"}],"wp:featuredmedia":[{"embeddable":true,"href":"https:\/\/gpl-love.com\/fr\/wp-json\/wp\/v2\/media\/144761"}],"wp:attachment":[{"href":"https:\/\/gpl-love.com\/fr\/wp-json\/wp\/v2\/media?parent=118505"}],"wp:term":[{"taxonomy":"product_brand","embeddable":true,"href":"https:\/\/gpl-love.com\/fr\/wp-json\/wp\/v2\/product_brand?post=118505"},{"taxonomy":"product_cat","embeddable":true,"href":"https:\/\/gpl-love.com\/fr\/wp-json\/wp\/v2\/product_cat?post=118505"},{"taxonomy":"product_tag","embeddable":true,"href":"https:\/\/gpl-love.com\/fr\/wp-json\/wp\/v2\/product_tag?post=118505"}],"curies":[{"name":"wp","href":"https:\/\/api.w.org\/{rel}","templated":true}]}}